{"id":543,"date":"2023-10-10T22:19:23","date_gmt":"2023-10-11T03:19:23","guid":{"rendered":"https:\/\/camlibro.com.co\/festivallij\/?page_id=543"},"modified":"2023-10-11T20:38:54","modified_gmt":"2023-10-12T01:38:54","slug":"homenaje2023","status":"publish","type":"page","link":"https:\/\/camlibro.com.co\/festivallij\/homenaje2023\/","title":{"rendered":"Homenaje 2023"},"content":{"rendered":"\t\t<div data-elementor-type=\"wp-page\" data-elementor-id=\"543\" class=\"elementor elementor-543\">\n\t\t\t\t<div class=\"elementor-element elementor-element-6255620 e-flex e-con-boxed e-con e-parent\" data-id=\"6255620\" data-element_type=\"container\" data-settings=\"{&quot;background_background&quot;:&quot;classic&quot;}\">\n\t\t\t\t\t<div class=\"e-con-inner\">\n\t\t<div class=\"elementor-element elementor-element-d18871d e-con-full e-flex e-con e-child\" data-id=\"d18871d\" data-element_type=\"container\">\n\t\t\t\t<\/div>\n\t\t<div class=\"elementor-element elementor-element-cf5c884 e-con-full e-flex e-con e-child\" data-id=\"cf5c884\" data-element_type=\"container\">\n\t\t\t\t<div class=\"elementor-element elementor-element-fa64a3a elementor-widget__width-initial elementor-invisible elementor-widget elementor-widget-image\" data-id=\"fa64a3a\" data-element_type=\"widget\" data-settings=\"{&quot;_animation&quot;:&quot;fadeInUp&quot;}\" data-widget_type=\"image.default\">\n\t\t\t\t<div class=\"elementor-widget-container\">\n\t\t\t\t\t\t\t\t\t\t\t\t\t<img fetchpriority=\"high\" decoding=\"async\" width=\"768\" height=\"262\" src=\"https:\/\/camlibro.com.co\/festivallij\/wp-content\/uploads\/2023\/10\/tituloFestival_3lineas2-768x262.png\" class=\"attachment-medium_large size-medium_large wp-image-353\" alt=\"\" srcset=\"https:\/\/camlibro.com.co\/festivallij\/wp-content\/uploads\/2023\/10\/tituloFestival_3lineas2-768x262.png 768w, https:\/\/camlibro.com.co\/festivallij\/wp-content\/uploads\/2023\/10\/tituloFestival_3lineas2-300x102.png 300w, https:\/\/camlibro.com.co\/festivallij\/wp-content\/uploads\/2023\/10\/tituloFestival_3lineas2-1024x349.png 1024w, https:\/\/camlibro.com.co\/festivallij\/wp-content\/uploads\/2023\/10\/tituloFestival_3lineas2.png 1200w\" sizes=\"(max-width: 768px) 100vw, 768px\" \/>\t\t\t\t\t\t\t\t\t\t\t\t\t<\/div>\n\t\t\t\t<\/div>\n\t\t\t\t<\/div>\n\t\t<div class=\"elementor-element elementor-element-cb1933f e-con-full e-flex e-con e-child\" data-id=\"cb1933f\" data-element_type=\"container\">\n\t\t\t\t<\/div>\n\t\t\t\t\t<\/div>\n\t\t\t\t<\/div>\n\t\t<div class=\"elementor-element elementor-element-c5e8614 e-flex e-con-boxed e-con e-parent\" data-id=\"c5e8614\" data-element_type=\"container\" data-settings=\"{&quot;background_background&quot;:&quot;classic&quot;,&quot;shape_divider_bottom&quot;:&quot;wave-brush&quot;}\">\n\t\t\t\t\t<div class=\"e-con-inner\">\n\t\t\t\t<div class=\"elementor-shape elementor-shape-bottom\" data-negative=\"false\">\n\t\t\t<svg xmlns=\"http:\/\/www.w3.org\/2000\/svg\" viewBox=\"0 0 283.5 27.8\" preserveAspectRatio=\"none\">\n\t<path class=\"elementor-shape-fill\" d=\"M283.5,9.7c0,0-7.3,4.3-14,4.6c-6.8,0.3-12.6,0-20.9-1.5c-11.3-2-33.1-10.1-44.7-5.7\ts-12.1,4.6-18,7.4c-6.6,3.2-20,9.6-36.6,9.3C131.6,23.5,99.5,7.2,86.3,8c-1.4,0.1-6.6,0.8-10.5,2c-3.8,1.2-9.4,3.8-17,4.7\tc-3.2,0.4-8.3,1.1-14.2,0.9c-1.5-0.1-6.3-0.4-12-1.6c-5.7-1.2-11-3.1-15.8-3.7C6.5,9.2,0,10.8,0,10.8V0h283.5V9.7z M260.8,11.3\tc-0.7-1-2-0.4-4.3-0.4c-2.3,0-6.1-1.2-5.8-1.1c0.3,0.1,3.1,1.5,6,1.9C259.7,12.2,261.4,12.3,260.8,11.3z M242.4,8.6\tc0,0-2.4-0.2-5.6-0.9c-3.2-0.8-10.3-2.8-15.1-3.5c-8.2-1.1-15.8,0-15.1,0.1c0.8,0.1,9.6-0.6,17.6,1.1c3.3,0.7,9.3,2.2,12.4,2.7\tC239.9,8.7,242.4,8.6,242.4,8.6z M185.2,8.5c1.7-0.7-13.3,4.7-18.5,6.1c-2.1,0.6-6.2,1.6-10,2c-3.9,0.4-8.9,0.4-8.8,0.5\tc0,0.2,5.8,0.8,11.2,0c5.4-0.8,5.2-1.1,7.6-1.6C170.5,14.7,183.5,9.2,185.2,8.5z M199.1,6.9c0.2,0-0.8-0.4-4.8,1.1\tc-4,1.5-6.7,3.5-6.9,3.7c-0.2,0.1,3.5-1.8,6.6-3C197,7.5,199,6.9,199.1,6.9z M283,6c-0.1,0.1-1.9,1.1-4.8,2.5s-6.9,2.8-6.7,2.7\tc0.2,0,3.5-0.6,7.4-2.5C282.8,6.8,283.1,5.9,283,6z M31.3,11.6c0.1-0.2-1.9-0.2-4.5-1.2s-5.4-1.6-7.8-2C15,7.6,7.3,8.5,7.7,8.6\tC8,8.7,15.9,8.3,20.2,9.3c2.2,0.5,2.4,0.5,5.7,1.6S31.2,11.9,31.3,11.6z M73,9.2c0.4-0.1,3.5-1.6,8.4-2.6c4.9-1.1,8.9-0.5,8.9-0.8\tc0-0.3-1-0.9-6.2-0.3S72.6,9.3,73,9.2z M71.6,6.7C71.8,6.8,75,5.4,77.3,5c2.3-0.3,1.9-0.5,1.9-0.6c0-0.1-1.1-0.2-2.7,0.2\tC74.8,5.1,71.4,6.6,71.6,6.7z M93.6,4.4c0.1,0.2,3.5,0.8,5.6,1.8c2.1,1,1.8,0.6,1.9,0.5c0.1-0.1-0.8-0.8-2.4-1.3\tC97.1,4.8,93.5,4.2,93.6,4.4z M65.4,11.1c-0.1,0.3,0.3,0.5,1.9-0.2s2.6-1.3,2.2-1.2s-0.9,0.4-2.5,0.8C65.3,10.9,65.5,10.8,65.4,11.1\tz M34.5,12.4c-0.2,0,2.1,0.8,3.3,0.9c1.2,0.1,2,0.1,2-0.2c0-0.3-0.1-0.5-1.6-0.4C36.6,12.8,34.7,12.4,34.5,12.4z M152.2,21.1\tc-0.1,0.1-2.4-0.3-7.5-0.3c-5,0-13.6-2.4-17.2-3.5c-3.6-1.1,10,3.9,16.5,4.1C150.5,21.6,152.3,21,152.2,21.1z\"\/>\n\t<path class=\"elementor-shape-fill\" d=\"M269.6,18c-0.1-0.1-4.6,0.3-7.2,0c-7.3-0.7-17-3.2-16.6-2.9c0.4,0.3,13.7,3.1,17,3.3\tC267.7,18.8,269.7,18,269.6,18z\"\/>\n\t<path class=\"elementor-shape-fill\" d=\"M227.4,9.8c-0.2-0.1-4.5-1-9.5-1.2c-5-0.2-12.7,0.6-12.3,0.5c0.3-0.1,5.9-1.8,13.3-1.2\tS227.6,9.9,227.4,9.8z\"\/>\n\t<path class=\"elementor-shape-fill\" d=\"M204.5,13.4c-0.1-0.1,2-1,3.2-1.1c1.2-0.1,2,0,2,0.3c0,0.3-0.1,0.5-1.6,0.4\tC206.4,12.9,204.6,13.5,204.5,13.4z\"\/>\n\t<path class=\"elementor-shape-fill\" d=\"M201,10.6c0-0.1-4.4,1.2-6.3,2.2c-1.9,0.9-6.2,3.1-6.1,3.1c0.1,0.1,4.2-1.6,6.3-2.6\tS201,10.7,201,10.6z\"\/>\n\t<path class=\"elementor-shape-fill\" d=\"M154.5,26.7c-0.1-0.1-4.6,0.3-7.2,0c-7.3-0.7-17-3.2-16.6-2.9c0.4,0.3,13.7,3.1,17,3.3\tC152.6,27.5,154.6,26.8,154.5,26.7z\"\/>\n\t<path class=\"elementor-shape-fill\" d=\"M41.9,19.3c0,0,1.2-0.3,2.9-0.1c1.7,0.2,5.8,0.9,8.2,0.7c4.2-0.4,7.4-2.7,7-2.6\tc-0.4,0-4.3,2.2-8.6,1.9c-1.8-0.1-5.1-0.5-6.7-0.4S41.9,19.3,41.9,19.3z\"\/>\n\t<path class=\"elementor-shape-fill\" d=\"M75.5,12.6c0.2,0.1,2-0.8,4.3-1.1c2.3-0.2,2.1-0.3,2.1-0.5c0-0.1-1.8-0.4-3.4,0\tC76.9,11.5,75.3,12.5,75.5,12.6z\"\/>\n\t<path class=\"elementor-shape-fill\" d=\"M15.6,13.2c0-0.1,4.3,0,6.7,0.5c2.4,0.5,5,1.9,5,2c0,0.1-2.7-0.8-5.1-1.4\tC19.9,13.7,15.7,13.3,15.6,13.2z\"\/>\n<\/svg>\t\t<\/div>\n\t\t\t\t<div class=\"elementor-element elementor-element-947f709 elementor-widget elementor-widget-spacer\" data-id=\"947f709\" data-element_type=\"widget\" data-widget_type=\"spacer.default\">\n\t\t\t\t<div class=\"elementor-widget-container\">\n\t\t\t\t\t<div class=\"elementor-spacer\">\n\t\t\t<div class=\"elementor-spacer-inner\"><\/div>\n\t\t<\/div>\n\t\t\t\t<\/div>\n\t\t\t\t<\/div>\n\t\t\t\t\t<\/div>\n\t\t\t\t<\/div>\n\t\t<div class=\"elementor-element elementor-element-22d9768 e-flex e-con-boxed e-con e-parent\" data-id=\"22d9768\" data-element_type=\"container\">\n\t\t\t\t\t<div class=\"e-con-inner\">\n\t\t<div class=\"elementor-element elementor-element-5af1416 e-con-full e-flex e-con e-child\" data-id=\"5af1416\" data-element_type=\"container\">\n\t\t\t\t<div class=\"elementor-element elementor-element-a95d37c elementor-invisible elementor-widget elementor-widget-image\" data-id=\"a95d37c\" data-element_type=\"widget\" data-settings=\"{&quot;_animation&quot;:&quot;bounceInUp&quot;}\" data-widget_type=\"image.default\">\n\t\t\t\t<div class=\"elementor-widget-container\">\n\t\t\t\t\t\t\t\t\t\t\t\t\t<img decoding=\"async\" width=\"650\" height=\"635\" src=\"https:\/\/camlibro.com.co\/festivallij\/wp-content\/uploads\/2023\/10\/IreneVasco05.jpg\" class=\"attachment-large size-large wp-image-581\" alt=\"\" srcset=\"https:\/\/camlibro.com.co\/festivallij\/wp-content\/uploads\/2023\/10\/IreneVasco05.jpg 650w, https:\/\/camlibro.com.co\/festivallij\/wp-content\/uploads\/2023\/10\/IreneVasco05-300x293.jpg 300w\" sizes=\"(max-width: 650px) 100vw, 650px\" \/>\t\t\t\t\t\t\t\t\t\t\t\t\t<\/div>\n\t\t\t\t<\/div>\n\t\t\t\t<\/div>\n\t\t<div class=\"elementor-element elementor-element-79fa52a e-con-full e-flex e-con e-child\" data-id=\"79fa52a\" data-element_type=\"container\">\n\t\t\t\t<div class=\"elementor-element elementor-element-723e015 elementor-widget elementor-widget-heading\" data-id=\"723e015\" data-element_type=\"widget\" data-widget_type=\"heading.default\">\n\t\t\t\t<div class=\"elementor-widget-container\">\n\t\t\t<h2 class=\"elementor-heading-title elementor-size-default\">Irene Vasco<\/h2>\t\t<\/div>\n\t\t\t\t<\/div>\n\t\t\t\t<div class=\"elementor-element elementor-element-d0c07d7 elementor-widget elementor-widget-text-editor\" data-id=\"d0c07d7\" data-element_type=\"widget\" data-widget_type=\"text-editor.default\">\n\t\t\t\t<div class=\"elementor-widget-container\">\n\t\t\t\t\t\t\t<p>Ha publicado numerosos libros para ni\u00f1os y j\u00f3venes. Los m\u00e1s conocidos son\u00a0<em>Conjuros y sortilegios, Mambr\u00fa perdi\u00f3 la guerra, Lugares fant\u00e1sticos de Colombia <\/em><em>y<\/em><em> Letras al carb\u00f3n.<\/em>\u00a0Adem\u00e1s, sus gu\u00edas de lectura\u00a0<em>Expedici\u00f3n Macondo <\/em><em>y<\/em><em> Expedici\u00f3n El Principito,<\/em>\u00a0son ampliamente apreciadas en el marco escolar.<\/p><p>Su vida ha girado en torno a los libros: ha sido autora, traductora y promotora de lectura. Ha realizado talleres alrededor de la lectura y la formaci\u00f3n de lectores por casi toda Colombia. Con frecuencia participa en programas estatales e institucionales dirigidos a comunidades ind\u00edgenas y campesinas remotas, con \u00e9nfasis en ciudadan\u00eda y responsabilidad social. Su trabajo ha estado tambi\u00e9n muy cerca de las bibliotecas p\u00fablicas, en especial una llamada La Alegr\u00eda, que logr\u00f3 transformar la vida de una comunidad en una playa del Golfo de Morrosquillo.<\/p><p>Fue fundadora del proyecto Espantap\u00e1jaros, librer\u00eda especializada en literatura infantil y juvenil, y tambi\u00e9n integrante del comit\u00e9 editorial de la revista del mismo nombre.<\/p><p>A menudo participa en congresos y seminarios internacionales como conferencista sobre su experiencia como promotora de lectura. Adem\u00e1s de ser especialista en literatura infantil y juvenil, es traductora del portugu\u00e9s y del franc\u00e9s.<\/p><p>Entre los m\u00faltiples premios y reconocimientos que ha recibido, se encuentran el Sello Altamente Recomend\u00e1vel en la categor\u00eda Traducci\u00f3n, FNLIJ, secci\u00f3n brasile\u00f1a de IBBY, el sello de la Selecci\u00f3n C\u00e1tedra UNESCO y del Instituto Interdisciplinar de Leitura da PUC-Rio, el Premio Fundaci\u00f3n Cuatrogatos en varias ocasiones, el Premio al Mejor Libro de Literatura Infantil de Fundalectura, el Concurso de Cuentos para Ni\u00f1os Cocor\u00ed de Unicef, el que otorga el Banco del Libro de Venezuela a los Mejores Libros Infantiles, Concurso Latinoamericano de Literatura Infantil Norma Fundalectura, la Menci\u00f3n Especial en los Mejores Libros del A\u00f1o Pedro Nel G\u00f3mez de la C\u00e1mara Colombiana de Libro, ha sido seleccionada en el concurso internacional de la Secretar\u00eda de Educaci\u00f3n de M\u00e9xico para hacer parte de 46.100 Bibliotecas Escolares en ese pa\u00eds, y en 2021 recibi\u00f3 el reconocimiento del Ministerio de Educaci\u00f3n de Colombia por vida y obra dedicada a la educaci\u00f3n.<\/p>\t\t\t\t\t\t<\/div>\n\t\t\t\t<\/div>\n\t\t\t\t<\/div>\n\t\t\t\t\t<\/div>\n\t\t\t\t<\/div>\n\t\t\t\t<\/div>\n\t\t","protected":false},"excerpt":{"rendered":"<p>Irene Vasco Ha publicado numerosos libros para ni\u00f1os y j\u00f3venes. Los m\u00e1s conocidos son\u00a0Conjuros y sortilegios, Mambr\u00fa perdi\u00f3 la guerra, Lugares fant\u00e1sticos de Colombia y Letras al carb\u00f3n.\u00a0Adem\u00e1s, sus gu\u00edas de lectura\u00a0Expedici\u00f3n Macondo y Expedici\u00f3n El Principito,\u00a0son ampliamente apreciadas en el marco escolar. Su vida ha girado en torno a los libros: ha sido autora, [&hellip;]<\/p>\n","protected":false},"author":1,"featured_media":0,"parent":0,"menu_order":0,"comment_status":"closed","ping_status":"closed","template":"elementor_header_footer","meta":{"footnotes":""},"class_list":["post-543","page","type-page","status-publish","hentry"],"_links":{"self":[{"href":"https:\/\/camlibro.com.co\/festivallij\/wp-json\/wp\/v2\/pages\/543"}],"collection":[{"href":"https:\/\/camlibro.com.co\/festivallij\/wp-json\/wp\/v2\/pages"}],"about":[{"href":"https:\/\/camlibro.com.co\/festivallij\/wp-json\/wp\/v2\/types\/page"}],"author":[{"embeddable":true,"href":"https:\/\/camlibro.com.co\/festivallij\/wp-json\/wp\/v2\/users\/1"}],"replies":[{"embeddable":true,"href":"https:\/\/camlibro.com.co\/festivallij\/wp-json\/wp\/v2\/comments?post=543"}],"version-history":[{"count":13,"href":"https:\/\/camlibro.com.co\/festivallij\/wp-json\/wp\/v2\/pages\/543\/revisions"}],"predecessor-version":[{"id":584,"href":"https:\/\/camlibro.com.co\/festivallij\/wp-json\/wp\/v2\/pages\/543\/revisions\/584"}],"wp:attachment":[{"href":"https:\/\/camlibro.com.co\/festivallij\/wp-json\/wp\/v2\/media?parent=543"}],"curies":[{"name":"wp","href":"https:\/\/api.w.org\/{rel}","templated":true}]}}