{"id":5725,"date":"2019-10-03T02:51:24","date_gmt":"2019-10-03T00:51:24","guid":{"rendered":"https:\/\/camlibro.com.co\/reading_colombia\/?page_id=5725"},"modified":"2022-10-04T23:42:26","modified_gmt":"2022-10-05T04:42:26","slug":"babel-2019","status":"publish","type":"page","link":"https:\/\/camlibro.com.co\/reading_colombia\/en\/editoriales-2019\/babel-2019\/","title":{"rendered":"Babel 2019"},"content":{"rendered":"<p>[vc_row css=&#8221;.vc_custom_1568928641956{background-color: #ffffff !important;}&#8221;][vc_column css_animation=&#8221;slideInUp&#8221;]<div class=\"tlg-spacer \" data-height=\"80\" data-height-tablet=\"40\" data-height-mobile=\"40\" style=\"clear:both;display:block;height:80px;\"><\/div>[vc_row_inner equal_height=&#8221;yes&#8221; content_placement=&#8221;middle&#8221; el_class=&#8221;fila_titulo02&#8243;][vc_column_inner width=&#8221;1\/3&#8243;][vc_single_image image=&#8221;5467&#8243; img_size=&#8221;full&#8221; alignment=&#8221;center&#8221;][\/vc_column_inner][vc_column_inner width=&#8221;2\/3&#8243;][vc_column_text]Babel surge de una larga experiencia y reflexi\u00f3n sobre la literatura infantil y la lectura, de la que se desprende la exigencia de sus publicaciones para ni\u00f1os y j\u00f3venes a quienes considera lectores capaces de acceder a temas y tratamientos complejos. La editorial fue reconocida con el premio Best Publisher 2017 de la Feria del Libro de Bolonia.<\/p>\n<p><strong>Contacto: Mar\u00eda Osorio<\/strong><br \/>\n<a href=\"mailto:libros.babel@gmail.com\">libros.babel@gmail.com<\/a><br \/>\n<a href=\"mailto:pablo@base-tres.com\">pablo@base-tres.com<\/a>[\/vc_column_text][\/vc_column_inner][\/vc_row_inner][\/vc_column][\/vc_row][vc_row tlg_padding=&#8221;pt0 pb0&#8243; css=&#8221;.vc_custom_1568941480661{padding-top: 10px !important;padding-bottom: 10px !important;background-color: #ffffff !important;}&#8221; el_class=&#8221;fila_libros&#8221;][vc_column css_animation=&#8221;slideInUp&#8221; width=&#8221;1\/4&#8243;][vc_single_image image=&#8221;5758&#8243; img_size=&#8221;full&#8221; alignment=&#8221;center&#8221; onclick=&#8221;custom_link&#8221; css_animation=&#8221;fadeInUp&#8221; link=&#8221;https:\/\/camlibro.com.co\/reading_colombia\/editoriales-2019\/babel-2019\/bajo-una-luz-mas-clara-2019\/&#8221; css=&#8221;.vc_custom_1664407083409{padding-bottom: 20px !important;}&#8221;][vc_column_text]<\/p>\n<h3 class=\"editoriales_libro\"><a href=\"https:\/\/camlibro.com.co\/reading_colombia\/editoriales-2019\/babel-2019\/bajo-una-luz-mas-clara-2019\/\">Bajo una luz m\u00e1s clara<\/a><\/h3>\n<h4 class=\"editoriales_autor\">HELENA IRIARTE<\/h4>\n<p>[\/vc_column_text][\/vc_column][vc_column css_animation=&#8221;slideInUp&#8221; width=&#8221;1\/4&#8243;][vc_single_image image=&#8221;5760&#8243; img_size=&#8221;full&#8221; alignment=&#8221;center&#8221; onclick=&#8221;custom_link&#8221; css_animation=&#8221;fadeInUp&#8221; link=&#8221;https:\/\/camlibro.com.co\/reading_colombia\/editoriales-2019\/babel-2019\/el-edificio-2019\/&#8221; css=&#8221;.vc_custom_1664407116861{padding-bottom: 20px !important;}&#8221;][vc_column_text]<\/p>\n<h3 class=\"editoriales_libro\"><a href=\"https:\/\/camlibro.com.co\/reading_colombia\/editoriales-2019\/babel-2019\/el-edificio-2019\/\">El edificio<\/a><\/h3>\n<h4 class=\"editoriales_autor\">JAIRO BUITRAGO<\/h4>\n<p>[\/vc_column_text][\/vc_column][vc_column css_animation=&#8221;slideInUp&#8221; width=&#8221;1\/4&#8243;][vc_single_image image=&#8221;5761&#8243; img_size=&#8221;full&#8221; alignment=&#8221;center&#8221; onclick=&#8221;custom_link&#8221; css_animation=&#8221;fadeInUp&#8221; link=&#8221;https:\/\/camlibro.com.co\/reading_colombia\/editoriales-2019\/babel-2019\/los-irlandeses-2019\/&#8221; css=&#8221;.vc_custom_1664407155080{padding-bottom: 20px !important;}&#8221;][vc_column_text]<\/p>\n<h3 class=\"editoriales_libro\"><a href=\"https:\/\/camlibro.com.co\/reading_colombia\/editoriales-2019\/babel-2019\/los-irlandeses-2019\/\">Los irlandeses<\/a><\/h3>\n<h4 class=\"editoriales_autor\">JAIRO BUITRAGO<\/h4>\n<p>[\/vc_column_text][\/vc_column][vc_column css_animation=&#8221;slideInUp&#8221; width=&#8221;1\/4&#8243;][vc_single_image image=&#8221;5763&#8243; img_size=&#8221;full&#8221; alignment=&#8221;center&#8221; onclick=&#8221;custom_link&#8221; css_animation=&#8221;fadeInUp&#8221; link=&#8221;https:\/\/camlibro.com.co\/reading_colombia\/editoriales-2019\/babel-2019\/mi-mascota-2019\/&#8221; css=&#8221;.vc_custom_1664407184944{padding-bottom: 20px !important;}&#8221;][vc_column_text]<\/p>\n<h3 class=\"editoriales_libro\"><a href=\"https:\/\/camlibro.com.co\/reading_colombia\/editoriales-2019\/babel-2019\/mi-mascota-2019\/\">Mi mascota<\/a><\/h3>\n<h4 class=\"editoriales_autor\">YOLANDA REYES<\/h4>\n<p>[\/vc_column_text][\/vc_column][\/vc_row][vc_row tlg_padding=&#8221;pt0 pb0&#8243; css=&#8221;.vc_custom_1568941480661{padding-top: 10px !important;padding-bottom: 10px !important;background-color: #ffffff !important;}&#8221; el_class=&#8221;fila_libros&#8221;][vc_column css_animation=&#8221;slideInUp&#8221; width=&#8221;1\/4&#8243;][vc_single_image image=&#8221;5765&#8243; img_size=&#8221;full&#8221; alignment=&#8221;center&#8221; onclick=&#8221;custom_link&#8221; css_animation=&#8221;fadeInUp&#8221; link=&#8221;https:\/\/camlibro.com.co\/reading_colombia\/editoriales-2019\/babel-2019\/nuncaseolvida-2019\/&#8221; css=&#8221;.vc_custom_1664407219714{padding-bottom: 20px !important;}&#8221;][vc_column_text]<\/p>\n<h3 class=\"editoriales_libro\"><a href=\"https:\/\/camlibro.com.co\/reading_colombia\/editoriales-2019\/babel-2019\/nuncaseolvida-2019\/\">Nuncaseolvida<\/a><\/h3>\n<h4 class=\"editoriales_autor\">ALEJANDRA ALGORTA<\/h4>\n<p>[\/vc_column_text][\/vc_column][vc_column css_animation=&#8221;slideInUp&#8221; width=&#8221;1\/4&#8243;][vc_single_image image=&#8221;5767&#8243; img_size=&#8221;full&#8221; alignment=&#8221;center&#8221; onclick=&#8221;custom_link&#8221; css_animation=&#8221;fadeInUp&#8221; link=&#8221;https:\/\/camlibro.com.co\/reading_colombia\/editoriales-2019\/babel-2019\/tengo-miedo-2019\/&#8221; css=&#8221;.vc_custom_1664407250905{padding-bottom: 20px !important;}&#8221;][vc_column_text]<\/p>\n<h3 class=\"editoriales_libro\"><a href=\"https:\/\/camlibro.com.co\/reading_colombia\/editoriales-2019\/babel-2019\/tengo-miedo-2019\/\">Tengo miedo<\/a><\/h3>\n<h4 class=\"editoriales_autor\">IVAR DA COLL<\/h4>\n<p>[\/vc_column_text][\/vc_column][vc_column css_animation=&#8221;slideInUp&#8221; width=&#8221;1\/4&#8243;][\/vc_column][vc_column css_animation=&#8221;slideInUp&#8221; width=&#8221;1\/4&#8243;][\/vc_column][\/vc_row][vc_row tlg_padding=&#8221;pt64 pb64&#8243; css=&#8221;.vc_custom_1568943274829{background-color: #ffffff !important;}&#8221;][vc_column]<div class=\"tlg-spacer \" data-height=\"30\" data-height-tablet=\"20\" data-height-mobile=\"20\" style=\"clear:both;display:block;height:30px;\"><\/div>[\/vc_column][\/vc_row]<\/p>\n","protected":false},"excerpt":{"rendered":"<p>[vc_row css=&#8221;.vc_custom_1568928641956{background-color: #ffffff !important;}&#8221;][vc_column css_animation=&#8221;slideInUp&#8221;][vc_row_inner equal_height=&#8221;yes&#8221; content_placement=&#8221;middle&#8221; el_class=&#8221;fila_titulo02&#8243;][vc_column_inner width=&#8221;1\/3&#8243;][vc_single_image image=&#8221;5467&#8243; img_size=&#8221;full&#8221; alignment=&#8221;center&#8221;][\/vc_column_inner][vc_column_inner width=&#8221;2\/3&#8243;][vc_column_text]Babel surge de una&#8230;<\/p>\n","protected":false},"author":2,"featured_media":0,"parent":5619,"menu_order":0,"comment_status":"closed","ping_status":"closed","template":"","meta":[],"translation":{"provider":"WPGlobus","version":"2.12.2","language":"en","enabled_languages":["es","en"],"languages":{"es":{"title":true,"content":true,"excerpt":false},"en":{"title":false,"content":false,"excerpt":false}}},"_links":{"self":[{"href":"https:\/\/camlibro.com.co\/reading_colombia\/en\/wp-json\/wp\/v2\/pages\/5725"}],"collection":[{"href":"https:\/\/camlibro.com.co\/reading_colombia\/en\/wp-json\/wp\/v2\/pages"}],"about":[{"href":"https:\/\/camlibro.com.co\/reading_colombia\/en\/wp-json\/wp\/v2\/types\/page"}],"author":[{"embeddable":true,"href":"https:\/\/camlibro.com.co\/reading_colombia\/en\/wp-json\/wp\/v2\/users\/2"}],"replies":[{"embeddable":true,"href":"https:\/\/camlibro.com.co\/reading_colombia\/en\/wp-json\/wp\/v2\/comments?post=5725"}],"version-history":[{"count":29,"href":"https:\/\/camlibro.com.co\/reading_colombia\/en\/wp-json\/wp\/v2\/pages\/5725\/revisions"}],"predecessor-version":[{"id":8045,"href":"https:\/\/camlibro.com.co\/reading_colombia\/en\/wp-json\/wp\/v2\/pages\/5725\/revisions\/8045"}],"up":[{"embeddable":true,"href":"https:\/\/camlibro.com.co\/reading_colombia\/en\/wp-json\/wp\/v2\/pages\/5619"}],"wp:attachment":[{"href":"https:\/\/camlibro.com.co\/reading_colombia\/en\/wp-json\/wp\/v2\/media?parent=5725"}],"curies":[{"name":"wp","href":"https:\/\/api.w.org\/{rel}","templated":true}]}}