{"id":5801,"date":"2019-10-04T01:48:52","date_gmt":"2019-10-04T06:48:52","guid":{"rendered":"https:\/\/camlibro.com.co\/reading_colombia\/?page_id=5801"},"modified":"2022-10-04T23:44:01","modified_gmt":"2022-10-05T04:44:01","slug":"nuncaseolvida-2019","status":"publish","type":"page","link":"https:\/\/camlibro.com.co\/reading_colombia\/en\/editoriales-2019\/babel-2019\/nuncaseolvida-2019\/","title":{"rendered":"nuncaseolvida 2019"},"content":{"rendered":"<p>[vc_row full_width=&#8221;stretch_row&#8221; css=&#8221;.vc_custom_1568944382506{background-color: #ffffff !important;}&#8221;][vc_column]<div class=\"tlg-spacer \" data-height=\"80\" data-height-tablet=\"40\" data-height-mobile=\"40\" style=\"clear:both;display:block;height:80px;\"><\/div>[vc_row_inner][vc_column_inner width=&#8221;1\/5&#8243;][\/vc_column_inner][vc_column_inner width=&#8221;1\/5&#8243;][\/vc_column_inner][vc_column_inner width=&#8221;1\/5&#8243;][vc_single_image image=&#8221;5467&#8243; img_size=&#8221;full&#8221; alignment=&#8221;center&#8221; onclick=&#8221;custom_link&#8221; link=&#8221;https:\/\/camlibro.com.co\/reading_colombia\/editoriales-2019\/babel-2019\/&#8221;][\/vc_column_inner][vc_column_inner width=&#8221;1\/5&#8243;][\/vc_column_inner][vc_column_inner width=&#8221;1\/5&#8243;][\/vc_column_inner][\/vc_row_inner][\/vc_column][\/vc_row][vc_row tlg_background_style=&#8221;bg-secondary&#8221; tlg_padding=&#8221;pb0&#8243; css=&#8221;.vc_custom_1568948194274{background-color: #edeaed !important;}&#8221;][vc_column css_animation=&#8221;slideInUp&#8221;][vc_row_inner el_class=&#8221;fila_titulo02&#8243;][vc_column_inner width=&#8221;1\/3&#8243;][vc_single_image image=&#8221;5765&#8243; img_size=&#8221;full&#8221; alignment=&#8221;center&#8221;][\/vc_column_inner][vc_column_inner width=&#8221;2\/3&#8243;]<div class=\"headings-title \"><div class=\"mb0 mb16 mb-xs-40 text-left\"><h5 style=\"color:#00405a!important;font-size:32px;line-height:42px;text-transform: none!important;\" class=\"widgettitle mb10\">nuncaseolvida<\/h5><div style=\"color:#ba1039!important;font-size:20px;line-height:25px;text-transform: none!important;\" class=\"widgetsubtitle\">ALEJANDRA ALGORTA<\/div><\/div><\/div><div class=\"tlg-spacer \" data-height=\"20\" data-height-tablet=\"20\" data-height-mobile=\"20\" style=\"clear:both;display:block;height:20px;\"><\/div>[vc_column_text]<strong class=\"rojo\">Rese\u00f1a<\/strong><br \/>\nEsta es la historia de Fabio, de sus miedos, sus olvidos y de su desconfianza de los adultos. Ni \u00e9l ni su padre quieren que la buseta que este conduce deje de ser provisional; pues no podr\u00eda acompa\u00f1arlo y recoger la plata mientras su padre le habla sobre los lugares que recorren y su gente. Una historia de seres que sobreviven en una ciudad dif\u00edcil, un relato gr\u00e1fico comprometido sobre la Bogot\u00e1 contempor\u00e1nea.<\/p>\n<p><strong class=\"rojo\">Ficha t\u00e9cnica<\/strong><br \/>\nCategor\u00eda: literatura infantil y juvenil<br \/>\nISBN: 978-958-8954-71-4<br \/>\nFecha de publicaci\u00f3n: 15\/04\/2019<br \/>\nN\u00famero de p\u00e1ginas: 144<br \/>\nFormato: 18.5 x 21 cm[\/vc_column_text][\/vc_column_inner][\/vc_row_inner][\/vc_column][\/vc_row][vc_row full_width=&#8221;stretch_row_content_no_spaces&#8221; tlg_large_container=&#8221;wide-container&#8221; tlg_background_style=&#8221;bg-secondary&#8221; tlg_padding=&#8221;pt64 pb64&#8243; css=&#8221;.vc_custom_1568948249704{background-color: #edeaed !important;}&#8221;][vc_column css_animation=&#8221;slideInUp&#8221; width=&#8221;1\/6&#8243;][vc_column_text]<a href=\"https:\/\/camlibro.com.co\/reading_colombia\/editoriales\/babel\/\">|\u00ab Volver a la editorial<\/a><em><br \/>\n<\/em>[\/vc_column_text][\/vc_column][vc_column width=&#8221;1\/6&#8243;][\/vc_column][vc_column width=&#8221;1\/6&#8243;][\/vc_column][vc_column width=&#8221;1\/6&#8243;][\/vc_column][vc_column width=&#8221;1\/6&#8243;][\/vc_column][vc_column width=&#8221;1\/6&#8243;][vc_column_text]<a href=\"https:\/\/camlibro.com.co\/reading_colombia\/editoriales\/babel\/tengo-miedo\/\">Siguiente libro \u00bb|<\/a><em><br \/>\n<\/em>[\/vc_column_text][\/vc_column][\/vc_row][vc_row el_class=&#8221;fila_autor&#8221;][vc_column css_animation=&#8221;slideInUp&#8221;][vc_row_inner el_class=&#8221;fila_titulo02&#8243;][vc_column_inner width=&#8221;1\/4&#8243;][vc_single_image image=&#8221;5764&#8243; img_size=&#8221;full&#8221; alignment=&#8221;center&#8221;][\/vc_column_inner][vc_column_inner width=&#8221;3\/4&#8243;]<div class=\"headings-title \"><div class=\"mb0 mb16 mb-xs-40 text-left\"><h5 style=\"color:#00405a!important;font-size:25px;line-height:35px;text-transform: none!important;\" class=\"widgettitle mb10\">Biograf\u00eda del autor<\/h5><\/div><\/div>[vc_column_text]<strong class=\"rojo2\">Alejandra Algorta (Bogot\u00e1, 1991).<\/strong> Escritora y editora. Obtuvo la primera menci\u00f3n en el IV premio Barco de vapor de SM Colombia por su libro <em>Pez quiere ir al mar<\/em>. Es fundadora y editora de la editorial de poes\u00eda, Cardumen.[\/vc_column_text]<div class=\"headings-title \"><div class=\"mb0 mb16 mb-xs-40 text-left\"><h5 style=\"color:#00405a!important;font-size:25px;line-height:35px;text-transform: none!important;\" class=\"widgettitle mb10\">Biograf\u00eda del ilustrador<\/h5><\/div><\/div>[vc_column_text]<strong class=\"rojo2\">Iv\u00e1n Rickenmann (Bogot\u00e1, 1965).<\/strong> Estudi\u00f3 artes pl\u00e1sticas en L\u2019\u00c9cole Nationale Superieure des Arts Decoratifs de Par\u00eds. Su obra se conoce por capturar la vida cotidiana, los rascacielos y la ciudad. Su obra ha estado expuesta en Estados Unidos y en pa\u00edses europeos. Es un reconocido artista latinoamericano que se lanza a ilustrar un libro por primera vez con <em>nuncaseolvida<\/em>.[\/vc_column_text][\/vc_column_inner][\/vc_row_inner][\/vc_column][\/vc_row]<\/p>\n","protected":false},"excerpt":{"rendered":"<p>[vc_row full_width=&#8221;stretch_row&#8221; css=&#8221;.vc_custom_1568944382506{background-color: #ffffff !important;}&#8221;][vc_column][vc_row_inner][vc_column_inner width=&#8221;1\/5&#8243;][\/vc_column_inner][vc_column_inner width=&#8221;1\/5&#8243;][\/vc_column_inner][vc_column_inner width=&#8221;1\/5&#8243;][vc_single_image image=&#8221;5467&#8243; img_size=&#8221;full&#8221; alignment=&#8221;center&#8221; onclick=&#8221;custom_link&#8221; link=&#8221;https:\/\/camlibro.com.co\/reading_colombia\/editoriales-2019\/babel-2019\/&#8221;][\/vc_column_inner][vc_column_inner width=&#8221;1\/5&#8243;][\/vc_column_inner][vc_column_inner width=&#8221;1\/5&#8243;][\/vc_column_inner][\/vc_row_inner][\/vc_column][\/vc_row][vc_row tlg_background_style=&#8221;bg-secondary&#8221;&#8230;<\/p>\n","protected":false},"author":2,"featured_media":0,"parent":5725,"menu_order":0,"comment_status":"closed","ping_status":"closed","template":"","meta":[],"translation":{"provider":"WPGlobus","version":"2.12.2","language":"en","enabled_languages":["es","en"],"languages":{"es":{"title":true,"content":true,"excerpt":false},"en":{"title":false,"content":false,"excerpt":false}}},"_links":{"self":[{"href":"https:\/\/camlibro.com.co\/reading_colombia\/en\/wp-json\/wp\/v2\/pages\/5801"}],"collection":[{"href":"https:\/\/camlibro.com.co\/reading_colombia\/en\/wp-json\/wp\/v2\/pages"}],"about":[{"href":"https:\/\/camlibro.com.co\/reading_colombia\/en\/wp-json\/wp\/v2\/types\/page"}],"author":[{"embeddable":true,"href":"https:\/\/camlibro.com.co\/reading_colombia\/en\/wp-json\/wp\/v2\/users\/2"}],"replies":[{"embeddable":true,"href":"https:\/\/camlibro.com.co\/reading_colombia\/en\/wp-json\/wp\/v2\/comments?post=5801"}],"version-history":[{"count":25,"href":"https:\/\/camlibro.com.co\/reading_colombia\/en\/wp-json\/wp\/v2\/pages\/5801\/revisions"}],"predecessor-version":[{"id":8051,"href":"https:\/\/camlibro.com.co\/reading_colombia\/en\/wp-json\/wp\/v2\/pages\/5801\/revisions\/8051"}],"up":[{"embeddable":true,"href":"https:\/\/camlibro.com.co\/reading_colombia\/en\/wp-json\/wp\/v2\/pages\/5725"}],"wp:attachment":[{"href":"https:\/\/camlibro.com.co\/reading_colombia\/en\/wp-json\/wp\/v2\/media?parent=5801"}],"curies":[{"name":"wp","href":"https:\/\/api.w.org\/{rel}","templated":true}]}}