{"id":5822,"date":"2019-10-04T16:51:44","date_gmt":"2019-10-04T21:51:44","guid":{"rendered":"https:\/\/camlibro.com.co\/reading_colombia\/?page_id=5822"},"modified":"2022-10-04T23:48:01","modified_gmt":"2022-10-05T04:48:01","slug":"icono-2019","status":"publish","type":"page","link":"https:\/\/camlibro.com.co\/reading_colombia\/en\/editoriales-2019\/icono-2019\/","title":{"rendered":"\u00cdcono 2019"},"content":{"rendered":"<p>[vc_row css=&#8221;.vc_custom_1568928641956{background-color: #ffffff !important;}&#8221;][vc_column css_animation=&#8221;slideInUp&#8221;]<div class=\"tlg-spacer \" data-height=\"80\" data-height-tablet=\"40\" data-height-mobile=\"40\" style=\"clear:both;display:block;height:80px;\"><\/div>[vc_row_inner equal_height=&#8221;yes&#8221; content_placement=&#8221;middle&#8221; el_class=&#8221;fila_titulo02&#8243;][vc_column_inner width=&#8221;1\/3&#8243;][vc_single_image image=&#8221;5470&#8243; img_size=&#8221;full&#8221; alignment=&#8221;center&#8221;][\/vc_column_inner][vc_column_inner width=&#8221;2\/3&#8243;][vc_column_text]ICONO es una empresa editorial afiliada a la Red de Editoriales Independientes Colombianas, que cuenta con autores de gran reconocimiento y colaboradores de prestigio en el sector editorial. Presta asesor\u00edas y servicios de edici\u00f3n, correcci\u00f3n de estilo, dise\u00f1o, diagramaci\u00f3n, producci\u00f3n e impresi\u00f3n de todo tipo de publicaciones. El cat\u00e1logo de la editorial est\u00e1 conformado por 135 t\u00edtulos, cuyos temas van desde el periodismo y la poes\u00eda hasta las artes pl\u00e1sticas.<\/p>\n<p><strong>Contacto: Gustavo Mauricio Garc\u00eda Arenas<\/strong><br \/>\n<a href=\"mailto:gmgarciaarenas@gmail.com\">gmgarciaarenas@gmail.com<\/a>[\/vc_column_text][\/vc_column_inner][\/vc_row_inner][\/vc_column][\/vc_row][vc_row tlg_padding=&#8221;pt0 pb0&#8243; css=&#8221;.vc_custom_1568941480661{padding-top: 10px !important;padding-bottom: 10px !important;background-color: #ffffff !important;}&#8221; el_class=&#8221;fila_libros&#8221;][vc_column css_animation=&#8221;slideInUp&#8221; width=&#8221;1\/4&#8243;][vc_single_image image=&#8221;5825&#8243; img_size=&#8221;full&#8221; alignment=&#8221;center&#8221; onclick=&#8221;custom_link&#8221; css_animation=&#8221;fadeInUp&#8221; link=&#8221;https:\/\/camlibro.com.co\/reading_colombia\/editoriales-2019\/icono-2019\/el-imperio-de-la-salsa-2019\/&#8221; css=&#8221;.vc_custom_1664466970634{padding-bottom: 20px !important;}&#8221;][vc_column_text]<\/p>\n<h3 class=\"editoriales_libro\"><a href=\"https:\/\/camlibro.com.co\/reading_colombia\/editoriales-2019\/icono-2019\/el-imperio-de-la-salsa-2019\/\">El imperio de la salsa<\/a><\/h3>\n<h4 class=\"editoriales_autor\">C\u00c9SAR PAGANO<\/h4>\n<p>[\/vc_column_text][\/vc_column][vc_column css_animation=&#8221;slideInUp&#8221; width=&#8221;1\/4&#8243;][vc_single_image image=&#8221;5827&#8243; img_size=&#8221;full&#8221; alignment=&#8221;center&#8221; onclick=&#8221;custom_link&#8221; css_animation=&#8221;fadeInUp&#8221; link=&#8221;https:\/\/camlibro.com.co\/reading_colombia\/editoriales-2019\/icono-2019\/la-nostalgia-del-melomano-2019\/&#8221; css=&#8221;.vc_custom_1664467015617{padding-bottom: 20px !important;}&#8221;][vc_column_text]<\/p>\n<h3 class=\"editoriales_libro\"><a href=\"https:\/\/camlibro.com.co\/reading_colombia\/editoriales-2019\/icono-2019\/la-nostalgia-del-melomano-2019\/\">La nostalgia del mel\u00f3mano<\/a><\/h3>\n<h4 class=\"editoriales_autor\">JUAN CARLOS GARAY<\/h4>\n<p>[\/vc_column_text][\/vc_column][vc_column css_animation=&#8221;slideInUp&#8221; width=&#8221;1\/4&#8243;][\/vc_column][vc_column css_animation=&#8221;slideInUp&#8221; width=&#8221;1\/4&#8243;][\/vc_column][\/vc_row][vc_row tlg_padding=&#8221;pt64 pb64&#8243; css=&#8221;.vc_custom_1568943274829{background-color: #ffffff !important;}&#8221;][vc_column]<div class=\"tlg-spacer \" data-height=\"30\" data-height-tablet=\"20\" data-height-mobile=\"20\" style=\"clear:both;display:block;height:30px;\"><\/div>[\/vc_column][\/vc_row]<\/p>\n","protected":false},"excerpt":{"rendered":"<p>[vc_row css=&#8221;.vc_custom_1568928641956{background-color: #ffffff !important;}&#8221;][vc_column css_animation=&#8221;slideInUp&#8221;][vc_row_inner equal_height=&#8221;yes&#8221; content_placement=&#8221;middle&#8221; el_class=&#8221;fila_titulo02&#8243;][vc_column_inner width=&#8221;1\/3&#8243;][vc_single_image image=&#8221;5470&#8243; img_size=&#8221;full&#8221; alignment=&#8221;center&#8221;][\/vc_column_inner][vc_column_inner width=&#8221;2\/3&#8243;][vc_column_text]ICONO es una empresa&#8230;<\/p>\n","protected":false},"author":2,"featured_media":0,"parent":5619,"menu_order":0,"comment_status":"closed","ping_status":"closed","template":"","meta":[],"translation":{"provider":"WPGlobus","version":"2.12.2","language":"en","enabled_languages":["es","en"],"languages":{"es":{"title":true,"content":true,"excerpt":false},"en":{"title":false,"content":false,"excerpt":false}}},"_links":{"self":[{"href":"https:\/\/camlibro.com.co\/reading_colombia\/en\/wp-json\/wp\/v2\/pages\/5822"}],"collection":[{"href":"https:\/\/camlibro.com.co\/reading_colombia\/en\/wp-json\/wp\/v2\/pages"}],"about":[{"href":"https:\/\/camlibro.com.co\/reading_colombia\/en\/wp-json\/wp\/v2\/types\/page"}],"author":[{"embeddable":true,"href":"https:\/\/camlibro.com.co\/reading_colombia\/en\/wp-json\/wp\/v2\/users\/2"}],"replies":[{"embeddable":true,"href":"https:\/\/camlibro.com.co\/reading_colombia\/en\/wp-json\/wp\/v2\/comments?post=5822"}],"version-history":[{"count":13,"href":"https:\/\/camlibro.com.co\/reading_colombia\/en\/wp-json\/wp\/v2\/pages\/5822\/revisions"}],"predecessor-version":[{"id":8066,"href":"https:\/\/camlibro.com.co\/reading_colombia\/en\/wp-json\/wp\/v2\/pages\/5822\/revisions\/8066"}],"up":[{"embeddable":true,"href":"https:\/\/camlibro.com.co\/reading_colombia\/en\/wp-json\/wp\/v2\/pages\/5619"}],"wp:attachment":[{"href":"https:\/\/camlibro.com.co\/reading_colombia\/en\/wp-json\/wp\/v2\/media?parent=5822"}],"curies":[{"name":"wp","href":"https:\/\/api.w.org\/{rel}","templated":true}]}}