{"id":5924,"date":"2019-10-07T19:18:22","date_gmt":"2019-10-07T17:18:22","guid":{"rendered":"https:\/\/camlibro.com.co\/reading_colombia\/?page_id=5924"},"modified":"2022-10-04T23:49:56","modified_gmt":"2022-10-05T04:49:56","slug":"luna-libros-2019","status":"publish","type":"page","link":"https:\/\/camlibro.com.co\/reading_colombia\/en\/editoriales-2019\/luna-libros-2019\/","title":{"rendered":"Luna Libros 2019"},"content":{"rendered":"<p>[vc_row css=&#8221;.vc_custom_1568928641956{background-color: #ffffff !important;}&#8221;][vc_column css_animation=&#8221;slideInUp&#8221;]<div class=\"tlg-spacer \" data-height=\"80\" data-height-tablet=\"40\" data-height-mobile=\"40\" style=\"clear:both;display:block;height:80px;\"><\/div>[vc_row_inner equal_height=&#8221;yes&#8221; content_placement=&#8221;middle&#8221; el_class=&#8221;fila_titulo02&#8243;][vc_column_inner width=&#8221;1\/3&#8243;][vc_single_image image=&#8221;5480&#8243; img_size=&#8221;full&#8221; alignment=&#8221;center&#8221;][\/vc_column_inner][vc_column_inner width=&#8221;2\/3&#8243;][vc_column_text]Luna Libros es una casa editorial independiente que publica libros sobre Am\u00e9rica Latina \u2014su geograf\u00eda, su historia, sus sociedades, sus artes y principales personajes\u2014, libros de humanidades \u2014traducciones y textos escritos originalmente en espa\u00f1ol\u2014 y libros de poes\u00eda, ensayo y narrativa. La editorial est\u00e1 consolidando un cat\u00e1logo que permite leer a Am\u00e9rica desde dentro de Am\u00e9rica, y contribuir as\u00ed a la construcci\u00f3n de conocimiento acerca del continente.<\/p>\n<p><strong>Contacto: Catalina Gonz\u00e1lez<\/strong><br \/>\n<a href=\"mailto:catalinagonzalez@lunalibros.com\">catalinagonzalez@lunalibros.com<\/a>[\/vc_column_text][\/vc_column_inner][\/vc_row_inner][\/vc_column][\/vc_row][vc_row tlg_padding=&#8221;pt0 pb0&#8243; css=&#8221;.vc_custom_1568941480661{padding-top: 10px !important;padding-bottom: 10px !important;background-color: #ffffff !important;}&#8221; el_class=&#8221;fila_libros&#8221;][vc_column css_animation=&#8221;slideInUp&#8221; width=&#8221;1\/4&#8243;][vc_single_image image=&#8221;5929&#8243; img_size=&#8221;full&#8221; alignment=&#8221;center&#8221; onclick=&#8221;custom_link&#8221; css_animation=&#8221;fadeInUp&#8221; link=&#8221;https:\/\/camlibro.com.co\/reading_colombia\/editoriales-2019\/luna-libros-2019\/ciertas-personas-de-cuatro-patas-2019\/&#8221; css=&#8221;.vc_custom_1664471454838{padding-bottom: 20px !important;}&#8221;][vc_column_text]<\/p>\n<h3 class=\"editoriales_libro\"><a href=\"https:\/\/camlibro.com.co\/reading_colombia\/editoriales-2019\/luna-libros-2019\/ciertas-personas-de-cuatro-patas-2019\/\">Ciertas personas de cuatro patas<\/a><\/h3>\n<h4 class=\"editoriales_autor\">RAFAEL BAENA<\/h4>\n<p>[\/vc_column_text][\/vc_column][vc_column css_animation=&#8221;slideInUp&#8221; width=&#8221;1\/4&#8243;][vc_single_image image=&#8221;5931&#8243; img_size=&#8221;full&#8221; alignment=&#8221;center&#8221; onclick=&#8221;custom_link&#8221; css_animation=&#8221;fadeInUp&#8221; link=&#8221;https:\/\/camlibro.com.co\/reading_colombia\/editoriales-2019\/luna-libros-2019\/gabriel-garcia-marquez-no-morire-del-todo-2019\/&#8221; css=&#8221;.vc_custom_1664471614317{padding-bottom: 20px !important;}&#8221;][vc_column_text]<\/p>\n<h3 class=\"editoriales_libro\"><a href=\"https:\/\/camlibro.com.co\/reading_colombia\/editoriales-2019\/luna-libros-2019\/gabriel-garcia-marquez-no-morire-del-todo-2019\/\">Gabriel Garc\u00eda M\u00e1rquez. No morir\u00e9 del todo<\/a><\/h3>\n<h4 class=\"editoriales_autor\">CONRADO ZULUAGA<\/h4>\n<p>[\/vc_column_text][\/vc_column][vc_column css_animation=&#8221;slideInUp&#8221; width=&#8221;1\/4&#8243;][\/vc_column][vc_column css_animation=&#8221;slideInUp&#8221; width=&#8221;1\/4&#8243;][\/vc_column][\/vc_row][vc_row tlg_padding=&#8221;pt64 pb64&#8243; css=&#8221;.vc_custom_1568943274829{background-color: #ffffff !important;}&#8221;][vc_column]<div class=\"tlg-spacer \" data-height=\"30\" data-height-tablet=\"20\" data-height-mobile=\"20\" style=\"clear:both;display:block;height:30px;\"><\/div>[\/vc_column][\/vc_row]<\/p>\n","protected":false},"excerpt":{"rendered":"<p>[vc_row css=&#8221;.vc_custom_1568928641956{background-color: #ffffff !important;}&#8221;][vc_column css_animation=&#8221;slideInUp&#8221;][vc_row_inner equal_height=&#8221;yes&#8221; content_placement=&#8221;middle&#8221; el_class=&#8221;fila_titulo02&#8243;][vc_column_inner width=&#8221;1\/3&#8243;][vc_single_image image=&#8221;5480&#8243; img_size=&#8221;full&#8221; alignment=&#8221;center&#8221;][\/vc_column_inner][vc_column_inner width=&#8221;2\/3&#8243;][vc_column_text]Luna Libros es una&#8230;<\/p>\n","protected":false},"author":2,"featured_media":0,"parent":5619,"menu_order":0,"comment_status":"closed","ping_status":"closed","template":"","meta":[],"translation":{"provider":"WPGlobus","version":"2.12.2","language":"en","enabled_languages":["es","en"],"languages":{"es":{"title":true,"content":true,"excerpt":false},"en":{"title":false,"content":false,"excerpt":false}}},"_links":{"self":[{"href":"https:\/\/camlibro.com.co\/reading_colombia\/en\/wp-json\/wp\/v2\/pages\/5924"}],"collection":[{"href":"https:\/\/camlibro.com.co\/reading_colombia\/en\/wp-json\/wp\/v2\/pages"}],"about":[{"href":"https:\/\/camlibro.com.co\/reading_colombia\/en\/wp-json\/wp\/v2\/types\/page"}],"author":[{"embeddable":true,"href":"https:\/\/camlibro.com.co\/reading_colombia\/en\/wp-json\/wp\/v2\/users\/2"}],"replies":[{"embeddable":true,"href":"https:\/\/camlibro.com.co\/reading_colombia\/en\/wp-json\/wp\/v2\/comments?post=5924"}],"version-history":[{"count":16,"href":"https:\/\/camlibro.com.co\/reading_colombia\/en\/wp-json\/wp\/v2\/pages\/5924\/revisions"}],"predecessor-version":[{"id":8074,"href":"https:\/\/camlibro.com.co\/reading_colombia\/en\/wp-json\/wp\/v2\/pages\/5924\/revisions\/8074"}],"up":[{"embeddable":true,"href":"https:\/\/camlibro.com.co\/reading_colombia\/en\/wp-json\/wp\/v2\/pages\/5619"}],"wp:attachment":[{"href":"https:\/\/camlibro.com.co\/reading_colombia\/en\/wp-json\/wp\/v2\/media?parent=5924"}],"curies":[{"name":"wp","href":"https:\/\/api.w.org\/{rel}","templated":true}]}}