{"id":5992,"date":"2019-10-07T21:37:24","date_gmt":"2019-10-08T02:37:24","guid":{"rendered":"https:\/\/camlibro.com.co\/reading_colombia\/?page_id=5992"},"modified":"2022-10-04T23:46:17","modified_gmt":"2022-10-05T04:46:17","slug":"cuerpos-2019","status":"publish","type":"page","link":"https:\/\/camlibro.com.co\/reading_colombia\/en\/editoriales-2019\/planeta-2019\/cuerpos-2019\/","title":{"rendered":"Cuerpos 2019"},"content":{"rendered":"<p>[vc_row full_width=&#8221;stretch_row&#8221; css=&#8221;.vc_custom_1568944382506{background-color: #ffffff !important;}&#8221;][vc_column]<div class=\"tlg-spacer \" data-height=\"80\" data-height-tablet=\"40\" data-height-mobile=\"40\" style=\"clear:both;display:block;height:80px;\"><\/div>[vc_row_inner][vc_column_inner width=&#8221;1\/5&#8243;][\/vc_column_inner][vc_column_inner width=&#8221;1\/5&#8243;][\/vc_column_inner][vc_column_inner width=&#8221;1\/5&#8243;][vc_single_image image=&#8221;5468&#8243; img_size=&#8221;full&#8221; alignment=&#8221;center&#8221; onclick=&#8221;custom_link&#8221; link=&#8221;https:\/\/camlibro.com.co\/reading_colombia\/editoriales-2019\/planeta-2019\/&#8221;][\/vc_column_inner][vc_column_inner width=&#8221;1\/5&#8243;][\/vc_column_inner][vc_column_inner width=&#8221;1\/5&#8243;][\/vc_column_inner][\/vc_row_inner][\/vc_column][\/vc_row][vc_row tlg_background_style=&#8221;bg-secondary&#8221; tlg_padding=&#8221;pb0&#8243; css=&#8221;.vc_custom_1568948194274{background-color: #edeaed !important;}&#8221;][vc_column css_animation=&#8221;slideInUp&#8221;][vc_row_inner el_class=&#8221;fila_titulo02&#8243;][vc_column_inner width=&#8221;1\/3&#8243;][vc_single_image image=&#8221;5787&#8243; img_size=&#8221;full&#8221; alignment=&#8221;center&#8221;][\/vc_column_inner][vc_column_inner width=&#8221;2\/3&#8243;]<div class=\"headings-title \"><div class=\"mb0 mb16 mb-xs-40 text-left\"><h5 style=\"color:#00405a!important;font-size:32px;line-height:42px;text-transform: none!important;\" class=\"widgettitle mb10\">Cuerpos<\/h5><div style=\"color:#ba1039!important;font-size:20px;line-height:25px;text-transform: none!important;\" class=\"widgetsubtitle\">VARIAS AUTORAS<\/div><\/div><\/div><div class=\"tlg-spacer \" data-height=\"20\" data-height-tablet=\"20\" data-height-mobile=\"20\" style=\"clear:both;display:block;height:20px;\"><\/div>[vc_column_text]<strong class=\"rojo\">Rese\u00f1a<\/strong><br \/>\nEste libro re\u00fane los relatos de veinte autoras colombianas contempor\u00e1neas que escriben, a veces desde el dolor, a veces desde el erotismo, a veces desde el humor, sobre la experiencia de habitar un cuerpo femenino.<\/p>\n<p><strong class=\"rojo\">Ficha t\u00e9cnica<\/strong><br \/>\nCategor\u00eda: cuento<br \/>\nISBN: 978-958-42-7797-8<br \/>\nFecha de publicaci\u00f3n: 01\/05\/2019<br \/>\nN\u00famero de p\u00e1ginas: 280<br \/>\nFormato: 13.5 x 23 cm[\/vc_column_text][\/vc_column_inner][\/vc_row_inner][\/vc_column][\/vc_row][vc_row full_width=&#8221;stretch_row_content_no_spaces&#8221; tlg_large_container=&#8221;wide-container&#8221; tlg_background_style=&#8221;bg-secondary&#8221; tlg_padding=&#8221;pt64 pb64&#8243; css=&#8221;.vc_custom_1568948249704{background-color: #edeaed !important;}&#8221;][vc_column css_animation=&#8221;slideInUp&#8221; width=&#8221;1\/6&#8243;][vc_column_text]<a href=\"https:\/\/camlibro.com.co\/reading_colombia\/editoriales\/planeta\/\">|\u00ab Volver a la editorial<\/a><em><br \/>\n<\/em>[\/vc_column_text][\/vc_column][vc_column width=&#8221;1\/6&#8243;][\/vc_column][vc_column width=&#8221;1\/6&#8243;][\/vc_column][vc_column width=&#8221;1\/6&#8243;][\/vc_column][vc_column width=&#8221;1\/6&#8243;][\/vc_column][vc_column width=&#8221;1\/6&#8243;][vc_column_text]<a href=\"https:\/\/camlibro.com.co\/reading_colombia\/editoriales\/planeta\/la-batalla-por-la-paz\/\">Siguiente libro \u00bb|<\/a><em><br \/>\n<\/em>[\/vc_column_text][\/vc_column][\/vc_row][vc_row el_class=&#8221;fila_autor&#8221;][vc_column css_animation=&#8221;slideInUp&#8221;][vc_row_inner el_class=&#8221;fila_titulo02&#8243;][vc_column_inner width=&#8221;1\/4&#8243;][vc_column_text]<\/p>\n<div class=\"lightbox-gallery mt16 mt0-vc third-thumbs\" data-gallery-title=\"Cuerpos 2019\"><ul><li>\n\t\t    \t    \t\t\t\t\t<a href=\"https:\/\/camlibro.com.co\/reading_colombia\/wp-content\/uploads\/2019\/10\/Foto-Foto-Adelaida-Fernandez.jpg\" data-lightbox=\"true\" data-title=\"Adelaida Fern\u00e1ndez\">\n\t\t    \t    \t\t\t\t\t\t<div class=\"image-box hover-meta plus-cursor text-center\">\n\t\t\t\t\t\t\t\t\t\t\t    <img src=\"https:\/\/camlibro.com.co\/reading_colombia\/wp-content\/uploads\/2019\/10\/Foto-Foto-Adelaida-Fernandez.jpg\" alt=\"gallery-item\" \/>\n\t\t\t\t\t\t\t\t\t\t\t    <div class=\"meta-caption\">\n\t\t\t\t\t\t\t\t\t\t\t    \t<h5 class=\"color-white to-top mb8\">Adelaida Fern\u00e1ndez<\/h5>\n\t\t\t\t\t\t\t\t\t\t\t    \t<h6 class=\"color-white to-top-after\"><\/h6>\n\t\t\t\t\t\t\t\t\t\t\t    <\/div>\n\t\t\t\t\t\t\t\t\t\t\t<\/div>\n\t    \t    \t        \t\t\t<\/a>\n\t    \t    \t        \t\t<\/li><li>\n\t\t    \t    \t\t\t\t\t<a href=\"https:\/\/camlibro.com.co\/reading_colombia\/wp-content\/uploads\/2019\/10\/Foto-Alejandra-Omana.jpg\" data-lightbox=\"true\" data-title=\"Alejandra Oma\u00f1a\">\n\t\t    \t    \t\t\t\t\t\t<div class=\"image-box hover-meta plus-cursor text-center\">\n\t\t\t\t\t\t\t\t\t\t\t    <img src=\"https:\/\/camlibro.com.co\/reading_colombia\/wp-content\/uploads\/2019\/10\/Foto-Alejandra-Omana.jpg\" alt=\"gallery-item\" \/>\n\t\t\t\t\t\t\t\t\t\t\t    <div class=\"meta-caption\">\n\t\t\t\t\t\t\t\t\t\t\t    \t<h5 class=\"color-white to-top mb8\">Alejandra Oma\u00f1a<\/h5>\n\t\t\t\t\t\t\t\t\t\t\t    \t<h6 class=\"color-white to-top-after\"><\/h6>\n\t\t\t\t\t\t\t\t\t\t\t    <\/div>\n\t\t\t\t\t\t\t\t\t\t\t<\/div>\n\t    \t    \t        \t\t\t<\/a>\n\t    \t    \t        \t\t<\/li><li>\n\t\t    \t    \t\t\t\t\t<a href=\"https:\/\/camlibro.com.co\/reading_colombia\/wp-content\/uploads\/2019\/10\/Foto-Andrea-Mejia.jpg\" data-lightbox=\"true\" data-title=\"Andrea Mej\u00eda\">\n\t\t    \t    \t\t\t\t\t\t<div class=\"image-box hover-meta plus-cursor text-center\">\n\t\t\t\t\t\t\t\t\t\t\t    <img src=\"https:\/\/camlibro.com.co\/reading_colombia\/wp-content\/uploads\/2019\/10\/Foto-Andrea-Mejia.jpg\" alt=\"gallery-item\" \/>\n\t\t\t\t\t\t\t\t\t\t\t    <div class=\"meta-caption\">\n\t\t\t\t\t\t\t\t\t\t\t    \t<h5 class=\"color-white to-top mb8\">Andrea Mej\u00eda<\/h5>\n\t\t\t\t\t\t\t\t\t\t\t    \t<h6 class=\"color-white to-top-after\"><\/h6>\n\t\t\t\t\t\t\t\t\t\t\t    <\/div>\n\t\t\t\t\t\t\t\t\t\t\t<\/div>\n\t    \t    \t        \t\t\t<\/a>\n\t    \t    \t        \t\t<\/li><li>\n\t\t    \t    \t\t\t\t\t<a href=\"https:\/\/camlibro.com.co\/reading_colombia\/wp-content\/uploads\/2019\/10\/Foto-Andrea-Salgado.jpg\" data-lightbox=\"true\" data-title=\"Andrea Salgado\">\n\t\t    \t    \t\t\t\t\t\t<div class=\"image-box hover-meta plus-cursor text-center\">\n\t\t\t\t\t\t\t\t\t\t\t    <img src=\"https:\/\/camlibro.com.co\/reading_colombia\/wp-content\/uploads\/2019\/10\/Foto-Andrea-Salgado.jpg\" alt=\"gallery-item\" \/>\n\t\t\t\t\t\t\t\t\t\t\t    <div class=\"meta-caption\">\n\t\t\t\t\t\t\t\t\t\t\t    \t<h5 class=\"color-white to-top mb8\">Andrea Salgado<\/h5>\n\t\t\t\t\t\t\t\t\t\t\t    \t<h6 class=\"color-white to-top-after\"><\/h6>\n\t\t\t\t\t\t\t\t\t\t\t    <\/div>\n\t\t\t\t\t\t\t\t\t\t\t<\/div>\n\t    \t    \t        \t\t\t<\/a>\n\t    \t    \t        \t\t<\/li><li>\n\t\t    \t    \t\t\t\t\t<a href=\"https:\/\/camlibro.com.co\/reading_colombia\/wp-content\/uploads\/2019\/10\/Foto-Dayana-Zapata-Florez.jpg\" data-lightbox=\"true\" data-title=\"Dayana Zapata Fl\u00f3rez\">\n\t\t    \t    \t\t\t\t\t\t<div class=\"image-box hover-meta plus-cursor text-center\">\n\t\t\t\t\t\t\t\t\t\t\t    <img src=\"https:\/\/camlibro.com.co\/reading_colombia\/wp-content\/uploads\/2019\/10\/Foto-Dayana-Zapata-Florez.jpg\" alt=\"gallery-item\" \/>\n\t\t\t\t\t\t\t\t\t\t\t    <div class=\"meta-caption\">\n\t\t\t\t\t\t\t\t\t\t\t    \t<h5 class=\"color-white to-top mb8\">Dayana Zapata Fl\u00f3rez<\/h5>\n\t\t\t\t\t\t\t\t\t\t\t    \t<h6 class=\"color-white to-top-after\"><\/h6>\n\t\t\t\t\t\t\t\t\t\t\t    <\/div>\n\t\t\t\t\t\t\t\t\t\t\t<\/div>\n\t    \t    \t        \t\t\t<\/a>\n\t    \t    \t        \t\t<\/li><li>\n\t\t    \t    \t\t\t\t\t<a href=\"https:\/\/camlibro.com.co\/reading_colombia\/wp-content\/uploads\/2019\/10\/Foto-Fatima-Velez.jpg\" data-lightbox=\"true\" data-title=\"F\u00e1tima V\u00e9lez\">\n\t\t    \t    \t\t\t\t\t\t<div class=\"image-box hover-meta plus-cursor text-center\">\n\t\t\t\t\t\t\t\t\t\t\t    <img src=\"https:\/\/camlibro.com.co\/reading_colombia\/wp-content\/uploads\/2019\/10\/Foto-Fatima-Velez.jpg\" alt=\"gallery-item\" \/>\n\t\t\t\t\t\t\t\t\t\t\t    <div class=\"meta-caption\">\n\t\t\t\t\t\t\t\t\t\t\t    \t<h5 class=\"color-white to-top mb8\">F\u00e1tima V\u00e9lez<\/h5>\n\t\t\t\t\t\t\t\t\t\t\t    \t<h6 class=\"color-white to-top-after\"><\/h6>\n\t\t\t\t\t\t\t\t\t\t\t    <\/div>\n\t\t\t\t\t\t\t\t\t\t\t<\/div>\n\t    \t    \t        \t\t\t<\/a>\n\t    \t    \t        \t\t<\/li><li>\n\t\t    \t    \t\t\t\t\t<a href=\"https:\/\/camlibro.com.co\/reading_colombia\/wp-content\/uploads\/2019\/10\/isabel_botero.jpg\" data-lightbox=\"true\" data-title=\"Isabel Botero\">\n\t\t    \t    \t\t\t\t\t\t<div class=\"image-box hover-meta plus-cursor text-center\">\n\t\t\t\t\t\t\t\t\t\t\t    <img src=\"https:\/\/camlibro.com.co\/reading_colombia\/wp-content\/uploads\/2019\/10\/isabel_botero.jpg\" alt=\"gallery-item\" \/>\n\t\t\t\t\t\t\t\t\t\t\t    <div class=\"meta-caption\">\n\t\t\t\t\t\t\t\t\t\t\t    \t<h5 class=\"color-white to-top mb8\">Isabel Botero<\/h5>\n\t\t\t\t\t\t\t\t\t\t\t    \t<h6 class=\"color-white to-top-after\"><\/h6>\n\t\t\t\t\t\t\t\t\t\t\t    <\/div>\n\t\t\t\t\t\t\t\t\t\t\t<\/div>\n\t    \t    \t        \t\t\t<\/a>\n\t    \t    \t        \t\t<\/li><li>\n\t\t    \t    \t\t\t\t\t<a href=\"https:\/\/camlibro.com.co\/reading_colombia\/wp-content\/uploads\/2019\/10\/Foto-Juliana-Angel.jpg\" data-lightbox=\"true\" data-title=\"Juliana \u00c1ngel\">\n\t\t    \t    \t\t\t\t\t\t<div class=\"image-box hover-meta plus-cursor text-center\">\n\t\t\t\t\t\t\t\t\t\t\t    <img src=\"https:\/\/camlibro.com.co\/reading_colombia\/wp-content\/uploads\/2019\/10\/Foto-Juliana-Angel.jpg\" alt=\"gallery-item\" \/>\n\t\t\t\t\t\t\t\t\t\t\t    <div class=\"meta-caption\">\n\t\t\t\t\t\t\t\t\t\t\t    \t<h5 class=\"color-white to-top mb8\">Juliana \u00c1ngel<\/h5>\n\t\t\t\t\t\t\t\t\t\t\t    \t<h6 class=\"color-white to-top-after\"><\/h6>\n\t\t\t\t\t\t\t\t\t\t\t    <\/div>\n\t\t\t\t\t\t\t\t\t\t\t<\/div>\n\t    \t    \t        \t\t\t<\/a>\n\t    \t    \t        \t\t<\/li><li>\n\t\t    \t    \t\t\t\t\t<a href=\"https:\/\/camlibro.com.co\/reading_colombia\/wp-content\/uploads\/2019\/10\/maria_ospina.jpg\" data-lightbox=\"true\" data-title=\"Mar\u00eda Ospina\">\n\t\t    \t    \t\t\t\t\t\t<div class=\"image-box hover-meta plus-cursor text-center\">\n\t\t\t\t\t\t\t\t\t\t\t    <img src=\"https:\/\/camlibro.com.co\/reading_colombia\/wp-content\/uploads\/2019\/10\/maria_ospina.jpg\" alt=\"gallery-item\" \/>\n\t\t\t\t\t\t\t\t\t\t\t    <div class=\"meta-caption\">\n\t\t\t\t\t\t\t\t\t\t\t    \t<h5 class=\"color-white to-top mb8\">Mar\u00eda Ospina<\/h5>\n\t\t\t\t\t\t\t\t\t\t\t    \t<h6 class=\"color-white to-top-after\"><\/h6>\n\t\t\t\t\t\t\t\t\t\t\t    <\/div>\n\t\t\t\t\t\t\t\t\t\t\t<\/div>\n\t    \t    \t        \t\t\t<\/a>\n\t    \t    \t        \t\t<\/li><li>\n\t\t    \t    \t\t\t\t\t<a href=\"https:\/\/camlibro.com.co\/reading_colombia\/wp-content\/uploads\/2019\/10\/Foto-Juliana-Munoz.jpg\" data-lightbox=\"true\" data-title=\"Juliana Mu\u00f1oz\">\n\t\t    \t    \t\t\t\t\t\t<div class=\"image-box hover-meta plus-cursor text-center\">\n\t\t\t\t\t\t\t\t\t\t\t    <img src=\"https:\/\/camlibro.com.co\/reading_colombia\/wp-content\/uploads\/2019\/10\/Foto-Juliana-Munoz.jpg\" alt=\"gallery-item\" \/>\n\t\t\t\t\t\t\t\t\t\t\t    <div class=\"meta-caption\">\n\t\t\t\t\t\t\t\t\t\t\t    \t<h5 class=\"color-white to-top mb8\">Juliana Mu\u00f1oz<\/h5>\n\t\t\t\t\t\t\t\t\t\t\t    \t<h6 class=\"color-white to-top-after\"><\/h6>\n\t\t\t\t\t\t\t\t\t\t\t    <\/div>\n\t\t\t\t\t\t\t\t\t\t\t<\/div>\n\t    \t    \t        \t\t\t<\/a>\n\t    \t    \t        \t\t<\/li><li>\n\t\t    \t    \t\t\t\t\t<a href=\"https:\/\/camlibro.com.co\/reading_colombia\/wp-content\/uploads\/2019\/10\/Foto-Juliana-Restrepo.jpg\" data-lightbox=\"true\" data-title=\"Juliana Restrepo\">\n\t\t    \t    \t\t\t\t\t\t<div class=\"image-box hover-meta plus-cursor text-center\">\n\t\t\t\t\t\t\t\t\t\t\t    <img src=\"https:\/\/camlibro.com.co\/reading_colombia\/wp-content\/uploads\/2019\/10\/Foto-Juliana-Restrepo.jpg\" alt=\"gallery-item\" \/>\n\t\t\t\t\t\t\t\t\t\t\t    <div class=\"meta-caption\">\n\t\t\t\t\t\t\t\t\t\t\t    \t<h5 class=\"color-white to-top mb8\">Juliana Restrepo<\/h5>\n\t\t\t\t\t\t\t\t\t\t\t    \t<h6 class=\"color-white to-top-after\"><\/h6>\n\t\t\t\t\t\t\t\t\t\t\t    <\/div>\n\t\t\t\t\t\t\t\t\t\t\t<\/div>\n\t    \t    \t        \t\t\t<\/a>\n\t    \t    \t        \t\t<\/li><li>\n\t\t    \t    \t\t\t\t\t<a href=\"https:\/\/camlibro.com.co\/reading_colombia\/wp-content\/uploads\/2019\/10\/Foto-Lina-Maria-Parra-Ochoa.jpg\" data-lightbox=\"true\" data-title=\"Lina Mar\u00eda Parra Ochoa\">\n\t\t    \t    \t\t\t\t\t\t<div class=\"image-box hover-meta plus-cursor text-center\">\n\t\t\t\t\t\t\t\t\t\t\t    <img src=\"https:\/\/camlibro.com.co\/reading_colombia\/wp-content\/uploads\/2019\/10\/Foto-Lina-Maria-Parra-Ochoa.jpg\" alt=\"gallery-item\" \/>\n\t\t\t\t\t\t\t\t\t\t\t    <div class=\"meta-caption\">\n\t\t\t\t\t\t\t\t\t\t\t    \t<h5 class=\"color-white to-top mb8\">Lina Mar\u00eda Parra Ochoa<\/h5>\n\t\t\t\t\t\t\t\t\t\t\t    \t<h6 class=\"color-white to-top-after\"><\/h6>\n\t\t\t\t\t\t\t\t\t\t\t    <\/div>\n\t\t\t\t\t\t\t\t\t\t\t<\/div>\n\t    \t    \t        \t\t\t<\/a>\n\t    \t    \t        \t\t<\/li><li>\n\t\t    \t    \t\t\t\t\t<a href=\"https:\/\/camlibro.com.co\/reading_colombia\/wp-content\/uploads\/2019\/10\/Foto-Lina-Tono.jpg\" data-lightbox=\"true\" data-title=\"Lina Tono\">\n\t\t    \t    \t\t\t\t\t\t<div class=\"image-box hover-meta plus-cursor text-center\">\n\t\t\t\t\t\t\t\t\t\t\t    <img src=\"https:\/\/camlibro.com.co\/reading_colombia\/wp-content\/uploads\/2019\/10\/Foto-Lina-Tono.jpg\" alt=\"gallery-item\" \/>\n\t\t\t\t\t\t\t\t\t\t\t    <div class=\"meta-caption\">\n\t\t\t\t\t\t\t\t\t\t\t    \t<h5 class=\"color-white to-top mb8\">Lina Tono<\/h5>\n\t\t\t\t\t\t\t\t\t\t\t    \t<h6 class=\"color-white to-top-after\"><\/h6>\n\t\t\t\t\t\t\t\t\t\t\t    <\/div>\n\t\t\t\t\t\t\t\t\t\t\t<\/div>\n\t    \t    \t        \t\t\t<\/a>\n\t    \t    \t        \t\t<\/li><li>\n\t\t    \t    \t\t\t\t\t<a href=\"https:\/\/camlibro.com.co\/reading_colombia\/wp-content\/uploads\/2019\/10\/Foto-Maria-Angela-Urbina.jpg\" data-lightbox=\"true\" data-title=\"Mar\u00eda \u00c1ngela Urbina\">\n\t\t    \t    \t\t\t\t\t\t<div class=\"image-box hover-meta plus-cursor text-center\">\n\t\t\t\t\t\t\t\t\t\t\t    <img src=\"https:\/\/camlibro.com.co\/reading_colombia\/wp-content\/uploads\/2019\/10\/Foto-Maria-Angela-Urbina.jpg\" alt=\"gallery-item\" \/>\n\t\t\t\t\t\t\t\t\t\t\t    <div class=\"meta-caption\">\n\t\t\t\t\t\t\t\t\t\t\t    \t<h5 class=\"color-white to-top mb8\">Mar\u00eda \u00c1ngela Urbina<\/h5>\n\t\t\t\t\t\t\t\t\t\t\t    \t<h6 class=\"color-white to-top-after\"><\/h6>\n\t\t\t\t\t\t\t\t\t\t\t    <\/div>\n\t\t\t\t\t\t\t\t\t\t\t<\/div>\n\t    \t    \t        \t\t\t<\/a>\n\t    \t    \t        \t\t<\/li><li>\n\t\t    \t    \t\t\t\t\t<a href=\"https:\/\/camlibro.com.co\/reading_colombia\/wp-content\/uploads\/2019\/10\/maria_delmar_ramon.jpg\" data-lightbox=\"true\" data-title=\"Mar\u00eda del Mar Ram\u00f3n\">\n\t\t    \t    \t\t\t\t\t\t<div class=\"image-box hover-meta plus-cursor text-center\">\n\t\t\t\t\t\t\t\t\t\t\t    <img src=\"https:\/\/camlibro.com.co\/reading_colombia\/wp-content\/uploads\/2019\/10\/maria_delmar_ramon.jpg\" alt=\"gallery-item\" \/>\n\t\t\t\t\t\t\t\t\t\t\t    <div class=\"meta-caption\">\n\t\t\t\t\t\t\t\t\t\t\t    \t<h5 class=\"color-white to-top mb8\">Mar\u00eda del Mar Ram\u00f3n<\/h5>\n\t\t\t\t\t\t\t\t\t\t\t    \t<h6 class=\"color-white to-top-after\"><\/h6>\n\t\t\t\t\t\t\t\t\t\t\t    <\/div>\n\t\t\t\t\t\t\t\t\t\t\t<\/div>\n\t    \t    \t        \t\t\t<\/a>\n\t    \t    \t        \t\t<\/li><li>\n\t\t    \t    \t\t\t\t\t<a href=\"https:\/\/camlibro.com.co\/reading_colombia\/wp-content\/uploads\/2019\/10\/Foto-Melba-Escobar.jpg\" data-lightbox=\"true\" data-title=\"Melba Escobar\">\n\t\t    \t    \t\t\t\t\t\t<div class=\"image-box hover-meta plus-cursor text-center\">\n\t\t\t\t\t\t\t\t\t\t\t    <img src=\"https:\/\/camlibro.com.co\/reading_colombia\/wp-content\/uploads\/2019\/10\/Foto-Melba-Escobar.jpg\" alt=\"gallery-item\" \/>\n\t\t\t\t\t\t\t\t\t\t\t    <div class=\"meta-caption\">\n\t\t\t\t\t\t\t\t\t\t\t    \t<h5 class=\"color-white to-top mb8\">Melba Escobar<\/h5>\n\t\t\t\t\t\t\t\t\t\t\t    \t<h6 class=\"color-white to-top-after\"><\/h6>\n\t\t\t\t\t\t\t\t\t\t\t    <\/div>\n\t\t\t\t\t\t\t\t\t\t\t<\/div>\n\t    \t    \t        \t\t\t<\/a>\n\t    \t    \t        \t\t<\/li><li>\n\t\t    \t    \t\t\t\t\t<a href=\"https:\/\/camlibro.com.co\/reading_colombia\/wp-content\/uploads\/2019\/10\/paula_guevara.jpg\" data-lightbox=\"true\" data-title=\"Paula Guevara\">\n\t\t    \t    \t\t\t\t\t\t<div class=\"image-box hover-meta plus-cursor text-center\">\n\t\t\t\t\t\t\t\t\t\t\t    <img src=\"https:\/\/camlibro.com.co\/reading_colombia\/wp-content\/uploads\/2019\/10\/paula_guevara.jpg\" alt=\"gallery-item\" \/>\n\t\t\t\t\t\t\t\t\t\t\t    <div class=\"meta-caption\">\n\t\t\t\t\t\t\t\t\t\t\t    \t<h5 class=\"color-white to-top mb8\">Paula Guevara<\/h5>\n\t\t\t\t\t\t\t\t\t\t\t    \t<h6 class=\"color-white to-top-after\"><\/h6>\n\t\t\t\t\t\t\t\t\t\t\t    <\/div>\n\t\t\t\t\t\t\t\t\t\t\t<\/div>\n\t    \t    \t        \t\t\t<\/a>\n\t    \t    \t        \t\t<\/li><li>\n\t\t    \t    \t\t\t\t\t<a href=\"https:\/\/camlibro.com.co\/reading_colombia\/wp-content\/uploads\/2019\/10\/tatiana_andrade.jpg\" data-lightbox=\"true\" data-title=\"Tatiana Andrade\">\n\t\t    \t    \t\t\t\t\t\t<div class=\"image-box hover-meta plus-cursor text-center\">\n\t\t\t\t\t\t\t\t\t\t\t    <img src=\"https:\/\/camlibro.com.co\/reading_colombia\/wp-content\/uploads\/2019\/10\/tatiana_andrade.jpg\" alt=\"gallery-item\" \/>\n\t\t\t\t\t\t\t\t\t\t\t    <div class=\"meta-caption\">\n\t\t\t\t\t\t\t\t\t\t\t    \t<h5 class=\"color-white to-top mb8\">Tatiana Andrade<\/h5>\n\t\t\t\t\t\t\t\t\t\t\t    \t<h6 class=\"color-white to-top-after\"><\/h6>\n\t\t\t\t\t\t\t\t\t\t\t    <\/div>\n\t\t\t\t\t\t\t\t\t\t\t<\/div>\n\t    \t    \t        \t\t\t<\/a>\n\t    \t    \t        \t\t<\/li><li>\n\t\t    \t    \t\t\t\t\t<a href=\"https:\/\/camlibro.com.co\/reading_colombia\/wp-content\/uploads\/2019\/10\/valentina_calvache.jpg\" data-lightbox=\"true\" data-title=\"Valentina Calvache\">\n\t\t    \t    \t\t\t\t\t\t<div class=\"image-box hover-meta plus-cursor text-center\">\n\t\t\t\t\t\t\t\t\t\t\t    <img src=\"https:\/\/camlibro.com.co\/reading_colombia\/wp-content\/uploads\/2019\/10\/valentina_calvache.jpg\" alt=\"gallery-item\" \/>\n\t\t\t\t\t\t\t\t\t\t\t    <div class=\"meta-caption\">\n\t\t\t\t\t\t\t\t\t\t\t    \t<h5 class=\"color-white to-top mb8\">Valentina Calvache<\/h5>\n\t\t\t\t\t\t\t\t\t\t\t    \t<h6 class=\"color-white to-top-after\"><\/h6>\n\t\t\t\t\t\t\t\t\t\t\t    <\/div>\n\t\t\t\t\t\t\t\t\t\t\t<\/div>\n\t    \t    \t        \t\t\t<\/a>\n\t    \t    \t        \t\t<\/li><\/ul><\/div>\n<p>[\/vc_column_text][\/vc_column_inner][vc_column_inner width=&#8221;3\/4&#8243;]<div class=\"headings-title \"><div class=\"mb0 mb16 mb-xs-40 text-left\"><h5 style=\"color:#00405a!important;font-size:25px;line-height:35px;text-transform: none!important;\" class=\"widgettitle mb10\">Autoras<\/h5><\/div><\/div>[vc_column_text] Adelaida Fern\u00e1ndez (Cali, 1954); M\u00f3nica Gil Restrepo (Medell\u00edn, 1975); Melba Escobar (Cali, 1976); Isabel Botero (Medell\u00edn, 1976); Paola Guevara (Cali, 1977); Mar\u00eda Ospina (Bogot\u00e1, 1977); Andrea Salgado (Sevilla, Cauca, 1977); Juliana Restrepo (Medell\u00edn, 1982); Tatiana Andrade (Bogot\u00e1, 1977); Andrea Mej\u00eda (Bogot\u00e1, 1978); Lina Parra (Medell\u00edn, 1986); F\u00e1tima V\u00e9lez (Manizales, 1985); Lina Tono (Ceret\u00e9, C\u00f3rdoba, 1984); Juliana Mu\u00f1oz Toro (Bogot\u00e1, 1988); Juliana \u00c1ngel (Bogot\u00e1, 1988); Dayana Zapata (Raspadura, Choc\u00f3, 1990); Valentina Calvache (Bogot\u00e1, 1990); Alejandra Oma\u00f1a (C\u00facuta, 1993); Mari\u00e1ngela Urbina, (Bucaramanga, 1993); Mar\u00eda del Mar Ram\u00f3n (Bogot\u00e1, 1992).[\/vc_column_text][\/vc_column_inner][\/vc_row_inner][\/vc_column][\/vc_row]<\/p>\n","protected":false},"excerpt":{"rendered":"<p>[vc_row full_width=&#8221;stretch_row&#8221; css=&#8221;.vc_custom_1568944382506{background-color: #ffffff !important;}&#8221;][vc_column][vc_row_inner][vc_column_inner width=&#8221;1\/5&#8243;][\/vc_column_inner][vc_column_inner width=&#8221;1\/5&#8243;][\/vc_column_inner][vc_column_inner width=&#8221;1\/5&#8243;][vc_single_image image=&#8221;5468&#8243; img_size=&#8221;full&#8221; alignment=&#8221;center&#8221; onclick=&#8221;custom_link&#8221; link=&#8221;https:\/\/camlibro.com.co\/reading_colombia\/editoriales-2019\/planeta-2019\/&#8221;][\/vc_column_inner][vc_column_inner width=&#8221;1\/5&#8243;][\/vc_column_inner][vc_column_inner width=&#8221;1\/5&#8243;][\/vc_column_inner][\/vc_row_inner][\/vc_column][\/vc_row][vc_row tlg_background_style=&#8221;bg-secondary&#8221;&#8230;<\/p>\n","protected":false},"author":2,"featured_media":0,"parent":5980,"menu_order":0,"comment_status":"closed","ping_status":"closed","template":"","meta":[],"translation":{"provider":"WPGlobus","version":"2.12.2","language":"en","enabled_languages":["es","en"],"languages":{"es":{"title":true,"content":true,"excerpt":false},"en":{"title":false,"content":false,"excerpt":false}}},"_links":{"self":[{"href":"https:\/\/camlibro.com.co\/reading_colombia\/en\/wp-json\/wp\/v2\/pages\/5992"}],"collection":[{"href":"https:\/\/camlibro.com.co\/reading_colombia\/en\/wp-json\/wp\/v2\/pages"}],"about":[{"href":"https:\/\/camlibro.com.co\/reading_colombia\/en\/wp-json\/wp\/v2\/types\/page"}],"author":[{"embeddable":true,"href":"https:\/\/camlibro.com.co\/reading_colombia\/en\/wp-json\/wp\/v2\/users\/2"}],"replies":[{"embeddable":true,"href":"https:\/\/camlibro.com.co\/reading_colombia\/en\/wp-json\/wp\/v2\/comments?post=5992"}],"version-history":[{"count":26,"href":"https:\/\/camlibro.com.co\/reading_colombia\/en\/wp-json\/wp\/v2\/pages\/5992\/revisions"}],"predecessor-version":[{"id":8059,"href":"https:\/\/camlibro.com.co\/reading_colombia\/en\/wp-json\/wp\/v2\/pages\/5992\/revisions\/8059"}],"up":[{"embeddable":true,"href":"https:\/\/camlibro.com.co\/reading_colombia\/en\/wp-json\/wp\/v2\/pages\/5980"}],"wp:attachment":[{"href":"https:\/\/camlibro.com.co\/reading_colombia\/en\/wp-json\/wp\/v2\/media?parent=5992"}],"curies":[{"name":"wp","href":"https:\/\/api.w.org\/{rel}","templated":true}]}}