{"id":6204,"date":"2019-10-08T20:07:09","date_gmt":"2019-10-09T01:07:09","guid":{"rendered":"https:\/\/camlibro.com.co\/reading_colombia\/?page_id=6204"},"modified":"2022-10-04T23:58:49","modified_gmt":"2022-10-05T04:58:49","slug":"por-favor-no-leas-este-libro-2019","status":"publish","type":"page","link":"https:\/\/camlibro.com.co\/reading_colombia\/en\/editoriales-2019\/sm-2019\/por-favor-no-leas-este-libro-2019\/","title":{"rendered":"Por favor \u00a1no leas este libro! 2019"},"content":{"rendered":"<p>[vc_row full_width=&#8221;stretch_row&#8221; css=&#8221;.vc_custom_1568944382506{background-color: #ffffff !important;}&#8221;][vc_column]<div class=\"tlg-spacer \" data-height=\"80\" data-height-tablet=\"40\" data-height-mobile=\"40\" style=\"clear:both;display:block;height:80px;\"><\/div>[vc_row_inner][vc_column_inner width=&#8221;1\/5&#8243;][\/vc_column_inner][vc_column_inner width=&#8221;1\/5&#8243;][\/vc_column_inner][vc_column_inner width=&#8221;1\/5&#8243;][vc_single_image image=&#8221;5488&#8243; img_size=&#8221;full&#8221; alignment=&#8221;center&#8221; onclick=&#8221;custom_link&#8221; link=&#8221;https:\/\/camlibro.com.co\/reading_colombia\/editoriales-2019\/sm-2019\/&#8221;][\/vc_column_inner][vc_column_inner width=&#8221;1\/5&#8243;][\/vc_column_inner][vc_column_inner width=&#8221;1\/5&#8243;][\/vc_column_inner][\/vc_row_inner][\/vc_column][\/vc_row][vc_row tlg_background_style=&#8221;bg-secondary&#8221; tlg_padding=&#8221;pb0&#8243; css=&#8221;.vc_custom_1568948194274{background-color: #edeaed !important;}&#8221;][vc_column css_animation=&#8221;slideInUp&#8221;][vc_row_inner el_class=&#8221;fila_titulo02&#8243;][vc_column_inner width=&#8221;1\/3&#8243;][vc_single_image image=&#8221;6186&#8243; img_size=&#8221;full&#8221; alignment=&#8221;center&#8221;][\/vc_column_inner][vc_column_inner width=&#8221;2\/3&#8243;]<div class=\"headings-title \"><div class=\"mb0 mb16 mb-xs-40 text-left\"><h5 style=\"color:#00405a!important;font-size:32px;line-height:42px;text-transform: none!important;\" class=\"widgettitle mb10\">Por favor, \u00a1no leas este libro!<\/h5><div style=\"color:#ba1039!important;font-size:20px;line-height:25px;text-transform: none!important;\" class=\"widgetsubtitle\">JOHN FITZGERALD TORRES<\/div><\/div><\/div><div class=\"tlg-spacer \" data-height=\"20\" data-height-tablet=\"20\" data-height-mobile=\"20\" style=\"clear:both;display:block;height:20px;\"><\/div>[vc_column_text]<strong class=\"rojo\">Rese\u00f1a<\/strong><br \/>\nLorenzo quiere disfrutar la semana de receso del colegio, pero no imagina que algo que luce tan inofensivo como un libro puede estropearlo todo: su tranquilidad, sus relaciones personales, su diversi\u00f3n y hasta sus sue\u00f1os. Al final descubre cierta magia en aquel objeto rectangular, alargado y misterioso.<\/p>\n<p><strong class=\"rojo\">Ficha t\u00e9cnica<\/strong><br \/>\nCategor\u00eda: literatura infantil y juvenil<br \/>\nISBN: 978-958-773-139-2<br \/>\nFecha de publicaci\u00f3n: 25\/03\/2014<br \/>\nN\u00famero de p\u00e1ginas: 95<br \/>\nFormato: 12 x 19 cm[\/vc_column_text][\/vc_column_inner][\/vc_row_inner][\/vc_column][\/vc_row][vc_row full_width=&#8221;stretch_row_content_no_spaces&#8221; tlg_large_container=&#8221;wide-container&#8221; tlg_background_style=&#8221;bg-secondary&#8221; tlg_padding=&#8221;pt64 pb64&#8243; css=&#8221;.vc_custom_1568948249704{background-color: #edeaed !important;}&#8221;][vc_column css_animation=&#8221;slideInUp&#8221; width=&#8221;1\/6&#8243;][vc_column_text]<a href=\"https:\/\/camlibro.com.co\/reading_colombia\/editoriales\/sm\/\">|\u00ab Volver a la editorial<\/a><em><br \/>\n<\/em>[\/vc_column_text][\/vc_column][vc_column width=&#8221;1\/6&#8243;][\/vc_column][vc_column width=&#8221;1\/6&#8243;][\/vc_column][vc_column width=&#8221;1\/6&#8243;][\/vc_column][vc_column width=&#8221;1\/6&#8243;][\/vc_column][vc_column width=&#8221;1\/6&#8243;][vc_column_text]<a href=\"https:\/\/camlibro.com.co\/reading_colombia\/editoriales\/talleres-de-edicion-rocca\/botella-papel\/\">Siguiente libro \u00bb|<\/a><em><br \/>\n<\/em>[\/vc_column_text][\/vc_column][\/vc_row][vc_row el_class=&#8221;fila_autor&#8221;][vc_column css_animation=&#8221;slideInUp&#8221;][vc_row_inner el_class=&#8221;fila_titulo02&#8243;][vc_column_inner width=&#8221;1\/4&#8243;][vc_single_image image=&#8221;6185&#8243; img_size=&#8221;full&#8221; alignment=&#8221;center&#8221;][\/vc_column_inner][vc_column_inner width=&#8221;3\/4&#8243;]<div class=\"headings-title \"><div class=\"mb0 mb16 mb-xs-40 text-left\"><h5 style=\"color:#00405a!important;font-size:25px;line-height:35px;text-transform: none!important;\" class=\"widgettitle mb10\">Biograf\u00eda del autor<\/h5><\/div><\/div>[vc_column_text]<strong class=\"rojo2\">John Fitzgerald Torres (Bogot\u00e1, 1964).<\/strong> Poeta y narrador. Mag\u00edster en Literatura, es tallerista de poes\u00eda y promotor de lectura. Ganador del VI Premio de Literatura Infantil Barco de Vapor-Biblioteca Luis \u00c1ngel Arango, con el libro <em>Por favor, \u00a1no leas este libro!<\/em> en 2013.[\/vc_column_text][\/vc_column_inner][\/vc_row_inner][\/vc_column][\/vc_row]<\/p>\n","protected":false},"excerpt":{"rendered":"<p>[vc_row full_width=&#8221;stretch_row&#8221; css=&#8221;.vc_custom_1568944382506{background-color: #ffffff !important;}&#8221;][vc_column][vc_row_inner][vc_column_inner width=&#8221;1\/5&#8243;][\/vc_column_inner][vc_column_inner width=&#8221;1\/5&#8243;][\/vc_column_inner][vc_column_inner width=&#8221;1\/5&#8243;][vc_single_image image=&#8221;5488&#8243; img_size=&#8221;full&#8221; alignment=&#8221;center&#8221; onclick=&#8221;custom_link&#8221; link=&#8221;https:\/\/camlibro.com.co\/reading_colombia\/editoriales-2019\/sm-2019\/&#8221;][\/vc_column_inner][vc_column_inner width=&#8221;1\/5&#8243;][\/vc_column_inner][vc_column_inner width=&#8221;1\/5&#8243;][\/vc_column_inner][\/vc_row_inner][\/vc_column][\/vc_row][vc_row tlg_background_style=&#8221;bg-secondary&#8221;&#8230;<\/p>\n","protected":false},"author":2,"featured_media":0,"parent":6172,"menu_order":0,"comment_status":"closed","ping_status":"closed","template":"","meta":[],"translation":{"provider":"WPGlobus","version":"2.12.2","language":"en","enabled_languages":["es","en"],"languages":{"es":{"title":true,"content":true,"excerpt":false},"en":{"title":false,"content":false,"excerpt":false}}},"_links":{"self":[{"href":"https:\/\/camlibro.com.co\/reading_colombia\/en\/wp-json\/wp\/v2\/pages\/6204"}],"collection":[{"href":"https:\/\/camlibro.com.co\/reading_colombia\/en\/wp-json\/wp\/v2\/pages"}],"about":[{"href":"https:\/\/camlibro.com.co\/reading_colombia\/en\/wp-json\/wp\/v2\/types\/page"}],"author":[{"embeddable":true,"href":"https:\/\/camlibro.com.co\/reading_colombia\/en\/wp-json\/wp\/v2\/users\/2"}],"replies":[{"embeddable":true,"href":"https:\/\/camlibro.com.co\/reading_colombia\/en\/wp-json\/wp\/v2\/comments?post=6204"}],"version-history":[{"count":11,"href":"https:\/\/camlibro.com.co\/reading_colombia\/en\/wp-json\/wp\/v2\/pages\/6204\/revisions"}],"predecessor-version":[{"id":8109,"href":"https:\/\/camlibro.com.co\/reading_colombia\/en\/wp-json\/wp\/v2\/pages\/6204\/revisions\/8109"}],"up":[{"embeddable":true,"href":"https:\/\/camlibro.com.co\/reading_colombia\/en\/wp-json\/wp\/v2\/pages\/6172"}],"wp:attachment":[{"href":"https:\/\/camlibro.com.co\/reading_colombia\/en\/wp-json\/wp\/v2\/media?parent=6204"}],"curies":[{"name":"wp","href":"https:\/\/api.w.org\/{rel}","templated":true}]}}