{"id":6790,"date":"2019-11-14T15:19:28","date_gmt":"2019-11-14T20:19:28","guid":{"rendered":"https:\/\/camlibro.com.co\/reading_colombia\/?page_id=6790"},"modified":"2022-10-05T00:01:19","modified_gmt":"2022-10-05T05:01:19","slug":"organizadores","status":"publish","type":"page","link":"https:\/\/camlibro.com.co\/reading_colombia\/en\/organizadores\/","title":{"rendered":"Organizadores"},"content":{"rendered":"<p>[vc_row tlg_padding=&#8221;pb0&#8243; css=&#8221;.vc_custom_1573766486347{background-color: #ffffff !important;}&#8221; el_class=&#8221;fila_titulo&#8221;][vc_column]<div class=\"tlg-spacer \" data-height=\"80\" data-height-tablet=\"50\" data-height-mobile=\"30\" style=\"clear:both;display:block;height:80px;\"><\/div><div class=\"headings-title \"><div class=\"mb0 mb16 mb-xs-40 text-left\"><h5 style=\"color:#00405a!important;font-size:36px;line-height:46px;text-transform: none!important;\" class=\"widgettitle mb10\">Organizadores<\/h5><\/div><\/div>[\/vc_column][\/vc_row][vc_row tlg_background_style=&#8221;bg-secondary&#8221; css=&#8221;.vc_custom_1573766495871{background-color: #ffffff !important;}&#8221;][vc_column css_animation=&#8221;slideInUp&#8221;][vc_row_inner el_class=&#8221;fila_titulo02&#8243;][vc_column_inner width=&#8221;1\/3&#8243;][vc_single_image image=&#8221;6946&#8243; img_size=&#8221;full&#8221; alignment=&#8221;center&#8221;][\/vc_column_inner][vc_column_inner width=&#8221;2\/3&#8243;]<div class=\"headings-title \"><div class=\"mb0 mb16 mb-xs-40 text-left\"><h5 style=\"color:#00405a!important;font-size:36px;line-height:46px;text-transform: none!important;\" class=\"widgettitle mb10\">Ang\u00e9lica Mar\u00eda Mayolo Obreg\u00f3n<\/h5><div style=\"color:#ba1039!important;font-size:24px;line-height:29px;text-transform: none!important;\" class=\"widgetsubtitle\">Ministra de Cultura de Colombia<\/div><\/div><\/div>[vc_column_text]Abogada de la Pontificia Universidad Javeriana de Cali, con maestr\u00eda en Derecho Internacional de la Universidad de California, Estados Unidos, y especialista en Derecho Administrativo. Con experiencia profesional como gerente p\u00fablica, asesora y consultora. \u00a0En 2014, la Revista Semana la incluy\u00f3 en el Especial 30 j\u00f3venes menores de 30 con proyecci\u00f3n para transformar Colombia.<\/p>\n<p>En cuanto a su carrera profesional, la ministra Mayolo fue presidenta Ejecutiva de la C\u00e1mara de Comercio de Buenaventura, en donde lider\u00f3 la implementaci\u00f3n de programas de reactivaci\u00f3n econ\u00f3mica trabajando con emprendedores y micros y peque\u00f1os empresarios.<\/p>\n<p>Adicionalmente, se desempe\u00f1\u00f3 como secretaria de Desarrollo Econ\u00f3mico de Cali, en donde lider\u00f3 la formulaci\u00f3n y aprobaci\u00f3n de la Pol\u00edtica P\u00fablica de Desarrollo Econ\u00f3mico para esta ciudad, un plan de acci\u00f3n a 10 a\u00f1os para impulsar el desarrollo empresarial, la atracci\u00f3n de inversi\u00f3n y la generaci\u00f3n de empleo, donde una de sus mayores apuestas se centr\u00f3 en la estrategia de econom\u00eda creativa, apost\u00e1ndole a la cultura como eje central de transformaci\u00f3n socioecon\u00f3mica sostenible.<\/p>\n<p>En ese sentido, logr\u00f3 que Cali fuera reconocida por la UNESCO como ciudad creativa en Media Arts, potencializ\u00f3 el Movimiento de Empresas Creativas, como uno de los m\u00e1s importantes festivales intersectorial del pa\u00eds. Asimismo, desde este espaci\u00f3 tambi\u00e9n apoy\u00f3 diferentes festivales culturales, entre los que se destacan la Feria de Cali y el Festival de M\u00fasica del Pac\u00edfico Petronio \u00c1lvarez, atrayendo a prensa internacional para impulsar el festival como la muestra m\u00e1s importante de la cultura del Pac\u00edfico colombiano.<\/p>\n<p>De igual forma, inaugur\u00f3 con el Ministerio de Cultura el Taller Escuela de Artes Gr\u00e1ficas La Linterna, el primero en la ciudad de Cali, incentivando de esta manera la visibilizaci\u00f3n y salvaguarda de este importante arte, brindando adem\u00e1s la oportunidad a j\u00f3venes de formarse en estos saberes.<\/p>\n<p>Por otro lado, fue jefe de la Oficina de Asuntos Internacionales del Ministerio de Ambiente y Desarrollo Sostenible, y tambi\u00e9n estuvo en la Direcci\u00f3n de Ciudades Sostenibles de Findeter, en donde apoy\u00f3 la articulaci\u00f3n de los programas de Findeter con el Plan Todos Somos Pazc\u00edfico, una importante iniciativa del Gobierno Nacional enfocada en contribuir al desarrollo social, econ\u00f3mico y ambiental del Litoral Pac\u00edfico.<\/p>\n<p>Asimismo, entre sus experiencias profesionales Mayolo asesor\u00f3 a la Alta Consejer\u00eda para la Competitividad y Proyectos Estrat\u00e9gicos de la Presidencia en el desarrollo del proyecto zona especial de actividades econ\u00f3micas en Buenaventura, y en la coordinaci\u00f3n de los planes y proyectos del Gobierno en este puerto del Pac\u00edfico. Desde ProPac\u00edfico, Cali, asesor\u00f3 a la direcci\u00f3n ejecutiva en estrategias para el impulso a proyectos que promueven la competitividad en la regi\u00f3n y mecanismos para facilitar la articulaci\u00f3n con organizaciones comunitarias.[\/vc_column_text][\/vc_column_inner][\/vc_row_inner]<div class=\"tlg-spacer \" data-height=\"80\" data-height-tablet=\"60\" data-height-mobile=\"40\" style=\"clear:both;display:block;height:80px;\"><\/div>[vc_row_inner disable_element=&#8221;yes&#8221; el_class=&#8221;fila_titulo02&#8243;][vc_column_inner width=&#8221;1\/3&#8243;][vc_single_image image=&#8221;6834&#8243; img_size=&#8221;full&#8221; alignment=&#8221;center&#8221;][\/vc_column_inner][vc_column_inner width=&#8221;2\/3&#8243;]<div class=\"headings-title \"><div class=\"mb0 mb16 mb-xs-40 text-left\"><h5 style=\"color:#00405a!important;font-size:36px;line-height:46px;text-transform: none!important;\" class=\"widgettitle mb10\">Enrique Gonz\u00e1lez Villa<\/h5><div style=\"color:#ba1039!important;font-size:24px;line-height:29px;text-transform: none!important;\" class=\"widgetsubtitle\">Presidente Ejecutivo de la C\u00e1mara Colombiana del Libro<\/div><\/div><\/div>[vc_column_text]Para que los libros lleguen a manos de los lectores, deben transitar por m\u00faltiples caminos, algunos m\u00e1s sencillos que otros, pero en todos est\u00e1n involucrados un equipo de profesionales que buscan garantizar la calidad de esa producci\u00f3n que vemos habitualmente en los estantes de las librer\u00edas, bibliotecas, colegios, universidades, espacios no convencionales de lectura, etc.<\/p>\n<p>En los \u00faltimos a\u00f1os el crecimiento del sector editorial en Colombia ha sido bastante estable, as\u00ed lo demuestra el m\u00e1s reciente estudio presentado por la C\u00e1mara Colombiana del Libro, en el que se\u00f1alamos que la edici\u00f3n comercial en Colombia creci\u00f3 2,5%, en 2018, a\u00f1o en el que se imprimieron 44,5 millones de ejemplares de los cuales el 44% corresponde a libros de inter\u00e9s general, es decir, novela, cuento, poes\u00eda, ensayo, esto demuestra la solidez del sector en materia de publicaci\u00f3n. Mientras las exportaciones colombianas de libros se han reducido, el mercado interno de libros ha crecido significativamente.<\/p>\n<p>Por eso, cada acci\u00f3n que realicemos juntos, la industria editorial y el Estado, buscando visibilizar la producci\u00f3n editorial de nuestro pa\u00eds, redundar\u00e1 en m\u00e1s y mejores espacios de negocios y de divulgaci\u00f3n, ah\u00ed radica la importancia de esta segunda edici\u00f3n del cat\u00e1logo que muestra lo que se est\u00e1 produciendo, sus contenidos, sus autores y la potencia editorial que crece sustancialmente en nuestro pa\u00eds. En la C\u00e1mara Colombiana del Libro, somos conscientes de la necesidad de crear y consolidar alianzas que nos permitan avanzar en la internacionalizaci\u00f3n del sector y de cada uno de los actores de la cadena.<\/p>\n<p>En este cat\u00e1logo, adem\u00e1s, conviven editoriales de larga trayectoria en el mercado e independientes, autores consolidados y nuevos talentos con sus \u00f3peras primas que abordan temas de distinta \u00edndole y evidencian la pluralidad de nuestra industria y su potencial de crecimiento.[\/vc_column_text][\/vc_column_inner][\/vc_row_inner][\/vc_column][\/vc_row][vc_row tlg_text_align=&#8221;text-center&#8221; css=&#8221;.vc_custom_1570584524544{background-color: #edeaed !important;}&#8221;][vc_column][vc_row_inner][vc_column_inner][vc_column_text]<\/p>\n<p class=\"negrita_footer\"><strong>Ministerio de Cultura<\/strong><\/p>\n<p>[\/vc_column_text][\/vc_column_inner][\/vc_row_inner][vc_row_inner][vc_column_inner width=&#8221;1\/4&#8243;][vc_column_text]<\/p>\n<p class=\"texto_footer\"><strong>Ang\u00e9lica Mar\u00eda Mayolo Obreg\u00f3n<\/strong><br \/>\nMinistra de Cultura<\/p>\n<p>[\/vc_column_text][\/vc_column_inner][vc_column_inner width=&#8221;1\/4&#8243;][vc_column_text]<\/p>\n<p class=\"texto_footer\"><strong>Adriana Padilla Leal<\/strong><br \/>\nViceministra de la Creatividad y la Econom\u00eda Naranja<\/p>\n<p>[\/vc_column_text][\/vc_column_inner][vc_column_inner width=&#8221;1\/4&#8243;][vc_column_text]<\/p>\n<p class=\"texto_footer\"><strong>Leydi Yojanna Higidio Henao<\/strong><br \/>\nDirectora Direcci\u00f3n de Estrategia, Desarrollo y Emprendimiento<\/p>\n<p>[\/vc_column_text][\/vc_column_inner][vc_column_inner width=&#8221;1\/4&#8243;][vc_column_text]<\/p>\n<p class=\"texto_footer\"><strong>Diana Patricia Restrepo Torres<\/strong><br \/>\nDirectora Biblioteca Nacional de Colombia<\/p>\n<p>[\/vc_column_text][\/vc_column_inner][\/vc_row_inner]<div class=\"tlg-spacer \" data-height=\"40\" data-height-tablet=\"30\" data-height-mobile=\"30\" style=\"clear:both;display:block;height:40px;\"><\/div>[vc_row_inner][vc_column_inner][vc_column_text]<\/p>\n<p class=\"negrita_footer\"><strong>C\u00e1mara Colombiana del Libro<\/strong><\/p>\n<p>[\/vc_column_text][\/vc_column_inner][\/vc_row_inner][vc_row_inner][vc_column_inner width=&#8221;1\/4&#8243;][\/vc_column_inner][vc_column_inner width=&#8221;1\/4&#8243;][vc_column_text]<\/p>\n<p class=\"texto_footer\"><strong>Emiro Aristiz\u00e1bal<\/strong><br \/>\nPresidente Ejecutivo<\/p>\n<p>[\/vc_column_text][\/vc_column_inner][vc_column_inner width=&#8221;1\/4&#8243;][vc_column_text]<\/p>\n<p class=\"texto_footer\"><strong>Manuel Sarmiento Ram\u00edrez<\/strong><br \/>\nSecretario General<\/p>\n<p>[\/vc_column_text][\/vc_column_inner][vc_column_inner width=&#8221;1\/4&#8243;][\/vc_column_inner][\/vc_row_inner]<div class=\"tlg-spacer \" data-height=\"40\" data-height-tablet=\"30\" data-height-mobile=\"30\" style=\"clear:both;display:block;height:40px;\"><\/div>[vc_row_inner disable_element=&#8221;yes&#8221;][vc_column_inner width=&#8221;1\/5&#8243;][vc_single_image image=&#8221;5849&#8243; img_size=&#8221;full&#8221; alignment=&#8221;center&#8221; onclick=&#8221;custom_link&#8221; img_link_target=&#8221;_blank&#8221; css=&#8221;.vc_custom_1570241262663{padding-bottom: 20px !important;}&#8221; link=&#8221;http:\/\/www.mincultura.gov.co\/Paginas\/default.aspx&#8221;][\/vc_column_inner][vc_column_inner width=&#8221;1\/5&#8243;][vc_single_image image=&#8221;5850&#8243; img_size=&#8221;full&#8221; alignment=&#8221;center&#8221; css=&#8221;.vc_custom_1570241837282{padding-bottom: 20px !important;}&#8221;][\/vc_column_inner][vc_column_inner width=&#8221;1\/5&#8243;][vc_single_image image=&#8221;5848&#8243; img_size=&#8221;full&#8221; alignment=&#8221;center&#8221; onclick=&#8221;custom_link&#8221; img_link_target=&#8221;_blank&#8221; css=&#8221;.vc_custom_1570241829283{padding-bottom: 20px !important;}&#8221; link=&#8221;https:\/\/bibliotecanacional.gov.co\/es-co&#8221;][\/vc_column_inner][vc_column_inner width=&#8221;1\/5&#8243;][vc_single_image image=&#8221;7054&#8243; img_size=&#8221;full&#8221; alignment=&#8221;center&#8221; onclick=&#8221;custom_link&#8221; img_link_target=&#8221;_blank&#8221; css=&#8221;.vc_custom_1659590334194{padding-bottom: 20px !important;}&#8221; link=&#8221;https:\/\/bibliotecanacional.gov.co\/es-co&#8221;][\/vc_column_inner][vc_column_inner width=&#8221;1\/5&#8243;][vc_single_image image=&#8221;5847&#8243; img_size=&#8221;full&#8221; alignment=&#8221;center&#8221; onclick=&#8221;custom_link&#8221; img_link_target=&#8221;_blank&#8221; css=&#8221;.vc_custom_1570241292678{padding-bottom: 20px !important;}&#8221; link=&#8221;https:\/\/camlibro.com.co\/&#8221;][\/vc_column_inner][\/vc_row_inner][\/vc_column][\/vc_row]<\/p>\n","protected":false},"excerpt":{"rendered":"<p>[vc_row tlg_padding=&#8221;pb0&#8243; css=&#8221;.vc_custom_1573766486347{background-color: #ffffff !important;}&#8221; el_class=&#8221;fila_titulo&#8221;][vc_column][\/vc_column][\/vc_row][vc_row tlg_background_style=&#8221;bg-secondary&#8221; css=&#8221;.vc_custom_1573766495871{background-color: #ffffff !important;}&#8221;][vc_column css_animation=&#8221;slideInUp&#8221;][vc_row_inner el_class=&#8221;fila_titulo02&#8243;][vc_column_inner width=&#8221;1\/3&#8243;][vc_single_image image=&#8221;6946&#8243; img_size=&#8221;full&#8221; alignment=&#8221;center&#8221;][\/vc_column_inner][vc_column_inner&#8230;<\/p>\n","protected":false},"author":1,"featured_media":0,"parent":0,"menu_order":0,"comment_status":"closed","ping_status":"closed","template":"","meta":[],"translation":{"provider":"WPGlobus","version":"2.12.2","language":"en","enabled_languages":["es","en"],"languages":{"es":{"title":true,"content":true,"excerpt":false},"en":{"title":false,"content":false,"excerpt":false}}},"_links":{"self":[{"href":"https:\/\/camlibro.com.co\/reading_colombia\/en\/wp-json\/wp\/v2\/pages\/6790"}],"collection":[{"href":"https:\/\/camlibro.com.co\/reading_colombia\/en\/wp-json\/wp\/v2\/pages"}],"about":[{"href":"https:\/\/camlibro.com.co\/reading_colombia\/en\/wp-json\/wp\/v2\/types\/page"}],"author":[{"embeddable":true,"href":"https:\/\/camlibro.com.co\/reading_colombia\/en\/wp-json\/wp\/v2\/users\/1"}],"replies":[{"embeddable":true,"href":"https:\/\/camlibro.com.co\/reading_colombia\/en\/wp-json\/wp\/v2\/comments?post=6790"}],"version-history":[{"count":25,"href":"https:\/\/camlibro.com.co\/reading_colombia\/en\/wp-json\/wp\/v2\/pages\/6790\/revisions"}],"predecessor-version":[{"id":7266,"href":"https:\/\/camlibro.com.co\/reading_colombia\/en\/wp-json\/wp\/v2\/pages\/6790\/revisions\/7266"}],"wp:attachment":[{"href":"https:\/\/camlibro.com.co\/reading_colombia\/en\/wp-json\/wp\/v2\/media?parent=6790"}],"curies":[{"name":"wp","href":"https:\/\/api.w.org\/{rel}","templated":true}]}}