{"id":7046,"date":"2022-08-02T10:59:54","date_gmt":"2022-08-02T15:59:54","guid":{"rendered":"https:\/\/camlibro.com.co\/reading_colombia\/?page_id=7046"},"modified":"2022-10-04T23:40:51","modified_gmt":"2022-10-05T04:40:51","slug":"convocatoria","status":"publish","type":"page","link":"https:\/\/camlibro.com.co\/reading_colombia\/en\/convocatoria\/","title":{"rendered":"Convocatoria"},"content":{"rendered":"<p>[vc_row css=&#8221;.vc_custom_1570571430120{background-color: #ffffff !important;}&#8221; el_class=&#8221;fila_titulo&#8221;][vc_column width=&#8221;1\/6&#8243;][\/vc_column][vc_column width=&#8221;2\/3&#8243;]<div class=\"tlg-spacer \" data-height=\"80\" data-height-tablet=\"40\" data-height-mobile=\"40\" style=\"clear:both;display:block;height:80px;\"><\/div><div class=\"headings-title \"><div class=\"mb0 mb-xs-40 text-left\"><h5 style=\"color:#00405a!important;font-size:32px;line-height:42px;text-transform: none!important;\" class=\"widgettitle mb0\">Convocatoria cuarta edici\u00f3n ''Reading Colombia - A selection of contemporary colombian authors''<\/h5><\/div><\/div><div class=\"tlg-spacer \" data-height=\"20\" data-height-tablet=\"20\" data-height-mobile=\"10\" style=\"clear:both;display:block;height:20px;\"><\/div>[vc_column_text el_class=&#8221;textos_nuevos&#8221;]<\/p>\n<div class=\"wpb_text_column wpb_content_element \">\n<div class=\"wpb_wrapper\">\n<p style=\"font-weight: 400;\">Del\u00a0<strong>viernes 5 de agosto al lunes 22 de agosto<\/strong>, casas editoriales y editores del pa\u00eds podr\u00e1n postular obras de autores colombianos para que hagan parte del cat\u00e1logo Reading Colombia 2022 que se promocionar\u00e1 en las principales ferias del libro nacionales e internacionales, entre otros espacios de promoci\u00f3n del libro y la lectura.<\/p>\n<p style=\"font-weight: 400;\"><strong>Requisitos y condiciones de participaci\u00f3n:<\/strong><\/p>\n<ul>\n<li style=\"font-weight: 400;\">Las categor\u00edas definidas son: Ficci\u00f3n y no ficci\u00f3n (cuento, novela, cr\u00f3nica, biograf\u00eda, historia, ensayo, epistolar), poes\u00eda y literatura infantil y juvenil.<\/li>\n<li style=\"font-weight: 400;\">Las obras postuladas deben haber sido editadas y publicadas en Colombia con fecha posterior al 2018.<\/li>\n<li style=\"font-weight: 400;\">Pueden postularse editores o casas editoriales (personas jur\u00eddicas o naturales) titulares de los derechos de traducci\u00f3n.<\/li>\n<li style=\"font-weight: 400;\">Los autores presentados por los editores o casas editoriales no necesariamente deben residir en Colombia, pero s\u00ed deben tener nacionalidad colombiana.<\/li>\n<li style=\"font-weight: 400;\">Los editores o casas editoriales \u00fanicamente podr\u00e1n postular dos (2) obras por autor.<\/li>\n<li style=\"font-weight: 400;\">No podr\u00e1n postularse las obras seleccionadas en el cat\u00e1logo Reading Colombia 2018 y 2019, ni quienes recibieron el incentivo de traducci\u00f3n 2021.<\/li>\n<li style=\"font-weight: 400;\">Si la obra es seleccionada, deber\u00e1 tener la informaci\u00f3n b\u00e1sica en ingl\u00e9s y la traducci\u00f3n en este mismo idioma de la rese\u00f1a de la obra en un texto que no supere las 500 palabras, para su inclusi\u00f3n en el cat\u00e1logo. Tambi\u00e9n se deber\u00e1 entregar en un archivo en alta resoluci\u00f3n (TIFF) la car\u00e1tula de la obra en espa\u00f1ol, para su ilustraci\u00f3n.<\/li>\n<li style=\"font-weight: 400;\">Las editoriales postulantes deben ser los titulares de los derechos de traducci\u00f3n.<\/li>\n<li style=\"font-weight: 400;\">Las obras que se presenten a esta convocatoria deber\u00e1n ser enviadas para la evaluaci\u00f3n de los seleccionadores a las instalaciones de la C\u00e1mara Colombiana del Libro (Calle 35 No.5\u00aa-05, barrio la Merced) Bogot\u00e1, Colombia.<\/li>\n<\/ul>\n<\/div>\n<\/div>\n<p>[\/vc_column_text]<div class=\" ubtn-ctn-center \"><a class=\"ubtn-link ult-adjust-bottom-margin ubtn-center ubtn-normal \" href=\"https:\/\/docs.google.com\/forms\/d\/e\/1FAIpQLSeKzyV6f3AztN7DAIJyCtdu0_N52OorLvJnsWd1FWY2Vbj2hg\/viewform?usp=sf_link\" target=\"_blank\" rel=\"noopener\" ><button type=\"button\" id=\"ubtn-3825\"  class=\"ubtn ult-adjust-bottom-margin ult-responsive ubtn-normal ubtn-no-hover-bg  none  ubtn-center   tooltip-6a06fb5524867\"  data-hover=\"#ffffff\" data-border-color=\"\" data-bg=\"#e0e0e0\" data-hover-bg=\"#00455a\" data-border-hover=\"\" data-shadow-hover=\"\" data-shadow-click=\"none\" data-shadow=\"\" data-shd-shadow=\"\"  data-ultimate-target='#ubtn-3825'  data-responsive-json-new='{\"font-size\":\"desktop:15px;\",\"line-height\":\"desktop:20px;\"}'  style=\"font-weight:normal;border:none;background: #e0e0e0;color: #00455a;\"><span class=\"ubtn-hover\" style=\"background-color:#00455a\"><\/span><span class=\"ubtn-data ubtn-text \" >Para participar, por favor complete el formulario dando clic aqu\u00ed<\/span><\/button><\/a><\/div><div class=\"tlg-spacer \" data-height=\"30\" data-height-tablet=\"20\" data-height-mobile=\"20\" style=\"clear:both;display:block;height:30px;\"><\/div>[\/vc_column][vc_column width=&#8221;1\/6&#8243;][\/vc_column][\/vc_row]<\/p>\n","protected":false},"excerpt":{"rendered":"<p>[vc_row css=&#8221;.vc_custom_1570571430120{background-color: #ffffff !important;}&#8221; el_class=&#8221;fila_titulo&#8221;][vc_column width=&#8221;1\/6&#8243;][\/vc_column][vc_column width=&#8221;2\/3&#8243;][vc_column_text el_class=&#8221;textos_nuevos&#8221;] Del\u00a0viernes 5 de agosto al lunes 22 de&#8230;<\/p>\n","protected":false},"author":2,"featured_media":0,"parent":0,"menu_order":0,"comment_status":"closed","ping_status":"closed","template":"","meta":[],"translation":{"provider":"WPGlobus","version":"2.12.2","language":"en","enabled_languages":["es","en"],"languages":{"es":{"title":true,"content":true,"excerpt":false},"en":{"title":false,"content":false,"excerpt":false}}},"_links":{"self":[{"href":"https:\/\/camlibro.com.co\/reading_colombia\/en\/wp-json\/wp\/v2\/pages\/7046"}],"collection":[{"href":"https:\/\/camlibro.com.co\/reading_colombia\/en\/wp-json\/wp\/v2\/pages"}],"about":[{"href":"https:\/\/camlibro.com.co\/reading_colombia\/en\/wp-json\/wp\/v2\/types\/page"}],"author":[{"embeddable":true,"href":"https:\/\/camlibro.com.co\/reading_colombia\/en\/wp-json\/wp\/v2\/users\/2"}],"replies":[{"embeddable":true,"href":"https:\/\/camlibro.com.co\/reading_colombia\/en\/wp-json\/wp\/v2\/comments?post=7046"}],"version-history":[{"count":18,"href":"https:\/\/camlibro.com.co\/reading_colombia\/en\/wp-json\/wp\/v2\/pages\/7046\/revisions"}],"predecessor-version":[{"id":8039,"href":"https:\/\/camlibro.com.co\/reading_colombia\/en\/wp-json\/wp\/v2\/pages\/7046\/revisions\/8039"}],"wp:attachment":[{"href":"https:\/\/camlibro.com.co\/reading_colombia\/en\/wp-json\/wp\/v2\/media?parent=7046"}],"curies":[{"name":"wp","href":"https:\/\/api.w.org\/{rel}","templated":true}]}}