{"id":7607,"date":"2022-10-03T20:58:59","date_gmt":"2022-10-04T01:58:59","guid":{"rendered":"https:\/\/camlibro.com.co\/reading_colombia\/?page_id=7607"},"modified":"2022-12-14T13:19:35","modified_gmt":"2022-12-14T18:19:35","slug":"grupo-planeta-2022","status":"publish","type":"page","link":"https:\/\/camlibro.com.co\/reading_colombia\/en\/editoriales-2022\/grupo-planeta-2022\/","title":{"rendered":"Grupo Planeta"},"content":{"rendered":"<p>[vc_row css=&#8221;.vc_custom_1568928641956{background-color: #ffffff !important;}&#8221;][vc_column css_animation=&#8221;slideInUp&#8221;]<div class=\"tlg-spacer \" data-height=\"80\" data-height-tablet=\"40\" data-height-mobile=\"40\" style=\"clear:both;display:block;height:80px;\"><\/div>[vc_row_inner equal_height=&#8221;yes&#8221; content_placement=&#8221;middle&#8221; el_class=&#8221;fila_titulo02&#8243;][vc_column_inner width=&#8221;1\/3&#8243;][vc_single_image image=&#8221;5468&#8243; img_size=&#8221;full&#8221; alignment=&#8221;center&#8221;][\/vc_column_inner][vc_column_inner width=&#8221;2\/3&#8243;][vc_column_text]Grupo Planeta is the publishing house with the most recognition and publications in S\u00b4panish Language worldwide, gathering Literary imprints such as Tusquets, Paid\u00f3s, Diana, Ariel, Cr\u00edtica, Seix Barral, Emec\u00e9, Minotauro, Espasa, Booket, Aquari, Academia, Temas de Hoy, Mart\u00ednez Roca and Joaqu\u00edn Mortiz. Grupo Planeta is especialized in the publication of fiction, non fiction and children &amp; young adults titles. The main offices in Latin America are located in Argentina, Brasil, Chile, Colombia, Mexico, Peru and Uruguay, as well as the main offices in Barcelona and Madrid in Spain.<\/p>\n<p><strong>Contact: Gabriel Nieto<\/strong><br \/>\n<a href=\"mailto:gnieto@planeta.com.mx\">gnieto@planeta.com.mx<\/a>[\/vc_column_text][\/vc_column_inner][\/vc_row_inner][\/vc_column][\/vc_row][vc_row tlg_padding=&#8221;pt0 pb0&#8243; css=&#8221;.vc_custom_1568941480661{padding-top: 10px !important;padding-bottom: 10px !important;background-color: #ffffff !important;}&#8221; el_class=&#8221;fila_libros&#8221;][vc_column css_animation=&#8221;slideInUp&#8221; width=&#8221;1\/4&#8243;][vc_single_image image=&#8221;7491&#8243; img_size=&#8221;full&#8221; alignment=&#8221;center&#8221; onclick=&#8221;custom_link&#8221; css_animation=&#8221;fadeInUp&#8221; link=&#8221;https:\/\/camlibro.com.co\/reading_colombia\/en\/editoriales-2022\/grupo-planeta-2022\/antes-de-que-el-mar-cierre-los-caminos-2022\/&#8221; css=&#8221;.vc_custom_1664933244759{padding-bottom: 20px !important;}&#8221;][vc_column_text]<\/p>\n<h3 class=\"editoriales_libro\"><a href=\"https:\/\/camlibro.com.co\/reading_colombia\/en\/editoriales-2022\/grupo-planeta-2022\/antes-de-que-el-mar-cierre-los-caminos-2022\/\">Before the sea rises over the paths<\/a><\/h3>\n<h4 class=\"editoriales_autor\">ANDREA MEJ\u00cdA<\/h4>\n<p>[\/vc_column_text][\/vc_column][vc_column css_animation=&#8221;slideInUp&#8221; width=&#8221;1\/4&#8243;][vc_single_image image=&#8221;7496&#8243; img_size=&#8221;full&#8221; alignment=&#8221;center&#8221; onclick=&#8221;custom_link&#8221; css_animation=&#8221;fadeInUp&#8221; link=&#8221;https:\/\/camlibro.com.co\/reading_colombia\/en\/editoriales-2022\/grupo-planeta-2022\/colombia-una-historia-minima-2022\/&#8221; css=&#8221;.vc_custom_1664933279558{padding-bottom: 20px !important;}&#8221;][vc_column_text]<\/p>\n<h3 class=\"editoriales_libro\"><a href=\"https:\/\/camlibro.com.co\/reading_colombia\/en\/editoriales-2022\/grupo-planeta-2022\/colombia-una-historia-minima-2022\/\">Colombia: A brief history<\/a><\/h3>\n<h4 class=\"editoriales_autor\">JORGE ORLANDO MELO GONZ\u00c1LEZ<\/h4>\n<p>[\/vc_column_text][\/vc_column][vc_column css_animation=&#8221;slideInUp&#8221; width=&#8221;1\/4&#8243;][\/vc_column][vc_column css_animation=&#8221;slideInUp&#8221; width=&#8221;1\/4&#8243;][\/vc_column][\/vc_row][vc_row tlg_padding=&#8221;pt64 pb64&#8243; css=&#8221;.vc_custom_1568943274829{background-color: #ffffff !important;}&#8221;][vc_column]<div class=\" ubtn-ctn-center \"><a class=\"ubtn-link ult-adjust-bottom-margin ubtn-center ubtn-normal \" href=\"https:\/\/camlibro.com.co\/reading_colombia\/en\/editoriales-2022\/\" title=\"Publishers 2022\" ><button type=\"button\" id=\"ubtn-1584\"  class=\"ubtn ult-adjust-bottom-margin ult-responsive ubtn-normal ubtn-no-hover-bg  none  ubtn-center   tooltip-69de2a7479e5c\"  data-hover=\"#00455a\" data-border-color=\"\" data-bg=\"#00455a\" data-hover-bg=\"#ffffff\" data-border-hover=\"\" data-shadow-hover=\"\" data-shadow-click=\"none\" data-shadow=\"\" data-shd-shadow=\"\"  data-ultimate-target='#ubtn-1584'  data-responsive-json-new='{\"font-size\":\"desktop:15px;\",\"line-height\":\"desktop:20px;\"}'  style=\"font-weight:normal;border:none;background: #00455a;color: #e0e0e0;\"><span class=\"ubtn-hover\" style=\"background-color:#ffffff\"><\/span><span class=\"ubtn-data ubtn-text \" >Go to the list of publishers<\/span><\/button><\/a><\/div><div class=\"tlg-spacer \" data-height=\"30\" data-height-tablet=\"20\" data-height-mobile=\"20\" style=\"clear:both;display:block;height:30px;\"><\/div>[\/vc_column][\/vc_row][vc_row disable_element=&#8221;yes&#8221; tlg_padding=&#8221;pt0 pb0&#8243; css=&#8221;.vc_custom_1660766187446{padding-top: 20px !important;padding-bottom: 20px !important;background-color: #edeaed !important;}&#8221;][vc_column][vc_row_inner][vc_column_inner width=&#8221;1\/5&#8243;][vc_single_image image=&#8221;5849&#8243; img_size=&#8221;full&#8221; alignment=&#8221;center&#8221; onclick=&#8221;custom_link&#8221; img_link_target=&#8221;_blank&#8221; link=&#8221;http:\/\/www.mincultura.gov.co\/Paginas\/default.aspx&#8221;][\/vc_column_inner][vc_column_inner width=&#8221;1\/5&#8243;][vc_single_image image=&#8221;5850&#8243; img_size=&#8221;full&#8221; alignment=&#8221;center&#8221;][\/vc_column_inner][vc_column_inner width=&#8221;1\/5&#8243;][vc_single_image image=&#8221;5848&#8243; img_size=&#8221;full&#8221; alignment=&#8221;center&#8221; onclick=&#8221;custom_link&#8221; img_link_target=&#8221;_blank&#8221; link=&#8221;https:\/\/bibliotecanacional.gov.co\/es-co&#8221;][\/vc_column_inner][vc_column_inner width=&#8221;1\/5&#8243;][vc_single_image image=&#8221;7054&#8243; img_size=&#8221;full&#8221; alignment=&#8221;center&#8221; onclick=&#8221;custom_link&#8221; img_link_target=&#8221;_blank&#8221; link=&#8221;https:\/\/bibliotecanacional.gov.co\/es-co&#8221;][\/vc_column_inner][vc_column_inner width=&#8221;1\/5&#8243;][vc_single_image image=&#8221;5847&#8243; img_size=&#8221;full&#8221; alignment=&#8221;center&#8221; onclick=&#8221;custom_link&#8221; img_link_target=&#8221;_blank&#8221; link=&#8221;https:\/\/camlibro.com.co\/&#8221;][\/vc_column_inner][\/vc_row_inner][\/vc_column][\/vc_row]<\/p>\n","protected":false},"excerpt":{"rendered":"<p>[vc_row css=&#8221;.vc_custom_1568928641956{background-color: #ffffff !important;}&#8221;][vc_column css_animation=&#8221;slideInUp&#8221;][vc_row_inner equal_height=&#8221;yes&#8221; content_placement=&#8221;middle&#8221; el_class=&#8221;fila_titulo02&#8243;][vc_column_inner width=&#8221;1\/3&#8243;][vc_single_image image=&#8221;5468&#8243; img_size=&#8221;full&#8221; alignment=&#8221;center&#8221;][\/vc_column_inner][vc_column_inner width=&#8221;2\/3&#8243;][vc_column_text]Grupo Planeta is the&#8230;<\/p>\n","protected":false},"author":2,"featured_media":0,"parent":7474,"menu_order":0,"comment_status":"closed","ping_status":"closed","template":"","meta":[],"translation":{"provider":"WPGlobus","version":"2.12.2","language":"en","enabled_languages":["es","en"],"languages":{"es":{"title":true,"content":true,"excerpt":false},"en":{"title":true,"content":true,"excerpt":false}}},"_links":{"self":[{"href":"https:\/\/camlibro.com.co\/reading_colombia\/en\/wp-json\/wp\/v2\/pages\/7607"}],"collection":[{"href":"https:\/\/camlibro.com.co\/reading_colombia\/en\/wp-json\/wp\/v2\/pages"}],"about":[{"href":"https:\/\/camlibro.com.co\/reading_colombia\/en\/wp-json\/wp\/v2\/types\/page"}],"author":[{"embeddable":true,"href":"https:\/\/camlibro.com.co\/reading_colombia\/en\/wp-json\/wp\/v2\/users\/2"}],"replies":[{"embeddable":true,"href":"https:\/\/camlibro.com.co\/reading_colombia\/en\/wp-json\/wp\/v2\/comments?post=7607"}],"version-history":[{"count":8,"href":"https:\/\/camlibro.com.co\/reading_colombia\/en\/wp-json\/wp\/v2\/pages\/7607\/revisions"}],"predecessor-version":[{"id":8328,"href":"https:\/\/camlibro.com.co\/reading_colombia\/en\/wp-json\/wp\/v2\/pages\/7607\/revisions\/8328"}],"up":[{"embeddable":true,"href":"https:\/\/camlibro.com.co\/reading_colombia\/en\/wp-json\/wp\/v2\/pages\/7474"}],"wp:attachment":[{"href":"https:\/\/camlibro.com.co\/reading_colombia\/en\/wp-json\/wp\/v2\/media?parent=7607"}],"curies":[{"name":"wp","href":"https:\/\/api.w.org\/{rel}","templated":true}]}}