{"id":7854,"date":"2022-10-04T20:47:00","date_gmt":"2022-10-05T01:47:00","guid":{"rendered":"https:\/\/camlibro.com.co\/reading_colombia\/?page_id=7854"},"modified":"2022-12-14T13:13:44","modified_gmt":"2022-12-14T18:13:44","slug":"el-misterio-de-la-biblioteca-mas-pequena-del-mundo-2022","status":"publish","type":"page","link":"https:\/\/camlibro.com.co\/reading_colombia\/en\/editoriales-2022\/panamericana-2022\/el-misterio-de-la-biblioteca-mas-pequena-del-mundo-2022\/","title":{"rendered":"The mistery of the smallest library"},"content":{"rendered":"<p>[vc_row full_width=&#8221;stretch_row&#8221; css=&#8221;.vc_custom_1568944382506{background-color: #ffffff !important;}&#8221;][vc_column]<div class=\"tlg-spacer \" data-height=\"80\" data-height-tablet=\"40\" data-height-mobile=\"40\" style=\"clear:both;display:block;height:80px;\"><\/div>[vc_row_inner][vc_column_inner width=&#8221;1\/5&#8243;][\/vc_column_inner][vc_column_inner width=&#8221;1\/5&#8243;][\/vc_column_inner][vc_column_inner width=&#8221;1\/5&#8243;][vc_single_image image=&#8221;5481&#8243; img_size=&#8221;full&#8221; alignment=&#8221;center&#8221; onclick=&#8221;custom_link&#8221; link=&#8221;https:\/\/camlibro.com.co\/reading_colombia\/en\/editoriales-2022\/panamericana-2022\/&#8221;][\/vc_column_inner][vc_column_inner width=&#8221;1\/5&#8243;][\/vc_column_inner][vc_column_inner width=&#8221;1\/5&#8243;][\/vc_column_inner][\/vc_row_inner][\/vc_column][\/vc_row][vc_row tlg_background_style=&#8221;bg-secondary&#8221; tlg_padding=&#8221;pb0&#8243; css=&#8221;.vc_custom_1568948194274{background-color: #edeaed !important;}&#8221;][vc_column css_animation=&#8221;slideInUp&#8221;][vc_row_inner el_class=&#8221;fila_titulo02&#8243;][vc_column_inner width=&#8221;1\/3&#8243;][vc_single_image image=&#8221;7499&#8243; img_size=&#8221;full&#8221; alignment=&#8221;center&#8221;][\/vc_column_inner][vc_column_inner width=&#8221;2\/3&#8243;]<div class=\"headings-title \"><div class=\"mb0 mb16 mb-xs-40 text-left\"><h5 style=\"color:#00405a!important;font-size:32px;line-height:42px;text-transform: none!important;\" class=\"widgettitle mb10\">The mistery of the smallest library<\/h5><div style=\"color:#ba1039!important;font-size:20px;line-height:25px;text-transform: none!important;\" class=\"widgetsubtitle\">MIGUEL MENDOZA LUNA<\/div><\/div><\/div><div class=\"tlg-spacer \" data-height=\"20\" data-height-tablet=\"20\" data-height-mobile=\"20\" style=\"clear:both;display:block;height:20px;\"><\/div>[vc_column_text]<strong class=\"rojo\">Summary<\/strong><br \/>\nIn the smallest library in the world, the librarian Clara Clarisa, just by looking at you, can prescribe a book that will change your life. Three mysterious characters arrive at this magical place, who seem to be looking for something more than just a book. Ramona Ramones and Guido Guirnaldo, two intelligent teenagers who love books, suspect that this trio of sinister and unusual visitors are hiding something.<\/p>\n<p>Apparently, a major theft is linked to the suspects&#8217; presence in the library. The astute Ramona Ramones will have to use her investigative skills, learned from the Sherlock Holmes books, to protect Guido Guirnaldo and Clara Clarisa from the dark intentions of this trio of villains.<\/p>\n<p><strong class=\"rojo\">Data sheet<\/strong><br \/>\nCategory: fiction<br \/>\nISBN: 978-958-30-6312-1<br \/>\nPublication date:: 15\/04\/2021<br \/>\nExtent: 80<br \/>\nFormat: 15 x 22 cm[\/vc_column_text][\/vc_column_inner][\/vc_row_inner][\/vc_column][\/vc_row][vc_row full_width=&#8221;stretch_row_content_no_spaces&#8221; tlg_large_container=&#8221;wide-container&#8221; tlg_background_style=&#8221;bg-secondary&#8221; tlg_padding=&#8221;pt64 pb64&#8243; css=&#8221;.vc_custom_1568948249704{background-color: #edeaed !important;}&#8221;][vc_column css_animation=&#8221;slideInUp&#8221; width=&#8221;1\/6&#8243;][vc_column_text]<a href=\"https:\/\/camlibro.com.co\/reading_colombia\/en\/editoriales-2022\/panamericana-2022\/\">|\u00ab Back to publisher<\/a><em><br \/>\n<\/em>[\/vc_column_text][\/vc_column][vc_column width=&#8221;1\/6&#8243;][\/vc_column][vc_column width=&#8221;1\/6&#8243;][\/vc_column][vc_column width=&#8221;1\/6&#8243;][\/vc_column][vc_column width=&#8221;1\/6&#8243;][\/vc_column][vc_column width=&#8221;1\/6&#8243;][vc_column_text]<a href=\"https:\/\/camlibro.com.co\/reading_colombia\/en\/editoriales-2022\/panamericana-2022\/veinte-historias-de-fantasmas-2022\/\">Next book \u00bb|<\/a><em><br \/>\n<\/em>[\/vc_column_text][\/vc_column][\/vc_row][vc_row el_class=&#8221;fila_autor&#8221;][vc_column css_animation=&#8221;slideInUp&#8221;][vc_row_inner el_class=&#8221;fila_titulo02&#8243;][vc_column_inner width=&#8221;1\/4&#8243;][vc_single_image image=&#8221;7709&#8243; img_size=&#8221;full&#8221; alignment=&#8221;center&#8221;][\/vc_column_inner][vc_column_inner width=&#8221;3\/4&#8243;]<div class=\"headings-title \"><div class=\"mb0 mb16 mb-xs-40 text-left\"><h5 style=\"color:#00405a!important;font-size:25px;line-height:35px;text-transform: none!important;\" class=\"widgettitle mb10\">Author\u00b4s biography<\/h5><\/div><\/div>[vc_column_text]<strong class=\"rojo2\">Miguel Mendoza Luna.<\/strong>\u00a0 is a writer and university professor of literature, creative writing, semiotics and culture.<\/p>\n<p>Winner of the Premio Nacional de Libro de Cuentos Ciudad de Bogot\u00e1 (IDARTES) on two occasions (2009 and 2017) with the books Cruentos cruzados and El asesinato de Edgar Allan Poe y otros misterios literarios (Rey Naranjo, 2018). He won the Concurso Nacional de Cuentos Infantiles y Juveniles de la Universidad Central (2018), with the book Chicas asustosas y adem\u00e1s hermosas. Author of the album book Los peque\u00f1os Jekyll y Hyde (Sietegatos, 2018); with Panamericana Editorial he has published Truman Capote. Las horas negras; Vladimir, el ni\u00f1o vampiro; Abraza tu miedo; a beautiful adaptation of the classic book Platero y yo, the youth novel Los Diarios secretos de las chicas (in)completas (IBBY Mexico 2020 list), which was taken to television in a transmedia prequel nominated for important audiovisual contests such as the TAL Award 2021 and pre-nominated for the Premios India Catalina.<\/p>\n<p>He recently published El Peque\u00f1o Quijote and El misterio de la biblioteca m\u00e1s peque\u00f1a del mundo, books that bring the little ones closer to scrutinize great and fantastic adventures in the pages of books, and Atrapados en el aeropuerto, a novel that talks about cultural differences, migration and the need for respect and recognition in the midst of our singularities.[\/vc_column_text][\/vc_column_inner][\/vc_row_inner]<div class=\" vc_custom_1671041614255 ubtn-ctn-center \"><a class=\"ubtn-link ult-adjust-bottom-margin ubtn-center ubtn-normal \" href=\"https:\/\/camlibro.com.co\/reading_colombia\/en\/editoriales-2022\/\" title=\"Publishers 2022\" ><button type=\"button\" id=\"ubtn-1315\"  class=\"ubtn ult-adjust-bottom-margin ult-responsive ubtn-normal ubtn-no-hover-bg  none  ubtn-center   tooltip-69e0e80ecddb6\"  data-hover=\"#00455a\" data-border-color=\"\" data-bg=\"#00455a\" data-hover-bg=\"#ffffff\" data-border-hover=\"\" data-shadow-hover=\"\" data-shadow-click=\"none\" data-shadow=\"\" data-shd-shadow=\"\"  data-ultimate-target='#ubtn-1315'  data-responsive-json-new='{\"font-size\":\"desktop:15px;\",\"line-height\":\"desktop:20px;\"}'  style=\"font-weight:normal;border:none;background: #00455a;color: #e0e0e0;\"><span class=\"ubtn-hover\" style=\"background-color:#ffffff\"><\/span><span class=\"ubtn-data ubtn-text \" >Go to the list of publishers<\/span><\/button><\/a><\/div>[\/vc_column][\/vc_row]<\/p>\n","protected":false},"excerpt":{"rendered":"<p>[vc_row full_width=&#8221;stretch_row&#8221; css=&#8221;.vc_custom_1568944382506{background-color: #ffffff !important;}&#8221;][vc_column][vc_row_inner][vc_column_inner width=&#8221;1\/5&#8243;][\/vc_column_inner][vc_column_inner width=&#8221;1\/5&#8243;][\/vc_column_inner][vc_column_inner width=&#8221;1\/5&#8243;][vc_single_image image=&#8221;5481&#8243; img_size=&#8221;full&#8221; alignment=&#8221;center&#8221; onclick=&#8221;custom_link&#8221; link=&#8221;https:\/\/camlibro.com.co\/reading_colombia\/en\/editoriales-2022\/panamericana-2022\/&#8221;][\/vc_column_inner][vc_column_inner width=&#8221;1\/5&#8243;][\/vc_column_inner][vc_column_inner width=&#8221;1\/5&#8243;][\/vc_column_inner][\/vc_row_inner][\/vc_column][\/vc_row][vc_row tlg_background_style=&#8221;bg-secondary&#8221;&#8230;<\/p>\n","protected":false},"author":2,"featured_media":0,"parent":7612,"menu_order":0,"comment_status":"closed","ping_status":"closed","template":"","meta":[],"translation":{"provider":"WPGlobus","version":"2.12.2","language":"en","enabled_languages":["es","en"],"languages":{"es":{"title":true,"content":true,"excerpt":false},"en":{"title":true,"content":true,"excerpt":false}}},"_links":{"self":[{"href":"https:\/\/camlibro.com.co\/reading_colombia\/en\/wp-json\/wp\/v2\/pages\/7854"}],"collection":[{"href":"https:\/\/camlibro.com.co\/reading_colombia\/en\/wp-json\/wp\/v2\/pages"}],"about":[{"href":"https:\/\/camlibro.com.co\/reading_colombia\/en\/wp-json\/wp\/v2\/types\/page"}],"author":[{"embeddable":true,"href":"https:\/\/camlibro.com.co\/reading_colombia\/en\/wp-json\/wp\/v2\/users\/2"}],"replies":[{"embeddable":true,"href":"https:\/\/camlibro.com.co\/reading_colombia\/en\/wp-json\/wp\/v2\/comments?post=7854"}],"version-history":[{"count":12,"href":"https:\/\/camlibro.com.co\/reading_colombia\/en\/wp-json\/wp\/v2\/pages\/7854\/revisions"}],"predecessor-version":[{"id":8321,"href":"https:\/\/camlibro.com.co\/reading_colombia\/en\/wp-json\/wp\/v2\/pages\/7854\/revisions\/8321"}],"up":[{"embeddable":true,"href":"https:\/\/camlibro.com.co\/reading_colombia\/en\/wp-json\/wp\/v2\/pages\/7612"}],"wp:attachment":[{"href":"https:\/\/camlibro.com.co\/reading_colombia\/en\/wp-json\/wp\/v2\/media?parent=7854"}],"curies":[{"name":"wp","href":"https:\/\/api.w.org\/{rel}","templated":true}]}}