{"id":7940,"date":"2022-10-04T22:07:38","date_gmt":"2022-10-05T03:07:38","guid":{"rendered":"https:\/\/camlibro.com.co\/reading_colombia\/?page_id=7940"},"modified":"2022-12-05T18:19:31","modified_gmt":"2022-12-05T23:19:31","slug":"vuelo-jorobadas-2022","status":"publish","type":"page","link":"https:\/\/camlibro.com.co\/reading_colombia\/en\/editoriales-2022\/lazo-libros-2022\/vuelo-jorobadas-2022\/","title":{"rendered":"The flight of the humpbacks"},"content":{"rendered":"<p>[vc_row full_width=&#8221;stretch_row&#8221; css=&#8221;.vc_custom_1568944382506{background-color: #ffffff !important;}&#8221;][vc_column]<div class=\"tlg-spacer \" data-height=\"80\" data-height-tablet=\"40\" data-height-mobile=\"40\" style=\"clear:both;display:block;height:80px;\"><\/div>[vc_row_inner][vc_column_inner width=&#8221;1\/5&#8243;][\/vc_column_inner][vc_column_inner width=&#8221;1\/5&#8243;][\/vc_column_inner][vc_column_inner width=&#8221;1\/5&#8243;][vc_single_image image=&#8221;7468&#8243; img_size=&#8221;full&#8221; alignment=&#8221;center&#8221; onclick=&#8221;custom_link&#8221; link=&#8221;https:\/\/camlibro.com.co\/reading_colombia\/en\/editoriales-2022\/lazo-libros-2022\/&#8221;][\/vc_column_inner][vc_column_inner width=&#8221;1\/5&#8243;][\/vc_column_inner][vc_column_inner width=&#8221;1\/5&#8243;][\/vc_column_inner][\/vc_row_inner][\/vc_column][\/vc_row][vc_row tlg_background_style=&#8221;bg-secondary&#8221; tlg_padding=&#8221;pb0&#8243; css=&#8221;.vc_custom_1568948194274{background-color: #edeaed !important;}&#8221;][vc_column css_animation=&#8221;slideInUp&#8221;][vc_row_inner el_class=&#8221;fila_titulo02&#8243;][vc_column_inner width=&#8221;1\/3&#8243;][vc_single_image image=&#8221;7517&#8243; img_size=&#8221;full&#8221; alignment=&#8221;center&#8221;][\/vc_column_inner][vc_column_inner width=&#8221;2\/3&#8243;]<div class=\"headings-title \"><div class=\"mb0 mb16 mb-xs-40 text-left\"><h5 style=\"color:#00405a!important;font-size:32px;line-height:42px;text-transform: none!important;\" class=\"widgettitle mb10\">The flight of the humpbacks<\/h5><div style=\"color:#ba1039!important;font-size:20px;line-height:25px;text-transform: none!important;\" class=\"widgetsubtitle\">JULIANA MU\u00d1OZ TORO Y DIPACHO<\/div><\/div><\/div><div class=\"tlg-spacer \" data-height=\"20\" data-height-tablet=\"20\" data-height-mobile=\"20\" style=\"clear:both;display:block;height:20px;\"><\/div>[vc_column_text]<strong class=\"rojo\">Summary<\/strong><br \/>\nThis is the story of a journey, a long and fascinating journey that happens every year. This is the story of the journey undertaken by humpback whales from Antarctica to the Colombian Pacific coast.<br \/>\n(Ibby Venezuela Award &#8220;&#8221;The Best Books for Children and Young People 2021&#8243;&#8221;, in the nonfiction books category).<\/p>\n<p><strong class=\"rojo\">Data sheet<\/strong><br \/>\nISBN: 978-958-48-9389-5<br \/>\nPublication date: 20\/10\/2020<br \/>\nExtent: 36<br \/>\nFormat: 26,5 x 30 cm[\/vc_column_text][\/vc_column_inner][\/vc_row_inner][\/vc_column][\/vc_row][vc_row full_width=&#8221;stretch_row_content_no_spaces&#8221; tlg_large_container=&#8221;wide-container&#8221; tlg_background_style=&#8221;bg-secondary&#8221; tlg_padding=&#8221;pt64 pb64&#8243; css=&#8221;.vc_custom_1568948249704{background-color: #edeaed !important;}&#8221;][vc_column css_animation=&#8221;slideInUp&#8221; width=&#8221;1\/6&#8243;][vc_column_text]<a href=\"#\">|\u00ab Previous book<\/a>[\/vc_column_text][\/vc_column][vc_column width=&#8221;1\/6&#8243;][\/vc_column][vc_column width=&#8221;1\/6&#8243;][\/vc_column][vc_column width=&#8221;1\/6&#8243;][\/vc_column][vc_column width=&#8221;1\/6&#8243;][\/vc_column][vc_column width=&#8221;1\/6&#8243;][vc_column_text]<a href=\"https:\/\/camlibro.com.co\/reading_colombia\/en\/editoriales-2022\/luna-libros-2022\/baudelaire-2022\/\">Next book \u00bb|<\/a>[\/vc_column_text][\/vc_column][\/vc_row][vc_row el_class=&#8221;fila_autor&#8221;][vc_column css_animation=&#8221;slideInUp&#8221;][vc_row_inner el_class=&#8221;fila_titulo02&#8243;][vc_column_inner width=&#8221;1\/4&#8243;][vc_single_image image=&#8221;7702&#8243; img_size=&#8221;full&#8221; alignment=&#8221;center&#8221;][\/vc_column_inner][vc_column_inner width=&#8221;3\/4&#8243;]<div class=\"headings-title \"><div class=\"mb0 mb16 mb-xs-40 text-left\"><h5 style=\"color:#00405a!important;font-size:25px;line-height:35px;text-transform: none!important;\" class=\"widgettitle mb10\">Author\u00b4s biography<\/h5><\/div><\/div>[vc_column_text]<strong class=\"rojo2\">Juliana Mu\u00f1oz.<\/strong> Writer and journalist from Bogot\u00e1. With her first novel \u201c24 se\u00f1ales para descubrir a un alian\u201d she won the Children&#8217;s and Youth Literature award Premio Internacional Tragaluz. In 2017 this book was considered by The White Ravens list, in Germany, as one of the best for children and young people. She is also the author of the novels \u201cMi hermana Juana y las ballenas del fin del mundo\u201d (Planeta, 2017), \u201cDiario de dos Lunas\u201d (Norma, 2019), \u201cA la sombra de un naranjo\u201d (Tragaluz 2020), \u201cLa Quitapenas\u201d (Vicen Vives 2021) and \u201cAlbina\u201d (Tragaluz, 2022). She studied Journalism at the Pontificia Universidad Javeriana and a Master&#8217;s Degree in Creative Writing at New York University. She is a columnist for the newspaper El Espectador and professor of narrative in the Master&#8217;s Degree in Literary Creation at Universidad Central de Bogot\u00e1.[\/vc_column_text][\/vc_column_inner][\/vc_row_inner][vc_row_inner el_class=&#8221;fila_titulo02&#8243; css=&#8221;.vc_custom_1664939938185{margin-top: 30px !important;}&#8221;][vc_column_inner width=&#8221;1\/4&#8243;][vc_single_image image=&#8221;7693&#8243; img_size=&#8221;full&#8221; alignment=&#8221;center&#8221;][\/vc_column_inner][vc_column_inner width=&#8221;3\/4&#8243;][vc_column_text]<strong class=\"rojo2\">Dipacho.<\/strong> Graphic designer from Bogot\u00e1, Colombia. He writes and illustrates children&#8217;s books. His work has been published by publishers in the Hispanic world and in Brazil, France, the Basque Country and Italy. He has received awards such as the A la orilla del viento, award from the Fondo de Cultura Econ\u00f3mica de M\u00e9xico for his book &#8220;Jacinto y Mar\u00eda Jos\u00e9&#8221;, an honorable mention at the Bratislava biennial of illustration for his books &#8220;El animal m\u00e1s feroz&#8221; and &#8220;Todos se burlan&#8221; , CJ Award from Korea for his book \u201cDos Pajaritos\u201d, White Ravens from Germany for his books \u201cEl viaje de los elefantes\u201d, \u201cDos Pajaritos\u201d and \u201cEl Ni\u00f1o Gato\u201d, IBBY honor list for his book \u201cDos pajaritos\u201d, selected for exhibition at the fair and catalog of Bologna for the illustrations of the book \u201cEl bajo Alberti\u201d, among others.[\/vc_column_text][\/vc_column_inner][\/vc_row_inner]<div class=\" vc_custom_1664908995684 ubtn-ctn-center \"><a class=\"ubtn-link ult-adjust-bottom-margin ubtn-center ubtn-normal \" href=\"https:\/\/camlibro.com.co\/reading_colombia\/en\/editoriales-2022\/\" title=\"Publishers 2022\" ><button type=\"button\" id=\"ubtn-5339\"  class=\"ubtn ult-adjust-bottom-margin ult-responsive ubtn-normal ubtn-no-hover-bg  none  ubtn-center   tooltip-69dee7efcfe9a\"  data-hover=\"#00455a\" data-border-color=\"\" data-bg=\"#00455a\" data-hover-bg=\"#ffffff\" data-border-hover=\"\" data-shadow-hover=\"\" data-shadow-click=\"none\" data-shadow=\"\" data-shd-shadow=\"\"  data-ultimate-target='#ubtn-5339'  data-responsive-json-new='{\"font-size\":\"desktop:15px;\",\"line-height\":\"desktop:20px;\"}'  style=\"font-weight:normal;border:none;background: #00455a;color: #e0e0e0;\"><span class=\"ubtn-hover\" style=\"background-color:#ffffff\"><\/span><span class=\"ubtn-data ubtn-text \" >Go to the list of publishers<\/span><\/button><\/a><\/div>[\/vc_column][\/vc_row]<\/p>\n","protected":false},"excerpt":{"rendered":"<p>[vc_row full_width=&#8221;stretch_row&#8221; css=&#8221;.vc_custom_1568944382506{background-color: #ffffff !important;}&#8221;][vc_column][vc_row_inner][vc_column_inner width=&#8221;1\/5&#8243;][\/vc_column_inner][vc_column_inner width=&#8221;1\/5&#8243;][\/vc_column_inner][vc_column_inner width=&#8221;1\/5&#8243;][vc_single_image image=&#8221;7468&#8243; img_size=&#8221;full&#8221; alignment=&#8221;center&#8221; onclick=&#8221;custom_link&#8221; link=&#8221;https:\/\/camlibro.com.co\/reading_colombia\/en\/editoriales-2022\/lazo-libros-2022\/&#8221;][\/vc_column_inner][vc_column_inner width=&#8221;1\/5&#8243;][\/vc_column_inner][vc_column_inner width=&#8221;1\/5&#8243;][\/vc_column_inner][\/vc_row_inner][\/vc_column][\/vc_row][vc_row tlg_background_style=&#8221;bg-secondary&#8221;&#8230;<\/p>\n","protected":false},"author":1,"featured_media":0,"parent":7628,"menu_order":0,"comment_status":"closed","ping_status":"closed","template":"","meta":[],"translation":{"provider":"WPGlobus","version":"2.12.2","language":"en","enabled_languages":["es","en"],"languages":{"es":{"title":true,"content":true,"excerpt":false},"en":{"title":true,"content":true,"excerpt":false}}},"_links":{"self":[{"href":"https:\/\/camlibro.com.co\/reading_colombia\/en\/wp-json\/wp\/v2\/pages\/7940"}],"collection":[{"href":"https:\/\/camlibro.com.co\/reading_colombia\/en\/wp-json\/wp\/v2\/pages"}],"about":[{"href":"https:\/\/camlibro.com.co\/reading_colombia\/en\/wp-json\/wp\/v2\/types\/page"}],"author":[{"embeddable":true,"href":"https:\/\/camlibro.com.co\/reading_colombia\/en\/wp-json\/wp\/v2\/users\/1"}],"replies":[{"embeddable":true,"href":"https:\/\/camlibro.com.co\/reading_colombia\/en\/wp-json\/wp\/v2\/comments?post=7940"}],"version-history":[{"count":9,"href":"https:\/\/camlibro.com.co\/reading_colombia\/en\/wp-json\/wp\/v2\/pages\/7940\/revisions"}],"predecessor-version":[{"id":8260,"href":"https:\/\/camlibro.com.co\/reading_colombia\/en\/wp-json\/wp\/v2\/pages\/7940\/revisions\/8260"}],"up":[{"embeddable":true,"href":"https:\/\/camlibro.com.co\/reading_colombia\/en\/wp-json\/wp\/v2\/pages\/7628"}],"wp:attachment":[{"href":"https:\/\/camlibro.com.co\/reading_colombia\/en\/wp-json\/wp\/v2\/media?parent=7940"}],"curies":[{"name":"wp","href":"https:\/\/api.w.org\/{rel}","templated":true}]}}