{"id":5844,"date":"2019-10-04T17:47:35","date_gmt":"2019-10-04T22:47:35","guid":{"rendered":"https:\/\/camlibro.com.co\/reading_colombia\/?page_id=5844"},"modified":"2022-10-04T23:48:43","modified_gmt":"2022-10-05T04:48:43","slug":"intermedio-2019","status":"publish","type":"page","link":"https:\/\/camlibro.com.co\/reading_colombia\/editoriales-2019\/intermedio-2019\/","title":{"rendered":"Intermedio 2019"},"content":{"rendered":"<p>[vc_row css=\u00bb.vc_custom_1568928641956{background-color: #ffffff !important;}\u00bb][vc_column css_animation=\u00bbslideInUp\u00bb]<div class=\"tlg-spacer \" data-height=\"80\" data-height-tablet=\"40\" data-height-mobile=\"40\" style=\"clear:both;display:block;height:80px;\"><\/div>[vc_row_inner equal_height=\u00bbyes\u00bb content_placement=\u00bbmiddle\u00bb el_class=\u00bbfila_titulo02&#8243;][vc_column_inner width=\u00bb1\/3&#8243;][vc_single_image image=\u00bb5477&#8243; img_size=\u00bbfull\u00bb alignment=\u00bbcenter\u00bb][\/vc_column_inner][vc_column_inner width=\u00bb2\/3&#8243;][vc_column_text]Intermedio Editores es una editorial con m\u00e1s de 35 a\u00f1os en el mercado colombiano. Hace parte del grupo de medios de El Tiempo Casa Editorial. Publica libros de inter\u00e9s general en diversos g\u00e9neros, en particular cr\u00f3nica period\u00edstica, narrativa, literatura infantil y juvenil y autoayuda.<\/p>\n<p><strong>Contacto: Leonardo Archila<\/strong><br \/>\n<a href=\"mailto:leoarc@circulo.com.co\">leoarc@circulo.com.co<\/a>[\/vc_column_text][\/vc_column_inner][\/vc_row_inner][\/vc_column][\/vc_row][vc_row tlg_padding=\u00bbpt0 pb0&#8243; css=\u00bb.vc_custom_1568941480661{padding-top: 10px !important;padding-bottom: 10px !important;background-color: #ffffff !important;}\u00bb el_class=\u00bbfila_libros\u00bb][vc_column css_animation=\u00bbslideInUp\u00bb width=\u00bb1\/4&#8243;][vc_single_image image=\u00bb5893&#8243; img_size=\u00bbfull\u00bb alignment=\u00bbcenter\u00bb onclick=\u00bbcustom_link\u00bb css_animation=\u00bbfadeInUp\u00bb link=\u00bbhttps:\/\/camlibro.com.co\/reading_colombia\/editoriales-2019\/intermedio-2019\/palabrero-2019\/\u00bb css=\u00bb.vc_custom_1664467501405{padding-bottom: 20px !important;}\u00bb][vc_column_text]<\/p>\n<h3 class=\"editoriales_libro\"><a href=\"https:\/\/camlibro.com.co\/reading_colombia\/editoriales-2019\/intermedio-2019\/palabrero-2019\/\">Palabrero<\/a><\/h3>\n<h4 class=\"editoriales_autor\">PHILIP POTDEVIN<\/h4>\n<p>[\/vc_column_text][\/vc_column][vc_column css_animation=\u00bbslideInUp\u00bb width=\u00bb1\/4&#8243;][\/vc_column][vc_column css_animation=\u00bbslideInUp\u00bb width=\u00bb1\/4&#8243;][\/vc_column][vc_column css_animation=\u00bbslideInUp\u00bb width=\u00bb1\/4&#8243;][\/vc_column][\/vc_row][vc_row tlg_padding=\u00bbpt64 pb64&#8243; css=\u00bb.vc_custom_1568943274829{background-color: #ffffff !important;}\u00bb][vc_column]<div class=\"tlg-spacer \" data-height=\"30\" data-height-tablet=\"20\" data-height-mobile=\"20\" style=\"clear:both;display:block;height:30px;\"><\/div>[\/vc_column][\/vc_row]<\/p>\n","protected":false},"excerpt":{"rendered":"<p>[vc_row css=\u00bb.vc_custom_1568928641956{background-color: #ffffff !important;}\u00bb][vc_column css_animation=\u00bbslideInUp\u00bb][vc_row_inner equal_height=\u00bbyes\u00bb content_placement=\u00bbmiddle\u00bb el_class=\u00bbfila_titulo02&#8243;][vc_column_inner width=\u00bb1\/3&#8243;][vc_single_image image=\u00bb5477&#8243; img_size=\u00bbfull\u00bb alignment=\u00bbcenter\u00bb][\/vc_column_inner][vc_column_inner width=\u00bb2\/3&#8243;][vc_column_text]Intermedio Editores es una&#8230;<\/p>\n","protected":false},"author":2,"featured_media":0,"parent":5619,"menu_order":0,"comment_status":"closed","ping_status":"closed","template":"","meta":[],"translation":{"provider":"WPGlobus","version":"2.12.2","language":"es","enabled_languages":["es","en"],"languages":{"es":{"title":true,"content":true,"excerpt":false},"en":{"title":false,"content":false,"excerpt":false}}},"_links":{"self":[{"href":"https:\/\/camlibro.com.co\/reading_colombia\/wp-json\/wp\/v2\/pages\/5844"}],"collection":[{"href":"https:\/\/camlibro.com.co\/reading_colombia\/wp-json\/wp\/v2\/pages"}],"about":[{"href":"https:\/\/camlibro.com.co\/reading_colombia\/wp-json\/wp\/v2\/types\/page"}],"author":[{"embeddable":true,"href":"https:\/\/camlibro.com.co\/reading_colombia\/wp-json\/wp\/v2\/users\/2"}],"replies":[{"embeddable":true,"href":"https:\/\/camlibro.com.co\/reading_colombia\/wp-json\/wp\/v2\/comments?post=5844"}],"version-history":[{"count":19,"href":"https:\/\/camlibro.com.co\/reading_colombia\/wp-json\/wp\/v2\/pages\/5844\/revisions"}],"predecessor-version":[{"id":8069,"href":"https:\/\/camlibro.com.co\/reading_colombia\/wp-json\/wp\/v2\/pages\/5844\/revisions\/8069"}],"up":[{"embeddable":true,"href":"https:\/\/camlibro.com.co\/reading_colombia\/wp-json\/wp\/v2\/pages\/5619"}],"wp:attachment":[{"href":"https:\/\/camlibro.com.co\/reading_colombia\/wp-json\/wp\/v2\/media?parent=5844"}],"curies":[{"name":"wp","href":"https:\/\/api.w.org\/{rel}","templated":true}]}}