{"id":5925,"date":"2019-10-07T19:24:46","date_gmt":"2019-10-07T17:24:46","guid":{"rendered":"https:\/\/camlibro.com.co\/reading_colombia\/?page_id=5925"},"modified":"2022-10-04T23:50:08","modified_gmt":"2022-10-05T04:50:08","slug":"ciertas-personas-de-cuatro-patas-2019","status":"publish","type":"page","link":"https:\/\/camlibro.com.co\/reading_colombia\/editoriales-2019\/luna-libros-2019\/ciertas-personas-de-cuatro-patas-2019\/","title":{"rendered":"Ciertas personas de cuatro patas 2019"},"content":{"rendered":"<p>[vc_row full_width=\u00bbstretch_row\u00bb css=\u00bb.vc_custom_1568944382506{background-color: #ffffff !important;}\u00bb][vc_column]<div class=\"tlg-spacer \" data-height=\"80\" data-height-tablet=\"40\" data-height-mobile=\"40\" style=\"clear:both;display:block;height:80px;\"><\/div>[vc_row_inner][vc_column_inner width=\u00bb1\/5&#8243;][\/vc_column_inner][vc_column_inner width=\u00bb1\/5&#8243;][\/vc_column_inner][vc_column_inner width=\u00bb1\/5&#8243;][vc_single_image image=\u00bb5480&#8243; img_size=\u00bbfull\u00bb alignment=\u00bbcenter\u00bb onclick=\u00bbcustom_link\u00bb link=\u00bbhttps:\/\/camlibro.com.co\/reading_colombia\/editoriales-2019\/luna-libros-2019\/\u00bb][\/vc_column_inner][vc_column_inner width=\u00bb1\/5&#8243;][\/vc_column_inner][vc_column_inner width=\u00bb1\/5&#8243;][\/vc_column_inner][\/vc_row_inner][\/vc_column][\/vc_row][vc_row tlg_background_style=\u00bbbg-secondary\u00bb tlg_padding=\u00bbpb0&#8243; css=\u00bb.vc_custom_1568948194274{background-color: #edeaed !important;}\u00bb][vc_column css_animation=\u00bbslideInUp\u00bb][vc_row_inner el_class=\u00bbfila_titulo02&#8243;][vc_column_inner width=\u00bb1\/3&#8243;][vc_single_image image=\u00bb5929&#8243; img_size=\u00bbfull\u00bb alignment=\u00bbcenter\u00bb][\/vc_column_inner][vc_column_inner width=\u00bb2\/3&#8243;]<div class=\"headings-title \"><div class=\"mb0 mb16 mb-xs-40 text-left\"><h5 style=\"color:#00405a!important;font-size:32px;line-height:42px;text-transform: none!important;\" class=\"widgettitle mb10\">Ciertas personas de cuatro patas<\/h5><div style=\"color:#ba1039!important;font-size:20px;line-height:25px;text-transform: none!important;\" class=\"widgetsubtitle\">RAFAEL BAENA<\/div><\/div><\/div><div class=\"tlg-spacer \" data-height=\"20\" data-height-tablet=\"20\" data-height-mobile=\"20\" style=\"clear:both;display:block;height:20px;\"><\/div>[vc_column_text]<strong class=\"rojo\">Rese\u00f1a<\/strong><br \/>\nBaena busca descifrar la relaci\u00f3n particular que siempre ha existido entre los seres humanos y esas personas de cuatro patas, a trav\u00e9s del relato de momentos hist\u00f3ricos en los que los caballos tuvieron un rol preponderante y su experiencia personal con ellos. A lo largo del texto se entretejen destellos de infancia con l\u00facidas reflexiones sobre la naturaleza y el comportamiento de estos animales.<\/p>\n<p><strong class=\"rojo\">Ficha t\u00e9cnica<\/strong><br \/>\nCategor\u00eda: cr\u00f3nica<br \/>\nISBN: 978-958-58199-3-1<br \/>\nFecha de publicaci\u00f3n: 05\/01\/2014<br \/>\nN\u00famero de p\u00e1ginas: 176<br \/>\nFormato: 11 x 17 cm[\/vc_column_text][\/vc_column_inner][\/vc_row_inner][\/vc_column][\/vc_row][vc_row full_width=\u00bbstretch_row_content_no_spaces\u00bb tlg_large_container=\u00bbwide-container\u00bb tlg_background_style=\u00bbbg-secondary\u00bb tlg_padding=\u00bbpt64 pb64&#8243; css=\u00bb.vc_custom_1568948249704{background-color: #edeaed !important;}\u00bb][vc_column css_animation=\u00bbslideInUp\u00bb width=\u00bb1\/6&#8243;][vc_column_text]<a href=\"https:\/\/camlibro.com.co\/reading_colombia\/editoriales\/luna-libros\/\">|\u00ab Volver a la editorial<\/a><em><br \/>\n<\/em>[\/vc_column_text][\/vc_column][vc_column width=\u00bb1\/6&#8243;][\/vc_column][vc_column width=\u00bb1\/6&#8243;][\/vc_column][vc_column width=\u00bb1\/6&#8243;][\/vc_column][vc_column width=\u00bb1\/6&#8243;][\/vc_column][vc_column width=\u00bb1\/6&#8243;][vc_column_text]<a href=\"https:\/\/camlibro.com.co\/reading_colombia\/editoriales\/luna-libros\/gabriel-garcia-marquez-no-morire-del-todo\/\">Siguiente libro \u00bb|<\/a><em><br \/>\n<\/em>[\/vc_column_text][\/vc_column][\/vc_row][vc_row el_class=\u00bbfila_autor\u00bb][vc_column css_animation=\u00bbslideInUp\u00bb][vc_row_inner el_class=\u00bbfila_titulo02&#8243;][vc_column_inner width=\u00bb1\/4&#8243;][vc_single_image image=\u00bb5928&#8243; img_size=\u00bbfull\u00bb alignment=\u00bbcenter\u00bb][\/vc_column_inner][vc_column_inner width=\u00bb3\/4&#8243;]<div class=\"headings-title \"><div class=\"mb0 mb16 mb-xs-40 text-left\"><h5 style=\"color:#00405a!important;font-size:25px;line-height:35px;text-transform: none!important;\" class=\"widgettitle mb10\">Biograf\u00eda del autor<\/h5><\/div><\/div>[vc_column_text]<strong class=\"rojo2\">Rafael Baena (Sincelejo,\u00a01956\u00a0&#8211;\u00a0Bogot\u00e1, 2015).<\/strong> Reportero y fot\u00f3grafo de profesi\u00f3n. A sus cincuenta a\u00f1os public\u00f3 su primera novela <em>Tanta sangre vista<\/em>, en la que los caballos y la caballer\u00eda son tan significativos como en <em>\u00a1Vuelvan caras, carajo!<\/em> o en <em>La bala vendida<\/em>. Las razones para que ello haya sido as\u00ed est\u00e1n explicadas en esta cr\u00f3nica en tono personal.[\/vc_column_text][\/vc_column_inner][\/vc_row_inner][\/vc_column][\/vc_row]<\/p>\n","protected":false},"excerpt":{"rendered":"<p>[vc_row full_width=\u00bbstretch_row\u00bb css=\u00bb.vc_custom_1568944382506{background-color: #ffffff !important;}\u00bb][vc_column][vc_row_inner][vc_column_inner width=\u00bb1\/5&#8243;][\/vc_column_inner][vc_column_inner width=\u00bb1\/5&#8243;][\/vc_column_inner][vc_column_inner width=\u00bb1\/5&#8243;][vc_single_image image=\u00bb5480&#8243; img_size=\u00bbfull\u00bb alignment=\u00bbcenter\u00bb onclick=\u00bbcustom_link\u00bb link=\u00bbhttps:\/\/camlibro.com.co\/reading_colombia\/editoriales-2019\/luna-libros-2019\/\u00bb][\/vc_column_inner][vc_column_inner width=\u00bb1\/5&#8243;][\/vc_column_inner][vc_column_inner width=\u00bb1\/5&#8243;][\/vc_column_inner][\/vc_row_inner][\/vc_column][\/vc_row][vc_row tlg_background_style=\u00bbbg-secondary\u00bb&#8230;<\/p>\n","protected":false},"author":2,"featured_media":0,"parent":5924,"menu_order":0,"comment_status":"closed","ping_status":"closed","template":"","meta":[],"translation":{"provider":"WPGlobus","version":"2.12.2","language":"es","enabled_languages":["es","en"],"languages":{"es":{"title":true,"content":true,"excerpt":false},"en":{"title":false,"content":false,"excerpt":false}}},"_links":{"self":[{"href":"https:\/\/camlibro.com.co\/reading_colombia\/wp-json\/wp\/v2\/pages\/5925"}],"collection":[{"href":"https:\/\/camlibro.com.co\/reading_colombia\/wp-json\/wp\/v2\/pages"}],"about":[{"href":"https:\/\/camlibro.com.co\/reading_colombia\/wp-json\/wp\/v2\/types\/page"}],"author":[{"embeddable":true,"href":"https:\/\/camlibro.com.co\/reading_colombia\/wp-json\/wp\/v2\/users\/2"}],"replies":[{"embeddable":true,"href":"https:\/\/camlibro.com.co\/reading_colombia\/wp-json\/wp\/v2\/comments?post=5925"}],"version-history":[{"count":16,"href":"https:\/\/camlibro.com.co\/reading_colombia\/wp-json\/wp\/v2\/pages\/5925\/revisions"}],"predecessor-version":[{"id":8075,"href":"https:\/\/camlibro.com.co\/reading_colombia\/wp-json\/wp\/v2\/pages\/5925\/revisions\/8075"}],"up":[{"embeddable":true,"href":"https:\/\/camlibro.com.co\/reading_colombia\/wp-json\/wp\/v2\/pages\/5924"}],"wp:attachment":[{"href":"https:\/\/camlibro.com.co\/reading_colombia\/wp-json\/wp\/v2\/media?parent=5925"}],"curies":[{"name":"wp","href":"https:\/\/api.w.org\/{rel}","templated":true}]}}