{"id":6062,"date":"2019-10-08T10:06:31","date_gmt":"2019-10-08T15:06:31","guid":{"rendered":"https:\/\/camlibro.com.co\/reading_colombia\/?page_id=6062"},"modified":"2022-10-04T23:53:25","modified_gmt":"2022-10-05T04:53:25","slug":"el-vuelo-de-la-piedra-2019","status":"publish","type":"page","link":"https:\/\/camlibro.com.co\/reading_colombia\/editoriales-2019\/penguin-random-house-2019\/el-vuelo-de-la-piedra-2019\/","title":{"rendered":"El vuelo de la piedra 2019"},"content":{"rendered":"<p>[vc_row full_width=\u00bbstretch_row\u00bb css=\u00bb.vc_custom_1568944382506{background-color: #ffffff !important;}\u00bb][vc_column]<div class=\"tlg-spacer \" data-height=\"80\" data-height-tablet=\"40\" data-height-mobile=\"40\" style=\"clear:both;display:block;height:80px;\"><\/div>[vc_row_inner][vc_column_inner width=\u00bb1\/5&#8243;][\/vc_column_inner][vc_column_inner width=\u00bb1\/5&#8243;][\/vc_column_inner][vc_column_inner width=\u00bb1\/5&#8243;][vc_single_image image=\u00bb5485&#8243; img_size=\u00bbfull\u00bb alignment=\u00bbcenter\u00bb onclick=\u00bbcustom_link\u00bb link=\u00bbhttps:\/\/camlibro.com.co\/reading_colombia\/editoriales-2019\/penguin-random-house-2019\/\u00bb][\/vc_column_inner][vc_column_inner width=\u00bb1\/5&#8243;][\/vc_column_inner][vc_column_inner width=\u00bb1\/5&#8243;][\/vc_column_inner][\/vc_row_inner][\/vc_column][\/vc_row][vc_row tlg_background_style=\u00bbbg-secondary\u00bb tlg_padding=\u00bbpb0&#8243; css=\u00bb.vc_custom_1568948194274{background-color: #edeaed !important;}\u00bb][vc_column css_animation=\u00bbslideInUp\u00bb][vc_row_inner el_class=\u00bbfila_titulo02&#8243;][vc_column_inner width=\u00bb1\/3&#8243;][vc_single_image image=\u00bb6049&#8243; img_size=\u00bbfull\u00bb alignment=\u00bbcenter\u00bb][\/vc_column_inner][vc_column_inner width=\u00bb2\/3&#8243;]<div class=\"headings-title \"><div class=\"mb0 mb16 mb-xs-40 text-left\"><h5 style=\"color:#00405a!important;font-size:32px;line-height:42px;text-transform: none!important;\" class=\"widgettitle mb10\">El vuelo de la piedra<\/h5><div style=\"color:#ba1039!important;font-size:20px;line-height:25px;text-transform: none!important;\" class=\"widgetsubtitle\">SALVADOR AGUILERA<\/div><\/div><\/div><div class=\"tlg-spacer \" data-height=\"20\" data-height-tablet=\"20\" data-height-mobile=\"20\" style=\"clear:both;display:block;height:20px;\"><\/div>[vc_column_text]<strong class=\"rojo\">Rese\u00f1a<\/strong><br \/>\nDami\u00e1n Dalmau, estudiante de fotograf\u00eda en Nueva York, decide emprender un viaje que le d\u00e9 sentido a su carrera. Es testigo de los cambios tras la conclusi\u00f3n de la Guerra Fr\u00eda en El Salvador, Colombia, Alemania, el norte de \u00c1frica, Yugoslavia, Albania, lugares en convulsi\u00f3n, en aparente transici\u00f3n definitiva; toma conciencia de que siempre se renuevan los motivos para amar, matar o morir.<\/p>\n<p><strong class=\"rojo\">Ficha t\u00e9cnica<\/strong><br \/>\nCategor\u00eda: novela<br \/>\nISBN: 978-958-5458-82-6<br \/>\nFecha de publicaci\u00f3n: 05\/01\/2019<br \/>\nN\u00famero de p\u00e1ginas: 192<br \/>\nFormato: 13.5 x 23 cm[\/vc_column_text][\/vc_column_inner][\/vc_row_inner][\/vc_column][\/vc_row][vc_row full_width=\u00bbstretch_row_content_no_spaces\u00bb tlg_large_container=\u00bbwide-container\u00bb tlg_background_style=\u00bbbg-secondary\u00bb tlg_padding=\u00bbpt64 pb64&#8243; css=\u00bb.vc_custom_1568948249704{background-color: #edeaed !important;}\u00bb][vc_column css_animation=\u00bbslideInUp\u00bb width=\u00bb1\/6&#8243;][vc_column_text]<a href=\"https:\/\/camlibro.com.co\/reading_colombia\/editoriales\/penguin-random-house\/\">|\u00ab Volver a la editorial<\/a><em><br \/>\n<\/em>[\/vc_column_text][\/vc_column][vc_column width=\u00bb1\/6&#8243;][\/vc_column][vc_column width=\u00bb1\/6&#8243;][\/vc_column][vc_column width=\u00bb1\/6&#8243;][\/vc_column][vc_column width=\u00bb1\/6&#8243;][\/vc_column][vc_column width=\u00bb1\/6&#8243;][vc_column_text]<a href=\"https:\/\/camlibro.com.co\/reading_colombia\/editoriales\/penguin-random-house\/frontera\/\">Siguiente libro \u00bb|<\/a><em><br \/>\n<\/em>[\/vc_column_text][\/vc_column][\/vc_row][vc_row el_class=\u00bbfila_autor\u00bb][vc_column css_animation=\u00bbslideInUp\u00bb][vc_row_inner el_class=\u00bbfila_titulo02&#8243;][vc_column_inner width=\u00bb1\/4&#8243;][vc_single_image image=\u00bb6048&#8243; img_size=\u00bbfull\u00bb alignment=\u00bbcenter\u00bb][\/vc_column_inner][vc_column_inner width=\u00bb3\/4&#8243;]<div class=\"headings-title \"><div class=\"mb0 mb16 mb-xs-40 text-left\"><h5 style=\"color:#00405a!important;font-size:25px;line-height:35px;text-transform: none!important;\" class=\"widgettitle mb10\">Biograf\u00eda del autor<\/h5><\/div><\/div>[vc_column_text]<strong class=\"rojo2\">Salvador Aguilera (Bogot\u00e1, 1973).<\/strong> Fue voluntario de una ONG en la guerra de Bosnia en 1995 y funcionario de la ONU durante doce a\u00f1os. Ha trabajado en Croacia, Albania, el Sahara Occidental y en distintos pa\u00edses de Am\u00e9rica Latina. Es consultor y emprendedor en prevenci\u00f3n y resoluci\u00f3n de conflictos. <em>El vuelo de la piedra<\/em> es su primera novela.[\/vc_column_text][\/vc_column_inner][\/vc_row_inner][\/vc_column][\/vc_row]<\/p>\n","protected":false},"excerpt":{"rendered":"<p>[vc_row full_width=\u00bbstretch_row\u00bb css=\u00bb.vc_custom_1568944382506{background-color: #ffffff !important;}\u00bb][vc_column][vc_row_inner][vc_column_inner width=\u00bb1\/5&#8243;][\/vc_column_inner][vc_column_inner width=\u00bb1\/5&#8243;][\/vc_column_inner][vc_column_inner width=\u00bb1\/5&#8243;][vc_single_image image=\u00bb5485&#8243; img_size=\u00bbfull\u00bb alignment=\u00bbcenter\u00bb onclick=\u00bbcustom_link\u00bb link=\u00bbhttps:\/\/camlibro.com.co\/reading_colombia\/editoriales-2019\/penguin-random-house-2019\/\u00bb][\/vc_column_inner][vc_column_inner width=\u00bb1\/5&#8243;][\/vc_column_inner][vc_column_inner width=\u00bb1\/5&#8243;][\/vc_column_inner][\/vc_row_inner][\/vc_column][\/vc_row][vc_row tlg_background_style=\u00bbbg-secondary\u00bb&#8230;<\/p>\n","protected":false},"author":2,"featured_media":0,"parent":6038,"menu_order":0,"comment_status":"closed","ping_status":"closed","template":"","meta":[],"translation":{"provider":"WPGlobus","version":"2.12.2","language":"es","enabled_languages":["es","en"],"languages":{"es":{"title":true,"content":true,"excerpt":false},"en":{"title":false,"content":false,"excerpt":false}}},"_links":{"self":[{"href":"https:\/\/camlibro.com.co\/reading_colombia\/wp-json\/wp\/v2\/pages\/6062"}],"collection":[{"href":"https:\/\/camlibro.com.co\/reading_colombia\/wp-json\/wp\/v2\/pages"}],"about":[{"href":"https:\/\/camlibro.com.co\/reading_colombia\/wp-json\/wp\/v2\/types\/page"}],"author":[{"embeddable":true,"href":"https:\/\/camlibro.com.co\/reading_colombia\/wp-json\/wp\/v2\/users\/2"}],"replies":[{"embeddable":true,"href":"https:\/\/camlibro.com.co\/reading_colombia\/wp-json\/wp\/v2\/comments?post=6062"}],"version-history":[{"count":15,"href":"https:\/\/camlibro.com.co\/reading_colombia\/wp-json\/wp\/v2\/pages\/6062\/revisions"}],"predecessor-version":[{"id":8089,"href":"https:\/\/camlibro.com.co\/reading_colombia\/wp-json\/wp\/v2\/pages\/6062\/revisions\/8089"}],"up":[{"embeddable":true,"href":"https:\/\/camlibro.com.co\/reading_colombia\/wp-json\/wp\/v2\/pages\/6038"}],"wp:attachment":[{"href":"https:\/\/camlibro.com.co\/reading_colombia\/wp-json\/wp\/v2\/media?parent=6062"}],"curies":[{"name":"wp","href":"https:\/\/api.w.org\/{rel}","templated":true}]}}