{"id":6131,"date":"2019-10-08T18:23:37","date_gmt":"2019-10-08T23:23:37","guid":{"rendered":"https:\/\/camlibro.com.co\/reading_colombia\/?page_id=6131"},"modified":"2022-10-04T23:55:57","modified_gmt":"2022-10-05T04:55:57","slug":"silaba-2019","status":"publish","type":"page","link":"https:\/\/camlibro.com.co\/reading_colombia\/editoriales-2019\/silaba-2019\/","title":{"rendered":"S\u00edlaba 2019"},"content":{"rendered":"<p>[vc_row css=\u00bb.vc_custom_1568928641956{background-color: #ffffff !important;}\u00bb][vc_column css_animation=\u00bbslideInUp\u00bb]<div class=\"tlg-spacer \" data-height=\"80\" data-height-tablet=\"40\" data-height-mobile=\"40\" style=\"clear:both;display:block;height:80px;\"><\/div>[vc_row_inner equal_height=\u00bbyes\u00bb content_placement=\u00bbmiddle\u00bb el_class=\u00bbfila_titulo02&#8243;][vc_column_inner width=\u00bb1\/3&#8243;][vc_single_image image=\u00bb5487&#8243; img_size=\u00bbfull\u00bb alignment=\u00bbcenter\u00bb][\/vc_column_inner][vc_column_inner width=\u00bb2\/3&#8243;][vc_column_text]En el griego antiguo <em>Syllab\u00e9 <\/em>(\u03c3\u03c5\u03bb\u03bb\u03b1\u03b2\u03ae), que luego en lat\u00edn deviene en <em>syllaba<\/em>, viene del verbo \u201cjuntar\u201d. Fundada en 2009 en Colombia, S\u00edlaba Editores entiende as\u00ed la tarea editorial: comprender, abrazar, enlazar, juntar autores, libros y lectores. Ha dado especial relevancia a la publicaci\u00f3n y promoci\u00f3n de autores colombianos. Publica obras en los g\u00e9neros del cuento, la novela, el ensayo, la poes\u00eda, el periodismo, la literatura infantil, la tradici\u00f3n ancestral, textos acad\u00e9micos y otros g\u00e9neros h\u00edbridos.<\/p>\n<p><strong>Contacto: Luc\u00eda Donad\u00edo<\/strong><br \/>\n<a href=\"mailto:silabaeditores@gmail.com\">silabaeditores@gmail.com<\/a>[\/vc_column_text][\/vc_column_inner][\/vc_row_inner][\/vc_column][\/vc_row][vc_row tlg_padding=\u00bbpt0 pb0&#8243; css=\u00bb.vc_custom_1568941480661{padding-top: 10px !important;padding-bottom: 10px !important;background-color: #ffffff !important;}\u00bb el_class=\u00bbfila_libros\u00bb][vc_column css_animation=\u00bbslideInUp\u00bb width=\u00bb1\/4&#8243;][vc_single_image image=\u00bb6137&#8243; img_size=\u00bbfull\u00bb alignment=\u00bbcenter\u00bb onclick=\u00bbcustom_link\u00bb css_animation=\u00bbfadeInUp\u00bb link=\u00bbhttps:\/\/camlibro.com.co\/reading_colombia\/editoriales-2019\/silaba-2019\/camposanto-2019\/\u00bb css=\u00bb.vc_custom_1664497749321{padding-bottom: 20px !important;}\u00bb][vc_column_text]<\/p>\n<h3 class=\"editoriales_libro\"><a href=\"https:\/\/camlibro.com.co\/reading_colombia\/editoriales-2019\/silaba-2019\/camposanto-2019\/\">Camposanto<\/a><\/h3>\n<h4 class=\"editoriales_autor\">MARCELA VILLEGAS<\/h4>\n<p>[\/vc_column_text][\/vc_column][vc_column css_animation=\u00bbslideInUp\u00bb width=\u00bb1\/4&#8243;][vc_single_image image=\u00bb6139&#8243; img_size=\u00bbfull\u00bb alignment=\u00bbcenter\u00bb onclick=\u00bbcustom_link\u00bb css_animation=\u00bbfadeInUp\u00bb link=\u00bbhttps:\/\/camlibro.com.co\/reading_colombia\/editoriales-2019\/silaba-2019\/lejos-de-roma-2019\/\u00bb css=\u00bb.vc_custom_1664497784418{padding-bottom: 20px !important;}\u00bb][vc_column_text]<\/p>\n<h3 class=\"editoriales_libro\"><a href=\"https:\/\/camlibro.com.co\/reading_colombia\/editoriales-2019\/silaba-2019\/lejos-de-roma-2019\/\">Lejos de Roma<\/a><\/h3>\n<h4 class=\"editoriales_autor\">PABLO MONTOYA<\/h4>\n<p>[\/vc_column_text][\/vc_column][vc_column css_animation=\u00bbslideInUp\u00bb width=\u00bb1\/4&#8243;][vc_single_image image=\u00bb6140&#8243; img_size=\u00bbfull\u00bb alignment=\u00bbcenter\u00bb onclick=\u00bbcustom_link\u00bb css_animation=\u00bbfadeInUp\u00bb link=\u00bbhttps:\/\/camlibro.com.co\/reading_colombia\/editoriales-2019\/silaba-2019\/los-derrotados-2019\/\u00bb css=\u00bb.vc_custom_1664497826251{padding-bottom: 20px !important;}\u00bb][vc_column_text]<\/p>\n<h3 class=\"editoriales_libro\"><a href=\"https:\/\/camlibro.com.co\/reading_colombia\/editoriales-2019\/silaba-2019\/los-derrotados-2019\/\">Los derrotados<\/a><\/h3>\n<h4 class=\"editoriales_autor\">PABLO MONTOYA<\/h4>\n<p>[\/vc_column_text][\/vc_column][vc_column css_animation=\u00bbslideInUp\u00bb width=\u00bb1\/4&#8243;][\/vc_column][\/vc_row][vc_row tlg_padding=\u00bbpt64 pb64&#8243; css=\u00bb.vc_custom_1568943274829{background-color: #ffffff !important;}\u00bb][vc_column]<div class=\"tlg-spacer \" data-height=\"30\" data-height-tablet=\"20\" data-height-mobile=\"20\" style=\"clear:both;display:block;height:30px;\"><\/div>[\/vc_column][\/vc_row]<\/p>\n","protected":false},"excerpt":{"rendered":"<p>[vc_row css=\u00bb.vc_custom_1568928641956{background-color: #ffffff !important;}\u00bb][vc_column css_animation=\u00bbslideInUp\u00bb][vc_row_inner equal_height=\u00bbyes\u00bb content_placement=\u00bbmiddle\u00bb el_class=\u00bbfila_titulo02&#8243;][vc_column_inner width=\u00bb1\/3&#8243;][vc_single_image image=\u00bb5487&#8243; img_size=\u00bbfull\u00bb alignment=\u00bbcenter\u00bb][\/vc_column_inner][vc_column_inner width=\u00bb2\/3&#8243;][vc_column_text]En el griego antiguo&#8230;<\/p>\n","protected":false},"author":2,"featured_media":0,"parent":5619,"menu_order":0,"comment_status":"closed","ping_status":"closed","template":"","meta":[],"translation":{"provider":"WPGlobus","version":"2.12.2","language":"es","enabled_languages":["es","en"],"languages":{"es":{"title":true,"content":true,"excerpt":false},"en":{"title":false,"content":false,"excerpt":false}}},"_links":{"self":[{"href":"https:\/\/camlibro.com.co\/reading_colombia\/wp-json\/wp\/v2\/pages\/6131"}],"collection":[{"href":"https:\/\/camlibro.com.co\/reading_colombia\/wp-json\/wp\/v2\/pages"}],"about":[{"href":"https:\/\/camlibro.com.co\/reading_colombia\/wp-json\/wp\/v2\/types\/page"}],"author":[{"embeddable":true,"href":"https:\/\/camlibro.com.co\/reading_colombia\/wp-json\/wp\/v2\/users\/2"}],"replies":[{"embeddable":true,"href":"https:\/\/camlibro.com.co\/reading_colombia\/wp-json\/wp\/v2\/comments?post=6131"}],"version-history":[{"count":19,"href":"https:\/\/camlibro.com.co\/reading_colombia\/wp-json\/wp\/v2\/pages\/6131\/revisions"}],"predecessor-version":[{"id":8098,"href":"https:\/\/camlibro.com.co\/reading_colombia\/wp-json\/wp\/v2\/pages\/6131\/revisions\/8098"}],"up":[{"embeddable":true,"href":"https:\/\/camlibro.com.co\/reading_colombia\/wp-json\/wp\/v2\/pages\/5619"}],"wp:attachment":[{"href":"https:\/\/camlibro.com.co\/reading_colombia\/wp-json\/wp\/v2\/media?parent=6131"}],"curies":[{"name":"wp","href":"https:\/\/api.w.org\/{rel}","templated":true}]}}