{"id":6218,"date":"2019-10-08T21:19:56","date_gmt":"2019-10-09T02:19:56","guid":{"rendered":"https:\/\/camlibro.com.co\/reading_colombia\/?page_id=6218"},"modified":"2022-10-04T23:59:20","modified_gmt":"2022-10-05T04:59:20","slug":"talleres-de-edicion-rocca-2019","status":"publish","type":"page","link":"https:\/\/camlibro.com.co\/reading_colombia\/editoriales-2019\/talleres-de-edicion-rocca-2019\/","title":{"rendered":"Taller de Edici\u00f3n Rocca 2019"},"content":{"rendered":"<p>[vc_row css=\u00bb.vc_custom_1568928641956{background-color: #ffffff !important;}\u00bb][vc_column css_animation=\u00bbslideInUp\u00bb]<div class=\"tlg-spacer \" data-height=\"80\" data-height-tablet=\"40\" data-height-mobile=\"40\" style=\"clear:both;display:block;height:80px;\"><\/div>[vc_row_inner equal_height=\u00bbyes\u00bb content_placement=\u00bbmiddle\u00bb el_class=\u00bbfila_titulo02&#8243;][vc_column_inner width=\u00bb1\/3&#8243;][vc_single_image image=\u00bb5489&#8243; img_size=\u00bbfull\u00bb alignment=\u00bbcenter\u00bb][\/vc_column_inner][vc_column_inner width=\u00bb2\/3&#8243;][vc_column_text]Taller de Edici\u00f3n Rocca es una editorial independiente colombiana creada en 2005. Se ha enfocado en la publicaci\u00f3n de escritores colombianos. A su fondo se suman varios autores extranjeros que enriquecen el criterio editorial bajo el principio de la \u00abbibliodiversidad\u00bb y la libre circulaci\u00f3n del libro y las ideas. Publica variados g\u00e9neros: novela, cuento, poes\u00eda, investigaci\u00f3n, narrativa, ficci\u00f3n, gr\u00e1fica, cuento ilustrado, m\u00fasica, teatro, infantil, juvenil, ensayo, entrevista y cr\u00f3nica.<\/p>\n<p><strong>Contacto: Luis Daniel Rocca Lynn<\/strong><br \/>\n<a href=\"mailto:luisrocca@tallerdeedicion.com\">luisrocca@tallerdeedicion.com<\/a>[\/vc_column_text][\/vc_column_inner][\/vc_row_inner][\/vc_column][\/vc_row][vc_row tlg_padding=\u00bbpt0 pb0&#8243; css=\u00bb.vc_custom_1568941480661{padding-top: 10px !important;padding-bottom: 10px !important;background-color: #ffffff !important;}\u00bb el_class=\u00bbfila_libros\u00bb][vc_column css_animation=\u00bbslideInUp\u00bb width=\u00bb1\/4&#8243;][vc_single_image image=\u00bb6188&#8243; img_size=\u00bbfull\u00bb alignment=\u00bbcenter\u00bb onclick=\u00bbcustom_link\u00bb css_animation=\u00bbfadeInUp\u00bb link=\u00bbhttps:\/\/camlibro.com.co\/reading_colombia\/editoriales-2019\/talleres-de-edicion-rocca-2019\/botella-papel-2019\/\u00bb css=\u00bb.vc_custom_1664499764353{padding-bottom: 20px !important;}\u00bb][vc_column_text]<\/p>\n<h3 class=\"editoriales_libro\"><a href=\"https:\/\/camlibro.com.co\/reading_colombia\/editoriales-2019\/talleres-de-edicion-rocca-2019\/botella-papel-2019\/\">Botella papel<\/a><\/h3>\n<h4 class=\"editoriales_autor\">RAM\u00d3N COTE BARAIBAR<\/h4>\n<p>[\/vc_column_text][\/vc_column][vc_column css_animation=\u00bbslideInUp\u00bb width=\u00bb1\/4&#8243;][vc_single_image image=\u00bb6190&#8243; img_size=\u00bbfull\u00bb alignment=\u00bbcenter\u00bb onclick=\u00bbcustom_link\u00bb css_animation=\u00bbfadeInUp\u00bb link=\u00bbhttps:\/\/camlibro.com.co\/reading_colombia\/editoriales-2019\/talleres-de-edicion-rocca-2019\/la-paz-como-revolucion-m-19-2019\/\u00bb css=\u00bb.vc_custom_1664499799008{padding-bottom: 20px !important;}\u00bb][vc_column_text]<\/p>\n<h3 class=\"editoriales_libro\"><a href=\"https:\/\/camlibro.com.co\/reading_colombia\/editoriales-2019\/talleres-de-edicion-rocca-2019\/la-paz-como-revolucion-m-19-2019\/\">La paz como revoluci\u00f3n M-19<\/a><\/h3>\n<h4 class=\"editoriales_autor\">VERA GRABE LOEWENHERZ<\/h4>\n<p>[\/vc_column_text][\/vc_column][vc_column css_animation=\u00bbslideInUp\u00bb width=\u00bb1\/4&#8243;][vc_single_image image=\u00bb6192&#8243; img_size=\u00bbfull\u00bb alignment=\u00bbcenter\u00bb onclick=\u00bbcustom_link\u00bb css_animation=\u00bbfadeInUp\u00bb link=\u00bbhttps:\/\/camlibro.com.co\/reading_colombia\/editoriales-2019\/talleres-de-edicion-rocca-2019\/ladron-de-olvidos-2019\/\u00bb css=\u00bb.vc_custom_1664499832351{padding-bottom: 20px !important;}\u00bb][vc_column_text]<\/p>\n<h3 class=\"editoriales_libro\"><a href=\"https:\/\/camlibro.com.co\/reading_colombia\/editoriales-2019\/talleres-de-edicion-rocca-2019\/ladron-de-olvidos-2019\/\">Ladr\u00f3n de olvidos<\/a><\/h3>\n<h4 class=\"editoriales_autor\">JOS\u00c9 ZULETA ORTIZ<\/h4>\n<p>[\/vc_column_text][\/vc_column][vc_column css_animation=\u00bbslideInUp\u00bb width=\u00bb1\/4&#8243;][vc_single_image image=\u00bb6194&#8243; img_size=\u00bbfull\u00bb alignment=\u00bbcenter\u00bb onclick=\u00bbcustom_link\u00bb css_animation=\u00bbfadeInUp\u00bb link=\u00bbhttps:\/\/camlibro.com.co\/reading_colombia\/editoriales-2019\/talleres-de-edicion-rocca-2019\/princesas-en-amsterdam-2019\/\u00bb css=\u00bb.vc_custom_1664499861728{padding-bottom: 20px !important;}\u00bb][vc_column_text]<\/p>\n<h3 class=\"editoriales_libro\"><a href=\"https:\/\/camlibro.com.co\/reading_colombia\/editoriales-2019\/talleres-de-edicion-rocca-2019\/princesas-en-amsterdam-2019\/\">Princesas en \u00c1msterdam<\/a><\/h3>\n<h4 class=\"editoriales_autor\">MANUEL JOS\u00c9 RINC\u00d3N DOM\u00cdNGUEZ<\/h4>\n<p>[\/vc_column_text][\/vc_column][\/vc_row][vc_row tlg_padding=\u00bbpt0 pb0&#8243; css=\u00bb.vc_custom_1568941480661{padding-top: 10px !important;padding-bottom: 10px !important;background-color: #ffffff !important;}\u00bb el_class=\u00bbfila_libros\u00bb][vc_column css_animation=\u00bbslideInUp\u00bb width=\u00bb1\/4&#8243;][vc_single_image image=\u00bb6196&#8243; img_size=\u00bbfull\u00bb alignment=\u00bbcenter\u00bb onclick=\u00bbcustom_link\u00bb css_animation=\u00bbfadeInUp\u00bb link=\u00bbhttps:\/\/camlibro.com.co\/reading_colombia\/editoriales-2019\/talleres-de-edicion-rocca-2019\/siriri-2019\/\u00bb css=\u00bb.vc_custom_1664499894369{padding-bottom: 20px !important;}\u00bb][vc_column_text]<\/p>\n<h3 class=\"editoriales_libro\"><a href=\"https:\/\/camlibro.com.co\/reading_colombia\/editoriales-2019\/talleres-de-edicion-rocca-2019\/siriri-2019\/\">Sirir\u00ed<\/a><\/h3>\n<h4 class=\"editoriales_autor\">FRANCISCO BARRIOS<\/h4>\n<p>[\/vc_column_text][\/vc_column][vc_column css_animation=\u00bbslideInUp\u00bb width=\u00bb1\/4&#8243;][\/vc_column][vc_column css_animation=\u00bbslideInUp\u00bb width=\u00bb1\/4&#8243;][\/vc_column][vc_column css_animation=\u00bbslideInUp\u00bb width=\u00bb1\/4&#8243;][\/vc_column][\/vc_row][vc_row tlg_padding=\u00bbpt64 pb64&#8243; css=\u00bb.vc_custom_1568943274829{background-color: #ffffff !important;}\u00bb][vc_column]<div class=\"tlg-spacer \" data-height=\"30\" data-height-tablet=\"20\" data-height-mobile=\"20\" style=\"clear:both;display:block;height:30px;\"><\/div>[\/vc_column][\/vc_row]<\/p>\n","protected":false},"excerpt":{"rendered":"<p>[vc_row css=\u00bb.vc_custom_1568928641956{background-color: #ffffff !important;}\u00bb][vc_column css_animation=\u00bbslideInUp\u00bb][vc_row_inner equal_height=\u00bbyes\u00bb content_placement=\u00bbmiddle\u00bb el_class=\u00bbfila_titulo02&#8243;][vc_column_inner width=\u00bb1\/3&#8243;][vc_single_image image=\u00bb5489&#8243; img_size=\u00bbfull\u00bb alignment=\u00bbcenter\u00bb][\/vc_column_inner][vc_column_inner width=\u00bb2\/3&#8243;][vc_column_text]Taller de Edici\u00f3n Rocca&#8230;<\/p>\n","protected":false},"author":2,"featured_media":0,"parent":5619,"menu_order":0,"comment_status":"closed","ping_status":"closed","template":"","meta":[],"translation":{"provider":"WPGlobus","version":"2.12.2","language":"es","enabled_languages":["es","en"],"languages":{"es":{"title":true,"content":true,"excerpt":false},"en":{"title":false,"content":false,"excerpt":false}}},"_links":{"self":[{"href":"https:\/\/camlibro.com.co\/reading_colombia\/wp-json\/wp\/v2\/pages\/6218"}],"collection":[{"href":"https:\/\/camlibro.com.co\/reading_colombia\/wp-json\/wp\/v2\/pages"}],"about":[{"href":"https:\/\/camlibro.com.co\/reading_colombia\/wp-json\/wp\/v2\/types\/page"}],"author":[{"embeddable":true,"href":"https:\/\/camlibro.com.co\/reading_colombia\/wp-json\/wp\/v2\/users\/2"}],"replies":[{"embeddable":true,"href":"https:\/\/camlibro.com.co\/reading_colombia\/wp-json\/wp\/v2\/comments?post=6218"}],"version-history":[{"count":16,"href":"https:\/\/camlibro.com.co\/reading_colombia\/wp-json\/wp\/v2\/pages\/6218\/revisions"}],"predecessor-version":[{"id":8110,"href":"https:\/\/camlibro.com.co\/reading_colombia\/wp-json\/wp\/v2\/pages\/6218\/revisions\/8110"}],"up":[{"embeddable":true,"href":"https:\/\/camlibro.com.co\/reading_colombia\/wp-json\/wp\/v2\/pages\/5619"}],"wp:attachment":[{"href":"https:\/\/camlibro.com.co\/reading_colombia\/wp-json\/wp\/v2\/media?parent=6218"}],"curies":[{"name":"wp","href":"https:\/\/api.w.org\/{rel}","templated":true}]}}