{"id":7489,"date":"2022-09-30T18:04:59","date_gmt":"2022-09-30T23:04:59","guid":{"rendered":"https:\/\/camlibro.com.co\/reading_colombia\/?page_id=7489"},"modified":"2022-12-14T13:03:33","modified_gmt":"2022-12-14T18:03:33","slug":"editorial-monigote-2022","status":"publish","type":"page","link":"https:\/\/camlibro.com.co\/reading_colombia\/editoriales-2022\/editorial-monigote-2022\/","title":{"rendered":"Editorial Monigote 2022"},"content":{"rendered":"<p>[vc_row css=\u00bb.vc_custom_1568928641956{background-color: #ffffff !important;}\u00bb][vc_column css_animation=\u00bbslideInUp\u00bb]<div class=\"tlg-spacer \" data-height=\"80\" data-height-tablet=\"40\" data-height-mobile=\"40\" style=\"clear:both;display:block;height:80px;\"><\/div>[vc_row_inner equal_height=\u00bbyes\u00bb content_placement=\u00bbmiddle\u00bb el_class=\u00bbfila_titulo02&#8243;][vc_column_inner width=\u00bb1\/3&#8243;][vc_single_image image=\u00bb7470&#8243; img_size=\u00bbfull\u00bb alignment=\u00bbcenter\u00bb][\/vc_column_inner][vc_column_inner width=\u00bb2\/3&#8243;][vc_column_text]Nacida en 2015, Editorial Monigote publica libros ilustrados para ni\u00f1os, j\u00f3venes y adultos. Nuestra l\u00ednea tem\u00e1tica gira en torno al patrimonio cultural y biodiverso de Colombia. Buscamos nuestras historias en el campo, en las ciudades, en las reservas naturales y en las tradiciones y conocimientos ancestrales de nuestros ind\u00edgenas, afros y campesinos.<\/p>\n<p>Somos amantes de los parques naturales de Colombia, de sus paisajes y de sus especies. Admiramos la cosmogon\u00eda de nuestras etnias ind\u00edgenas y honramos la tradici\u00f3n oral de nuestros abuelos. Estamos comprometidos con la cuidado del ambiente y el respeto a sus ecosistemas. Buscamos crear conciencia y un cambio de actitud frente a nuestra relaci\u00f3n con los otros y con la madre Tierra.<\/p>\n<p>Trabajamos con esmero cada fase del proceso editorial, desde la concepci\u00f3n del proyecto hasta su impresi\u00f3n, cuidando la calidad literaria del texto, as\u00ed como el trabajo de ilustraci\u00f3n. De esa manera entregamos a los lectores historias maravillosas en la forma de libros que trascienden.<\/p>\n<p><strong>Contacto: Mauricio Gaviria Carvajal<\/strong><br \/>\n<a href=\"mailto:contacto@editorialmonigote.com\">contacto@editorialmonigote.com<\/a>[\/vc_column_text][\/vc_column_inner][\/vc_row_inner][\/vc_column][\/vc_row][vc_row tlg_padding=\u00bbpt0 pb0&#8243; css=\u00bb.vc_custom_1568941480661{padding-top: 10px !important;padding-bottom: 10px !important;background-color: #ffffff !important;}\u00bb el_class=\u00bbfila_libros\u00bb][vc_column css_animation=\u00bbslideInUp\u00bb width=\u00bb1\/4&#8243;][vc_single_image image=\u00bb7493&#8243; img_size=\u00bbfull\u00bb alignment=\u00bbcenter\u00bb onclick=\u00bbcustom_link\u00bb css_animation=\u00bbfadeInUp\u00bb link=\u00bbhttps:\/\/camlibro.com.co\/reading_colombia\/editoriales-2022\/editorial-monigote-2022\/boca-de-maguare-2022\/\u00bb css=\u00bb.vc_custom_1664579365438{padding-bottom: 20px !important;}\u00bb][vc_column_text]<\/p>\n<h3 class=\"editoriales_libro\"><a href=\"https:\/\/camlibro.com.co\/reading_colombia\/editoriales-2022\/editorial-monigote-2022\/boca-de-maguare-2022\/\">Boca de maguar\u00e9<\/a><\/h3>\n<h4 class=\"editoriales_autor\">FERNANDO URBINA RANGEL<\/h4>\n<p>[\/vc_column_text][\/vc_column][vc_column css_animation=\u00bbslideInUp\u00bb width=\u00bb1\/4&#8243;][vc_single_image image=\u00bb7514&#8243; img_size=\u00bbfull\u00bb alignment=\u00bbcenter\u00bb style=\u00bbvc_box_border\u00bb onclick=\u00bbcustom_link\u00bb css_animation=\u00bbfadeInUp\u00bb css=\u00bb.vc_custom_1664598578437{padding-bottom: 20px !important;}\u00bb link=\u00bbhttps:\/\/camlibro.com.co\/reading_colombia\/editoriales-2022\/editorial-monigote-2022\/tengo-los-pies-en-la-cabeza-2022\/\u00bb][vc_column_text]<\/p>\n<h3 class=\"editoriales_libro\"><a href=\"https:\/\/camlibro.com.co\/reading_colombia\/editoriales-2022\/editorial-monigote-2022\/tengo-los-pies-en-la-cabeza-2022\/\">Tengo los pies en la cabeza<\/a><\/h3>\n<h4 class=\"editoriales_autor\">ESPERANZA AGUABLANCA (BERICH\u00c1)<\/h4>\n<p>[\/vc_column_text][\/vc_column][vc_column css_animation=\u00bbslideInUp\u00bb width=\u00bb1\/4&#8243;][\/vc_column][vc_column css_animation=\u00bbslideInUp\u00bb width=\u00bb1\/4&#8243;][\/vc_column][\/vc_row][vc_row tlg_padding=\u00bbpt64 pb64&#8243; css=\u00bb.vc_custom_1568943274829{background-color: #ffffff !important;}\u00bb][vc_column]<div class=\" ubtn-ctn-center \"><a class=\"ubtn-link ult-adjust-bottom-margin ubtn-center ubtn-normal \" href=\"https:\/\/camlibro.com.co\/reading_colombia\/editoriales-2022\/\" title=\"Editoriales 2022\" ><button type=\"button\" id=\"ubtn-5946\"  class=\"ubtn ult-adjust-bottom-margin ult-responsive ubtn-normal ubtn-no-hover-bg  none  ubtn-center   tooltip-69dcf9cdbf175\"  data-hover=\"#00455a\" data-border-color=\"\" data-bg=\"#00455a\" data-hover-bg=\"#ffffff\" data-border-hover=\"\" data-shadow-hover=\"\" data-shadow-click=\"none\" data-shadow=\"\" data-shd-shadow=\"\"  data-ultimate-target='#ubtn-5946'  data-responsive-json-new='{\"font-size\":\"desktop:15px;\",\"line-height\":\"desktop:20px;\"}'  style=\"font-weight:normal;border:none;background: #00455a;color: #e0e0e0;\"><span class=\"ubtn-hover\" style=\"background-color:#ffffff\"><\/span><span class=\"ubtn-data ubtn-text \" >Ir al listado de editoriales<\/span><\/button><\/a><\/div><div class=\"tlg-spacer \" data-height=\"30\" data-height-tablet=\"20\" data-height-mobile=\"20\" style=\"clear:both;display:block;height:30px;\"><\/div>[\/vc_column][\/vc_row]<\/p>\n","protected":false},"excerpt":{"rendered":"<p>[vc_row css=\u00bb.vc_custom_1568928641956{background-color: #ffffff !important;}\u00bb][vc_column css_animation=\u00bbslideInUp\u00bb][vc_row_inner equal_height=\u00bbyes\u00bb content_placement=\u00bbmiddle\u00bb el_class=\u00bbfila_titulo02&#8243;][vc_column_inner width=\u00bb1\/3&#8243;][vc_single_image image=\u00bb7470&#8243; img_size=\u00bbfull\u00bb alignment=\u00bbcenter\u00bb][\/vc_column_inner][vc_column_inner width=\u00bb2\/3&#8243;][vc_column_text]Nacida en 2015, Editorial&#8230;<\/p>\n","protected":false},"author":2,"featured_media":0,"parent":7474,"menu_order":0,"comment_status":"closed","ping_status":"closed","template":"","meta":[],"translation":{"provider":"WPGlobus","version":"2.12.2","language":"es","enabled_languages":["es","en"],"languages":{"es":{"title":true,"content":true,"excerpt":false},"en":{"title":true,"content":true,"excerpt":false}}},"_links":{"self":[{"href":"https:\/\/camlibro.com.co\/reading_colombia\/wp-json\/wp\/v2\/pages\/7489"}],"collection":[{"href":"https:\/\/camlibro.com.co\/reading_colombia\/wp-json\/wp\/v2\/pages"}],"about":[{"href":"https:\/\/camlibro.com.co\/reading_colombia\/wp-json\/wp\/v2\/types\/page"}],"author":[{"embeddable":true,"href":"https:\/\/camlibro.com.co\/reading_colombia\/wp-json\/wp\/v2\/users\/2"}],"replies":[{"embeddable":true,"href":"https:\/\/camlibro.com.co\/reading_colombia\/wp-json\/wp\/v2\/comments?post=7489"}],"version-history":[{"count":24,"href":"https:\/\/camlibro.com.co\/reading_colombia\/wp-json\/wp\/v2\/pages\/7489\/revisions"}],"predecessor-version":[{"id":8317,"href":"https:\/\/camlibro.com.co\/reading_colombia\/wp-json\/wp\/v2\/pages\/7489\/revisions\/8317"}],"up":[{"embeddable":true,"href":"https:\/\/camlibro.com.co\/reading_colombia\/wp-json\/wp\/v2\/pages\/7474"}],"wp:attachment":[{"href":"https:\/\/camlibro.com.co\/reading_colombia\/wp-json\/wp\/v2\/media?parent=7489"}],"curies":[{"name":"wp","href":"https:\/\/api.w.org\/{rel}","templated":true}]}}