{"id":7607,"date":"2022-10-03T20:58:59","date_gmt":"2022-10-04T01:58:59","guid":{"rendered":"https:\/\/camlibro.com.co\/reading_colombia\/?page_id=7607"},"modified":"2022-12-14T13:19:35","modified_gmt":"2022-12-14T18:19:35","slug":"grupo-planeta-2022","status":"publish","type":"page","link":"https:\/\/camlibro.com.co\/reading_colombia\/editoriales-2022\/grupo-planeta-2022\/","title":{"rendered":"Grupo Planeta 2022"},"content":{"rendered":"<p>[vc_row css=\u00bb.vc_custom_1568928641956{background-color: #ffffff !important;}\u00bb][vc_column css_animation=\u00bbslideInUp\u00bb]<div class=\"tlg-spacer \" data-height=\"80\" data-height-tablet=\"40\" data-height-mobile=\"40\" style=\"clear:both;display:block;height:80px;\"><\/div>[vc_row_inner equal_height=\u00bbyes\u00bb content_placement=\u00bbmiddle\u00bb el_class=\u00bbfila_titulo02&#8243;][vc_column_inner width=\u00bb1\/3&#8243;][vc_single_image image=\u00bb5468&#8243; img_size=\u00bbfull\u00bb alignment=\u00bbcenter\u00bb][\/vc_column_inner][vc_column_inner width=\u00bb2\/3&#8243;][vc_column_text]Grupo Planeta es el grupo editorial con mayor reconocimiento y publicaciones en lengua espa\u00f1ola del mundo, que agrupa a sellos editoriales como como Tusquets, Paid\u00f3s, Diana, Ariel, Cr\u00edtica, Seix Barral, Emec\u00e9, Minotauro, Espasa, Booket, Aquari, Academia, Temas de Hoy, Mart\u00ednez Roca y Joaqu\u00edn Mortiz. Grupo Planeta se especializa en publicaci\u00f3n de obras de ficci\u00f3n, no ficci\u00f3n y literatura infantil y juvenil. En Latinoam\u00e9rica, esta editorial tiene oficinas en Argentina, Brasil, Chile, Colombia, M\u00e9xico, Per\u00fa y Uruguay, sumadas a las principales de Barcelona y Madrid en Espa\u00f1a.<\/p>\n<p><strong>Contacto: Gabriel Nieto<\/strong><br \/>\n<a href=\"mailto:gnieto@planeta.com.mx\">gnieto@planeta.com.mx<\/a>[\/vc_column_text][\/vc_column_inner][\/vc_row_inner][\/vc_column][\/vc_row][vc_row tlg_padding=\u00bbpt0 pb0&#8243; css=\u00bb.vc_custom_1568941480661{padding-top: 10px !important;padding-bottom: 10px !important;background-color: #ffffff !important;}\u00bb el_class=\u00bbfila_libros\u00bb][vc_column css_animation=\u00bbslideInUp\u00bb width=\u00bb1\/4&#8243;][vc_single_image image=\u00bb7491&#8243; img_size=\u00bbfull\u00bb alignment=\u00bbcenter\u00bb onclick=\u00bbcustom_link\u00bb css_animation=\u00bbfadeInUp\u00bb link=\u00bbhttps:\/\/camlibro.com.co\/reading_colombia\/editoriales-2022\/grupo-planeta-2022\/antes-de-que-el-mar-cierre-los-caminos-2022\/\u00bb css=\u00bb.vc_custom_1664933352597{padding-bottom: 20px !important;}\u00bb][vc_column_text]<\/p>\n<h3 class=\"editoriales_libro\"><a href=\"https:\/\/camlibro.com.co\/reading_colombia\/editoriales-2022\/grupo-planeta-2022\/antes-de-que-el-mar-cierre-los-caminos-2022\/\">Antes de que el mar cierre los caminos<\/a><\/h3>\n<h4 class=\"editoriales_autor\">ANDREA MEJ\u00cdA<\/h4>\n<p>[\/vc_column_text][\/vc_column][vc_column css_animation=\u00bbslideInUp\u00bb width=\u00bb1\/4&#8243;][vc_single_image image=\u00bb7496&#8243; img_size=\u00bbfull\u00bb alignment=\u00bbcenter\u00bb onclick=\u00bbcustom_link\u00bb css_animation=\u00bbfadeInUp\u00bb link=\u00bbhttps:\/\/camlibro.com.co\/reading_colombia\/editoriales-2022\/grupo-planeta-2022\/colombia-una-historia-minima-2022\/\u00bb css=\u00bb.vc_custom_1664933381495{padding-bottom: 20px !important;}\u00bb][vc_column_text]<\/p>\n<h3 class=\"editoriales_libro\"><a href=\"https:\/\/camlibro.com.co\/reading_colombia\/editoriales-2022\/grupo-planeta-2022\/colombia-una-historia-minima-2022\/\">Colombia: una historia m\u00ednima<\/a><\/h3>\n<h4 class=\"editoriales_autor\">JORGE ORLANDO MELO GONZ\u00c1LEZ<\/h4>\n<p>[\/vc_column_text][\/vc_column][vc_column css_animation=\u00bbslideInUp\u00bb width=\u00bb1\/4&#8243;][\/vc_column][vc_column css_animation=\u00bbslideInUp\u00bb width=\u00bb1\/4&#8243;][\/vc_column][\/vc_row][vc_row tlg_padding=\u00bbpt64 pb64&#8243; css=\u00bb.vc_custom_1568943274829{background-color: #ffffff !important;}\u00bb][vc_column]<div class=\" ubtn-ctn-center \"><a class=\"ubtn-link ult-adjust-bottom-margin ubtn-center ubtn-normal \" href=\"https:\/\/camlibro.com.co\/reading_colombia\/editoriales-2022\/\" title=\"Editoriales 2022\" ><button type=\"button\" id=\"ubtn-2553\"  class=\"ubtn ult-adjust-bottom-margin ult-responsive ubtn-normal ubtn-no-hover-bg  none  ubtn-center   tooltip-69de578286e82\"  data-hover=\"#00455a\" data-border-color=\"\" data-bg=\"#00455a\" data-hover-bg=\"#ffffff\" data-border-hover=\"\" data-shadow-hover=\"\" data-shadow-click=\"none\" data-shadow=\"\" data-shd-shadow=\"\"  data-ultimate-target='#ubtn-2553'  data-responsive-json-new='{\"font-size\":\"desktop:15px;\",\"line-height\":\"desktop:20px;\"}'  style=\"font-weight:normal;border:none;background: #00455a;color: #e0e0e0;\"><span class=\"ubtn-hover\" style=\"background-color:#ffffff\"><\/span><span class=\"ubtn-data ubtn-text \" >Ir al listado de editoriales<\/span><\/button><\/a><\/div><div class=\"tlg-spacer \" data-height=\"30\" data-height-tablet=\"20\" data-height-mobile=\"20\" style=\"clear:both;display:block;height:30px;\"><\/div>[\/vc_column][\/vc_row]<\/p>\n","protected":false},"excerpt":{"rendered":"<p>[vc_row css=\u00bb.vc_custom_1568928641956{background-color: #ffffff !important;}\u00bb][vc_column css_animation=\u00bbslideInUp\u00bb][vc_row_inner equal_height=\u00bbyes\u00bb content_placement=\u00bbmiddle\u00bb el_class=\u00bbfila_titulo02&#8243;][vc_column_inner width=\u00bb1\/3&#8243;][vc_single_image image=\u00bb5468&#8243; img_size=\u00bbfull\u00bb alignment=\u00bbcenter\u00bb][\/vc_column_inner][vc_column_inner width=\u00bb2\/3&#8243;][vc_column_text]Grupo Planeta es el&#8230;<\/p>\n","protected":false},"author":2,"featured_media":0,"parent":7474,"menu_order":0,"comment_status":"closed","ping_status":"closed","template":"","meta":[],"translation":{"provider":"WPGlobus","version":"2.12.2","language":"es","enabled_languages":["es","en"],"languages":{"es":{"title":true,"content":true,"excerpt":false},"en":{"title":true,"content":true,"excerpt":false}}},"_links":{"self":[{"href":"https:\/\/camlibro.com.co\/reading_colombia\/wp-json\/wp\/v2\/pages\/7607"}],"collection":[{"href":"https:\/\/camlibro.com.co\/reading_colombia\/wp-json\/wp\/v2\/pages"}],"about":[{"href":"https:\/\/camlibro.com.co\/reading_colombia\/wp-json\/wp\/v2\/types\/page"}],"author":[{"embeddable":true,"href":"https:\/\/camlibro.com.co\/reading_colombia\/wp-json\/wp\/v2\/users\/2"}],"replies":[{"embeddable":true,"href":"https:\/\/camlibro.com.co\/reading_colombia\/wp-json\/wp\/v2\/comments?post=7607"}],"version-history":[{"count":8,"href":"https:\/\/camlibro.com.co\/reading_colombia\/wp-json\/wp\/v2\/pages\/7607\/revisions"}],"predecessor-version":[{"id":8328,"href":"https:\/\/camlibro.com.co\/reading_colombia\/wp-json\/wp\/v2\/pages\/7607\/revisions\/8328"}],"up":[{"embeddable":true,"href":"https:\/\/camlibro.com.co\/reading_colombia\/wp-json\/wp\/v2\/pages\/7474"}],"wp:attachment":[{"href":"https:\/\/camlibro.com.co\/reading_colombia\/wp-json\/wp\/v2\/media?parent=7607"}],"curies":[{"name":"wp","href":"https:\/\/api.w.org\/{rel}","templated":true}]}}