{"id":7752,"date":"2022-10-04T18:26:06","date_gmt":"2022-10-04T23:26:06","guid":{"rendered":"https:\/\/camlibro.com.co\/reading_colombia\/?page_id=7752"},"modified":"2022-12-05T19:05:43","modified_gmt":"2022-12-06T00:05:43","slug":"arcano-majuy-2022","status":"publish","type":"page","link":"https:\/\/camlibro.com.co\/reading_colombia\/editoriales-2022\/rey-naranjo-editores-2022\/arcano-majuy-2022\/","title":{"rendered":"El arcano de Majuy 2022"},"content":{"rendered":"<p>[vc_row full_width=\u00bbstretch_row\u00bb css=\u00bb.vc_custom_1568944382506{background-color: #ffffff !important;}\u00bb][vc_column]<div class=\"tlg-spacer \" data-height=\"80\" data-height-tablet=\"40\" data-height-mobile=\"40\" style=\"clear:both;display:block;height:80px;\"><\/div>[vc_row_inner][vc_column_inner width=\u00bb1\/5&#8243;][\/vc_column_inner][vc_column_inner width=\u00bb1\/5&#8243;][\/vc_column_inner][vc_column_inner width=\u00bb1\/5&#8243;][vc_single_image image=\u00bb5486&#8243; img_size=\u00bbfull\u00bb alignment=\u00bbcenter\u00bb onclick=\u00bbcustom_link\u00bb link=\u00bbhttps:\/\/camlibro.com.co\/reading_colombia\/editoriales-2022\/rey-naranjo-editores-2022\/\u00bb][\/vc_column_inner][vc_column_inner width=\u00bb1\/5&#8243;][\/vc_column_inner][vc_column_inner width=\u00bb1\/5&#8243;][\/vc_column_inner][\/vc_row_inner][\/vc_column][\/vc_row][vc_row tlg_background_style=\u00bbbg-secondary\u00bb tlg_padding=\u00bbpb0&#8243; css=\u00bb.vc_custom_1568948194274{background-color: #edeaed !important;}\u00bb][vc_column css_animation=\u00bbslideInUp\u00bb][vc_row_inner el_class=\u00bbfila_titulo02&#8243;][vc_column_inner width=\u00bb1\/3&#8243;][vc_single_image image=\u00bb7498&#8243; img_size=\u00bbfull\u00bb alignment=\u00bbcenter\u00bb][\/vc_column_inner][vc_column_inner width=\u00bb2\/3&#8243;]<div class=\"headings-title \"><div class=\"mb0 mb16 mb-xs-40 text-left\"><h5 style=\"color:#00405a!important;font-size:32px;line-height:42px;text-transform: none!important;\" class=\"widgettitle mb10\">El arcano de Majuy<\/h5><div style=\"color:#ba1039!important;font-size:20px;line-height:25px;text-transform: uppercase!important;\" class=\"widgetsubtitle\">LEONARDO ARCHILA<\/div><\/div><\/div><div class=\"tlg-spacer \" data-height=\"20\" data-height-tablet=\"20\" data-height-mobile=\"20\" style=\"clear:both;display:block;height:20px;\"><\/div>[vc_column_text]<strong class=\"rojo\">Rese\u00f1a<\/strong><br \/>\nUn joven muisca emprende un viaje desafiante y misterioso para su iniciaci\u00f3n. En compa\u00f1\u00eda del socio de su padre, el ni\u00f1o navega el r\u00edo Yuma hasta una lejana ciudad donde, con la ayuda del jeque, realiza un ritual para contactarse con la diosa del agua, quien le otorgar\u00e1 el cargo de Soportante de Ola, que lo confirmar\u00e1 como navegante.<\/p>\n<p>El Arcano de Majuy no solo es una novela de viaje, es tambi\u00e9n una inmersi\u00f3n en un entorno perdido. Este libro intenta recuperar el mundo precolombino apoy\u00e1ndose en una ambiciosa investigaci\u00f3n no pocas veces complementada por la invenci\u00f3n literaria y po\u00e9tica. Ac\u00e1 se re\u00fanen las complejas relaciones sociales establecidas en un mundo arquet\u00edpico, donde ciencia, saber y creencia se juntan en una idiosincrasia ind\u00edgena.<\/p>\n<p><strong class=\"rojo\">Ficha t\u00e9cnica<\/strong><br \/>\nCategor\u00eda: Novela<br \/>\nISBN: 978-958-5586-91-8<br \/>\nFecha de publicaci\u00f3n: 16\/4\/2022<br \/>\nN\u00famero de p\u00e1ginas: 195<br \/>\nFormato: 15 x 22 cm<br \/>\nIdiomas libres de derechos: Todos[\/vc_column_text][\/vc_column_inner][\/vc_row_inner][\/vc_column][\/vc_row][vc_row full_width=\u00bbstretch_row_content_no_spaces\u00bb tlg_large_container=\u00bbwide-container\u00bb tlg_background_style=\u00bbbg-secondary\u00bb tlg_padding=\u00bbpt64 pb64&#8243; css=\u00bb.vc_custom_1568948249704{background-color: #edeaed !important;}\u00bb][vc_column css_animation=\u00bbslideInUp\u00bb width=\u00bb1\/6&#8243;][vc_column_text]<a href=\"https:\/\/camlibro.com.co\/reading_colombia\/editoriales-2022\/rey-naranjo-editores-2022\/ojo-casa-2022\/\">|\u00ab Libro anterior<\/a><em><br \/>\n<\/em>[\/vc_column_text][\/vc_column][vc_column width=\u00bb1\/6&#8243;][\/vc_column][vc_column width=\u00bb1\/6&#8243;][\/vc_column][vc_column width=\u00bb1\/6&#8243;][\/vc_column][vc_column width=\u00bb1\/6&#8243;][\/vc_column][vc_column width=\u00bb1\/6&#8243;][vc_column_text]<a href=\"https:\/\/camlibro.com.co\/reading_colombia\/editoriales-2022\/sic-semper-ediciones-2022\/espacios-habitables-2022\/\">Siguiente libro \u00bb|<\/a><em><br \/>\n<\/em>[\/vc_column_text][\/vc_column][\/vc_row][vc_row el_class=\u00bbfila_autor\u00bb][vc_column css_animation=\u00bbslideInUp\u00bb][vc_row_inner el_class=\u00bbfila_titulo02&#8243;][vc_column_inner width=\u00bb1\/4&#8243;][vc_single_image image=\u00bb7704&#8243; img_size=\u00bbfull\u00bb alignment=\u00bbcenter\u00bb][\/vc_column_inner][vc_column_inner width=\u00bb3\/4&#8243;]<div class=\"headings-title \"><div class=\"mb0 mb16 mb-xs-40 text-left\"><h5 style=\"color:#00405a!important;font-size:25px;line-height:35px;text-transform: none!important;\" class=\"widgettitle mb10\">Biograf\u00eda del autor<\/h5><\/div><\/div>[vc_column_text]<strong class=\"rojo2\">Leonardo A. Archila R (Bogot\u00e1, 1970).<\/strong> Es lector, editor, marinero y escritor. Fil\u00f3sofo de la Universidad Nacional de Colombia. A lo largo de su vida naveg\u00f3 como piloto en buques mercantes. Ha sido librero, corrector, redactor y director editorial. Hizo parte del comit\u00e9 editorial de la revista Conversaciones desde la Soledad y de la corporaci\u00f3n internacional de artistas Post-Office Cowboys. Ha publicado cuentos y poes\u00eda en algunas revistas literarias, textos de filosof\u00eda y comprensi\u00f3n lectora para colegios y una gu\u00eda hist\u00f3rico-tur\u00edstica de Cartagena de Indias. Con casi 30 a\u00f1os de experiencia en el mundo del libro, actualmente dirige su propio proyecto editorial, Pi\u00e9lago Perpetuo.[\/vc_column_text][\/vc_column_inner][\/vc_row_inner]<div class=\" vc_custom_1664906740080 ubtn-ctn-center \"><a class=\"ubtn-link ult-adjust-bottom-margin ubtn-center ubtn-normal \" href=\"https:\/\/camlibro.com.co\/reading_colombia\/editoriales-2022\/\" title=\"Editoriales 2022\" ><button type=\"button\" id=\"ubtn-3501\"  class=\"ubtn ult-adjust-bottom-margin ult-responsive ubtn-normal ubtn-no-hover-bg  none  ubtn-center   tooltip-69deb75ce48d2\"  data-hover=\"#00455a\" data-border-color=\"\" data-bg=\"#00455a\" data-hover-bg=\"#ffffff\" data-border-hover=\"\" data-shadow-hover=\"\" data-shadow-click=\"none\" data-shadow=\"\" data-shd-shadow=\"\"  data-ultimate-target='#ubtn-3501'  data-responsive-json-new='{\"font-size\":\"desktop:15px;\",\"line-height\":\"desktop:20px;\"}'  style=\"font-weight:normal;border:none;background: #00455a;color: #e0e0e0;\"><span class=\"ubtn-hover\" style=\"background-color:#ffffff\"><\/span><span class=\"ubtn-data ubtn-text \" >Volver al listado de editoriales<\/span><\/button><\/a><\/div>[\/vc_column][\/vc_row]<\/p>\n","protected":false},"excerpt":{"rendered":"<p>[vc_row full_width=\u00bbstretch_row\u00bb css=\u00bb.vc_custom_1568944382506{background-color: #ffffff !important;}\u00bb][vc_column][vc_row_inner][vc_column_inner width=\u00bb1\/5&#8243;][\/vc_column_inner][vc_column_inner width=\u00bb1\/5&#8243;][\/vc_column_inner][vc_column_inner width=\u00bb1\/5&#8243;][vc_single_image image=\u00bb5486&#8243; img_size=\u00bbfull\u00bb alignment=\u00bbcenter\u00bb onclick=\u00bbcustom_link\u00bb link=\u00bbhttps:\/\/camlibro.com.co\/reading_colombia\/editoriales-2022\/rey-naranjo-editores-2022\/\u00bb][\/vc_column_inner][vc_column_inner width=\u00bb1\/5&#8243;][\/vc_column_inner][vc_column_inner width=\u00bb1\/5&#8243;][\/vc_column_inner][\/vc_row_inner][\/vc_column][\/vc_row][vc_row tlg_background_style=\u00bbbg-secondary\u00bb&#8230;<\/p>\n","protected":false},"author":1,"featured_media":0,"parent":7647,"menu_order":0,"comment_status":"closed","ping_status":"closed","template":"","meta":[],"translation":{"provider":"WPGlobus","version":"2.12.2","language":"es","enabled_languages":["es","en"],"languages":{"es":{"title":true,"content":true,"excerpt":false},"en":{"title":true,"content":true,"excerpt":false}}},"_links":{"self":[{"href":"https:\/\/camlibro.com.co\/reading_colombia\/wp-json\/wp\/v2\/pages\/7752"}],"collection":[{"href":"https:\/\/camlibro.com.co\/reading_colombia\/wp-json\/wp\/v2\/pages"}],"about":[{"href":"https:\/\/camlibro.com.co\/reading_colombia\/wp-json\/wp\/v2\/types\/page"}],"author":[{"embeddable":true,"href":"https:\/\/camlibro.com.co\/reading_colombia\/wp-json\/wp\/v2\/users\/1"}],"replies":[{"embeddable":true,"href":"https:\/\/camlibro.com.co\/reading_colombia\/wp-json\/wp\/v2\/comments?post=7752"}],"version-history":[{"count":11,"href":"https:\/\/camlibro.com.co\/reading_colombia\/wp-json\/wp\/v2\/pages\/7752\/revisions"}],"predecessor-version":[{"id":8277,"href":"https:\/\/camlibro.com.co\/reading_colombia\/wp-json\/wp\/v2\/pages\/7752\/revisions\/8277"}],"up":[{"embeddable":true,"href":"https:\/\/camlibro.com.co\/reading_colombia\/wp-json\/wp\/v2\/pages\/7647"}],"wp:attachment":[{"href":"https:\/\/camlibro.com.co\/reading_colombia\/wp-json\/wp\/v2\/media?parent=7752"}],"curies":[{"name":"wp","href":"https:\/\/api.w.org\/{rel}","templated":true}]}}