{"id":7806,"date":"2022-10-04T19:19:59","date_gmt":"2022-10-05T00:19:59","guid":{"rendered":"https:\/\/camlibro.com.co\/reading_colombia\/?page_id=7806"},"modified":"2022-12-05T18:58:06","modified_gmt":"2022-12-05T23:58:06","slug":"tierra-tesoros-tristes-2022","status":"publish","type":"page","link":"https:\/\/camlibro.com.co\/reading_colombia\/editoriales-2022\/penguin-random-house-2022\/tierra-tesoros-tristes-2022\/","title":{"rendered":"La tierra de los tesoros tristes 2022"},"content":{"rendered":"<p>[vc_row full_width=\u00bbstretch_row\u00bb css=\u00bb.vc_custom_1568944382506{background-color: #ffffff !important;}\u00bb][vc_column]<div class=\"tlg-spacer \" data-height=\"80\" data-height-tablet=\"40\" data-height-mobile=\"40\" style=\"clear:both;display:block;height:80px;\"><\/div>[vc_row_inner][vc_column_inner width=\u00bb1\/5&#8243;][\/vc_column_inner][vc_column_inner width=\u00bb1\/5&#8243;][\/vc_column_inner][vc_column_inner width=\u00bb1\/5&#8243;][vc_single_image image=\u00bb5485&#8243; img_size=\u00bbfull\u00bb alignment=\u00bbcenter\u00bb onclick=\u00bbcustom_link\u00bb link=\u00bbhttps:\/\/camlibro.com.co\/reading_colombia\/editoriales-2022\/penguin-random-house-2022\/\u00bb][\/vc_column_inner][vc_column_inner width=\u00bb1\/5&#8243;][\/vc_column_inner][vc_column_inner width=\u00bb1\/5&#8243;][\/vc_column_inner][\/vc_row_inner][\/vc_column][\/vc_row][vc_row tlg_background_style=\u00bbbg-secondary\u00bb tlg_padding=\u00bbpb0&#8243; css=\u00bb.vc_custom_1568948194274{background-color: #edeaed !important;}\u00bb][vc_column css_animation=\u00bbslideInUp\u00bb][vc_row_inner el_class=\u00bbfila_titulo02&#8243;][vc_column_inner width=\u00bb1\/3&#8243;][vc_single_image image=\u00bb7643&#8243; img_size=\u00bbfull\u00bb alignment=\u00bbcenter\u00bb][\/vc_column_inner][vc_column_inner width=\u00bb2\/3&#8243;]<div class=\"headings-title \"><div class=\"mb0 mb16 mb-xs-40 text-left\"><h5 style=\"color:#00405a!important;font-size:32px;line-height:42px;text-transform: none!important;\" class=\"widgettitle mb10\">La tierra de los tesoros tristes<\/h5><div style=\"color:#ba1039!important;font-size:20px;line-height:25px;text-transform: uppercase!important;\" class=\"widgetsubtitle\">SIM\u00d3N POSADA<\/div><\/div><\/div><div class=\"tlg-spacer \" data-height=\"20\" data-height-tablet=\"20\" data-height-mobile=\"20\" style=\"clear:both;display:block;height:20px;\"><\/div>[vc_column_text]<strong class=\"rojo\">Rese\u00f1a<\/strong><br \/>\nEsta obra armada a partir de una profunda investigaci\u00f3n hist\u00f3rica y period\u00edstica, responde preguntas c\u00f3mo: \u00bfqui\u00e9n fue la primera persona que encontr\u00f3 el Poporo Quimbaya y cu\u00e1l ha sido su caminar durante los \u00faltimos siglos?, \u00bfpor qu\u00e9 somos una tierra de tesoros tristes, donde el poder y el dinero que entregan moment\u00e1neamente el oro y la coca se desvanecen como agua por los dedos, y casi siempre termina en historias oscuras y tr\u00e1gicas. Un texto period\u00edstico para explicarnos c\u00f3mo la obsesi\u00f3n por el oro, por la coca, por el poder, por el dinero, por descubrir tesoros, y hasta por encontrar guacas en rec\u00f3nditas monta\u00f1as de nuestra naci\u00f3n se han convertido en nuestra maldici\u00f3n.<\/p>\n<p><strong class=\"rojo\">Ficha t\u00e9cnica<\/strong><br \/>\nCategor\u00eda: Cr\u00f3nica<br \/>\nISBN: 978-628-7539-09-9<br \/>\nFecha de publicaci\u00f3n: 1\/7\/2022<br \/>\nN\u00famero de p\u00e1ginas: 135<br \/>\nFormato: 16 x 25 cm<br \/>\nIdiomas libres de derechos: Todos[\/vc_column_text][\/vc_column_inner][\/vc_row_inner][\/vc_column][\/vc_row][vc_row full_width=\u00bbstretch_row_content_no_spaces\u00bb tlg_large_container=\u00bbwide-container\u00bb tlg_background_style=\u00bbbg-secondary\u00bb tlg_padding=\u00bbpt64 pb64&#8243; css=\u00bb.vc_custom_1568948249704{background-color: #edeaed !important;}\u00bb][vc_column css_animation=\u00bbslideInUp\u00bb width=\u00bb1\/6&#8243;][vc_column_text]<a href=\"https:\/\/camlibro.com.co\/reading_colombia\/editoriales-2022\/penguin-random-house-2022\/relatos-confin-mundo-2022\/\">|\u00ab Libro anterior<\/a><em><br \/>\n<\/em>[\/vc_column_text][\/vc_column][vc_column width=\u00bb1\/6&#8243;][\/vc_column][vc_column width=\u00bb1\/6&#8243;][\/vc_column][vc_column width=\u00bb1\/6&#8243;][\/vc_column][vc_column width=\u00bb1\/6&#8243;][\/vc_column][vc_column width=\u00bb1\/6&#8243;][vc_column_text]<a href=\"https:\/\/camlibro.com.co\/reading_colombia\/editoriales-2022\/rey-naranjo-editores-2022\/lugar-transito-2022\/\">Siguiente libro \u00bb|<\/a><em><br \/>\n<\/em>[\/vc_column_text][\/vc_column][\/vc_row][vc_row el_class=\u00bbfila_autor\u00bb][vc_column css_animation=\u00bbslideInUp\u00bb][vc_row_inner el_class=\u00bbfila_titulo02&#8243;][vc_column_inner width=\u00bb1\/4&#8243;][vc_single_image image=\u00bb8179&#8243; img_size=\u00bbfull\u00bb alignment=\u00bbcenter\u00bb][\/vc_column_inner][vc_column_inner width=\u00bb3\/4&#8243;]<div class=\"headings-title \"><div class=\"mb0 mb16 mb-xs-40 text-left\"><h5 style=\"color:#00405a!important;font-size:25px;line-height:35px;text-transform: none!important;\" class=\"widgettitle mb10\">Biograf\u00eda del autor<\/h5><\/div><\/div>[vc_column_text]<strong class=\"rojo2\">Sim\u00f3n Posada.<\/strong> Es periodista y ha trabajado en CNN en Espa\u00f1ol, BBC News Mundo, Univision, El Colombiano, El Tiempo, Grupo Editorial Planeta, KienyKe, RCN Televisi\u00f3n y las revistas SoHo, Don Juan, Semana y Cambio. Es autor de dos libros de cr\u00f3nicas y sus trabajos en prensa han sido publicados en varias antolog\u00edas. Estudi\u00f3 guion cinematogr\u00e1fico en la Escuela Internacional de Cine y Televisi\u00f3n de San Antonio de los Ba\u00f1os, Cuba. Fue ganador del Premio Nacional de Periodismo Sim\u00f3n Bol\u00edvar a mejor cr\u00f3nica en 2015.[\/vc_column_text][\/vc_column_inner][\/vc_row_inner]<div class=\" vc_custom_1664906740080 ubtn-ctn-center \"><a class=\"ubtn-link ult-adjust-bottom-margin ubtn-center ubtn-normal \" href=\"https:\/\/camlibro.com.co\/reading_colombia\/editoriales-2022\/\" title=\"Editoriales 2022\" ><button type=\"button\" id=\"ubtn-9029\"  class=\"ubtn ult-adjust-bottom-margin ult-responsive ubtn-normal ubtn-no-hover-bg  none  ubtn-center   tooltip-69e0cdd1a2ee5\"  data-hover=\"#00455a\" data-border-color=\"\" data-bg=\"#00455a\" data-hover-bg=\"#ffffff\" data-border-hover=\"\" data-shadow-hover=\"\" data-shadow-click=\"none\" data-shadow=\"\" data-shd-shadow=\"\"  data-ultimate-target='#ubtn-9029'  data-responsive-json-new='{\"font-size\":\"desktop:15px;\",\"line-height\":\"desktop:20px;\"}'  style=\"font-weight:normal;border:none;background: #00455a;color: #e0e0e0;\"><span class=\"ubtn-hover\" style=\"background-color:#ffffff\"><\/span><span class=\"ubtn-data ubtn-text \" >Volver al listado de editoriales<\/span><\/button><\/a><\/div>[\/vc_column][\/vc_row]<\/p>\n","protected":false},"excerpt":{"rendered":"<p>[vc_row full_width=\u00bbstretch_row\u00bb css=\u00bb.vc_custom_1568944382506{background-color: #ffffff !important;}\u00bb][vc_column][vc_row_inner][vc_column_inner width=\u00bb1\/5&#8243;][\/vc_column_inner][vc_column_inner width=\u00bb1\/5&#8243;][\/vc_column_inner][vc_column_inner width=\u00bb1\/5&#8243;][vc_single_image image=\u00bb5485&#8243; img_size=\u00bbfull\u00bb alignment=\u00bbcenter\u00bb onclick=\u00bbcustom_link\u00bb link=\u00bbhttps:\/\/camlibro.com.co\/reading_colombia\/editoriales-2022\/penguin-random-house-2022\/\u00bb][\/vc_column_inner][vc_column_inner width=\u00bb1\/5&#8243;][\/vc_column_inner][vc_column_inner width=\u00bb1\/5&#8243;][\/vc_column_inner][\/vc_row_inner][\/vc_column][\/vc_row][vc_row tlg_background_style=\u00bbbg-secondary\u00bb&#8230;<\/p>\n","protected":false},"author":1,"featured_media":0,"parent":7640,"menu_order":0,"comment_status":"closed","ping_status":"closed","template":"","meta":[],"translation":{"provider":"WPGlobus","version":"2.12.2","language":"es","enabled_languages":["es","en"],"languages":{"es":{"title":true,"content":true,"excerpt":false},"en":{"title":true,"content":true,"excerpt":false}}},"_links":{"self":[{"href":"https:\/\/camlibro.com.co\/reading_colombia\/wp-json\/wp\/v2\/pages\/7806"}],"collection":[{"href":"https:\/\/camlibro.com.co\/reading_colombia\/wp-json\/wp\/v2\/pages"}],"about":[{"href":"https:\/\/camlibro.com.co\/reading_colombia\/wp-json\/wp\/v2\/types\/page"}],"author":[{"embeddable":true,"href":"https:\/\/camlibro.com.co\/reading_colombia\/wp-json\/wp\/v2\/users\/1"}],"replies":[{"embeddable":true,"href":"https:\/\/camlibro.com.co\/reading_colombia\/wp-json\/wp\/v2\/comments?post=7806"}],"version-history":[{"count":15,"href":"https:\/\/camlibro.com.co\/reading_colombia\/wp-json\/wp\/v2\/pages\/7806\/revisions"}],"predecessor-version":[{"id":8273,"href":"https:\/\/camlibro.com.co\/reading_colombia\/wp-json\/wp\/v2\/pages\/7806\/revisions\/8273"}],"up":[{"embeddable":true,"href":"https:\/\/camlibro.com.co\/reading_colombia\/wp-json\/wp\/v2\/pages\/7640"}],"wp:attachment":[{"href":"https:\/\/camlibro.com.co\/reading_colombia\/wp-json\/wp\/v2\/media?parent=7806"}],"curies":[{"name":"wp","href":"https:\/\/api.w.org\/{rel}","templated":true}]}}