{"id":7823,"date":"2022-10-04T19:38:22","date_gmt":"2022-10-05T00:38:22","guid":{"rendered":"https:\/\/camlibro.com.co\/reading_colombia\/?page_id=7823"},"modified":"2022-12-05T18:57:36","modified_gmt":"2022-12-05T23:57:36","slug":"relatos-confin-mundo-2022","status":"publish","type":"page","link":"https:\/\/camlibro.com.co\/reading_colombia\/editoriales-2022\/penguin-random-house-2022\/relatos-confin-mundo-2022\/","title":{"rendered":"Relatos del conf\u00edn del mundo (y del universo) 2022"},"content":{"rendered":"<p>[vc_row full_width=\u00bbstretch_row\u00bb css=\u00bb.vc_custom_1568944382506{background-color: #ffffff !important;}\u00bb][vc_column]<div class=\"tlg-spacer \" data-height=\"80\" data-height-tablet=\"40\" data-height-mobile=\"40\" style=\"clear:both;display:block;height:80px;\"><\/div>[vc_row_inner][vc_column_inner width=\u00bb1\/5&#8243;][\/vc_column_inner][vc_column_inner width=\u00bb1\/5&#8243;][\/vc_column_inner][vc_column_inner width=\u00bb1\/5&#8243;][vc_single_image image=\u00bb5485&#8243; img_size=\u00bbfull\u00bb alignment=\u00bbcenter\u00bb onclick=\u00bbcustom_link\u00bb link=\u00bbhttps:\/\/camlibro.com.co\/reading_colombia\/editoriales-2022\/penguin-random-house-2022\/\u00bb][\/vc_column_inner][vc_column_inner width=\u00bb1\/5&#8243;][\/vc_column_inner][vc_column_inner width=\u00bb1\/5&#8243;][\/vc_column_inner][\/vc_row_inner][\/vc_column][\/vc_row][vc_row tlg_background_style=\u00bbbg-secondary\u00bb tlg_padding=\u00bbpb0&#8243; css=\u00bb.vc_custom_1568948194274{background-color: #edeaed !important;}\u00bb][vc_column css_animation=\u00bbslideInUp\u00bb][vc_row_inner el_class=\u00bbfila_titulo02&#8243;][vc_column_inner width=\u00bb1\/3&#8243;][vc_single_image image=\u00bb7513&#8243; img_size=\u00bbfull\u00bb alignment=\u00bbcenter\u00bb][\/vc_column_inner][vc_column_inner width=\u00bb2\/3&#8243;]<div class=\"headings-title \"><div class=\"mb0 mb16 mb-xs-40 text-left\"><h5 style=\"color:#00405a!important;font-size:32px;line-height:42px;text-transform: none!important;\" class=\"widgettitle mb10\">Relatos del conf\u00edn del mundo (y del universo)<\/h5><div style=\"color:#ba1039!important;font-size:20px;line-height:25px;text-transform: uppercase!important;\" class=\"widgetsubtitle\">JUAN DIEGO SOLER<\/div><\/div><\/div><div class=\"tlg-spacer \" data-height=\"20\" data-height-tablet=\"20\" data-height-mobile=\"20\" style=\"clear:both;display:block;height:20px;\"><\/div>[vc_column_text]<strong class=\"rojo\">Rese\u00f1a<\/strong><br \/>\nHoy, poco m\u00e1s de un siglo despu\u00e9s de que los humanos llegaran al Polo Sur, Ant\u00e1rtida se ha convertido en un centro de investigaciones, a donde llegan cada a\u00f1o expertos de todo el mundo para desarrollar estudios cient\u00edficos que permiten entender nuestro planeta y el universo. El astrof\u00edsico colombiano Juan Diego Soler fue uno de ellos. En 2010 aterriz\u00f3 por primera vez en esas g\u00e9lidas planicies para, con el apoyo de la NASA y la Fundaci\u00f3n Nacional de Ciencias de los Estados Unidos, lanzar a la estrat\u00f3sfera un telescopio rob\u00f3tico impulsado por un globo de helio y ver la luz m\u00e1s all\u00e1 de las estrellas. Esta tambi\u00e9n es su historia. Relatos del conf\u00edn del mundo (y del universo) es un viaje a trav\u00e9s de palabras, mapas e im\u00e1genes a uno de los lugares m\u00e1s misteriosos de la Tierra, el hogar de millones de ping\u00fcinos y miles de ballenas y focas. Es una traves\u00eda a un terreno inh\u00f3spito e inhumanamente fr\u00edo, en compa\u00f1\u00eda de quienes arriesgaron su vida en nombre de la exploraci\u00f3n y de quienes hoy regresan all\u00ed en nombre de la ciencia.<\/p>\n<p><strong class=\"rojo\">Ficha t\u00e9cnica<\/strong><br \/>\nCategor\u00eda: Cr\u00f3nica<br \/>\nISBN: 978-958-5549-88-3<br \/>\nFecha de publicaci\u00f3n: 1\/11\/2021<br \/>\nN\u00famero de p\u00e1ginas: 602<br \/>\nFormato: 16 x 25 cm<br \/>\nIdiomas libres de derechos: Todos[\/vc_column_text][\/vc_column_inner][\/vc_row_inner][\/vc_column][\/vc_row][vc_row full_width=\u00bbstretch_row_content_no_spaces\u00bb tlg_large_container=\u00bbwide-container\u00bb tlg_background_style=\u00bbbg-secondary\u00bb tlg_padding=\u00bbpt64 pb64&#8243; css=\u00bb.vc_custom_1568948249704{background-color: #edeaed !important;}\u00bb][vc_column css_animation=\u00bbslideInUp\u00bb width=\u00bb1\/6&#8243;][vc_column_text]<a href=\"https:\/\/camlibro.com.co\/reading_colombia\/editoriales-2022\/penguin-random-house-2022\/mujer-incomoda-2022\/\">|\u00ab Libro anterior<\/a><em><br \/>\n<\/em>[\/vc_column_text][\/vc_column][vc_column width=\u00bb1\/6&#8243;][\/vc_column][vc_column width=\u00bb1\/6&#8243;][\/vc_column][vc_column width=\u00bb1\/6&#8243;][\/vc_column][vc_column width=\u00bb1\/6&#8243;][\/vc_column][vc_column width=\u00bb1\/6&#8243;][vc_column_text]<a href=\"https:\/\/camlibro.com.co\/reading_colombia\/editoriales-2022\/penguin-random-house-2022\/tierra-tesoros-tristes-2022\/\">Siguiente libro \u00bb|<\/a><em><br \/>\n<\/em>[\/vc_column_text][\/vc_column][\/vc_row][vc_row el_class=\u00bbfila_autor\u00bb][vc_column css_animation=\u00bbslideInUp\u00bb][vc_row_inner el_class=\u00bbfila_titulo02&#8243;][vc_column_inner width=\u00bb1\/4&#8243;][vc_single_image image=\u00bb7698&#8243; img_size=\u00bbfull\u00bb alignment=\u00bbcenter\u00bb][\/vc_column_inner][vc_column_inner width=\u00bb3\/4&#8243;]<div class=\"headings-title \"><div class=\"mb0 mb16 mb-xs-40 text-left\"><h5 style=\"color:#00405a!important;font-size:25px;line-height:35px;text-transform: none!important;\" class=\"widgettitle mb10\">Biograf\u00eda del autor<\/h5><\/div><\/div>[vc_column_text]<strong class=\"rojo2\">Juan Diego Soler.<\/strong> Es f\u00edsico de la Universidad de los Andes (Bogot\u00e1) y doctor en Astronom\u00eda y Astrof\u00edsica en la Universidad de Toronto (Canad\u00e1). Fue ganador de la Medalla al Servicio Ant\u00e1rtico del Departamento de Defensa de los Estados Unidos en 2011 por su trabajo en el experimento en globo BLASTPol. Se ha desempe\u00f1ado como cient\u00edfico en el Instituto de Astrof\u00edsica Espacial (IAS) en Francia, trabajando en el observatorio espacial Planck de la Agencia Espacial Europea (ESA), y en el Instituto Max Planck de Astronom\u00eda (MPIA) en Alemania. Su especialidad es el estudio del campo magn\u00e9tico interestelar, la estructura del hidr\u00f3geno en la V\u00eda L\u00e1ctea y el proceso de formaci\u00f3n de es-trellas. Adem\u00e1s de su trabajo cient\u00edfico, publi-ca habitualmente sus cr\u00f3nicas de ciencia en el diario El Espectador y es comentarista de temas cient\u00edficos para Caracol Radio, CNN en Espa\u00f1ol y otros medios colombianos e internacionales. Desde mediados de 2021 es investigador cient\u00edfico del Instituto de Astrof\u00edsica Espacial y Planetolog\u00eda (IAPS- INAF) en Roma, Italia.[\/vc_column_text][\/vc_column_inner][\/vc_row_inner]<div class=\" vc_custom_1664906740080 ubtn-ctn-center \"><a class=\"ubtn-link ult-adjust-bottom-margin ubtn-center ubtn-normal \" href=\"https:\/\/camlibro.com.co\/reading_colombia\/editoriales-2022\/\" title=\"Editoriales 2022\" ><button type=\"button\" id=\"ubtn-4262\"  class=\"ubtn ult-adjust-bottom-margin ult-responsive ubtn-normal ubtn-no-hover-bg  none  ubtn-center   tooltip-69deebb8d562c\"  data-hover=\"#00455a\" data-border-color=\"\" data-bg=\"#00455a\" data-hover-bg=\"#ffffff\" data-border-hover=\"\" data-shadow-hover=\"\" data-shadow-click=\"none\" data-shadow=\"\" data-shd-shadow=\"\"  data-ultimate-target='#ubtn-4262'  data-responsive-json-new='{\"font-size\":\"desktop:15px;\",\"line-height\":\"desktop:20px;\"}'  style=\"font-weight:normal;border:none;background: #00455a;color: #e0e0e0;\"><span class=\"ubtn-hover\" style=\"background-color:#ffffff\"><\/span><span class=\"ubtn-data ubtn-text \" >Volver al listado de editoriales<\/span><\/button><\/a><\/div>[\/vc_column][\/vc_row]<\/p>\n","protected":false},"excerpt":{"rendered":"<p>[vc_row full_width=\u00bbstretch_row\u00bb css=\u00bb.vc_custom_1568944382506{background-color: #ffffff !important;}\u00bb][vc_column][vc_row_inner][vc_column_inner width=\u00bb1\/5&#8243;][\/vc_column_inner][vc_column_inner width=\u00bb1\/5&#8243;][\/vc_column_inner][vc_column_inner width=\u00bb1\/5&#8243;][vc_single_image image=\u00bb5485&#8243; img_size=\u00bbfull\u00bb alignment=\u00bbcenter\u00bb onclick=\u00bbcustom_link\u00bb link=\u00bbhttps:\/\/camlibro.com.co\/reading_colombia\/editoriales-2022\/penguin-random-house-2022\/\u00bb][\/vc_column_inner][vc_column_inner width=\u00bb1\/5&#8243;][\/vc_column_inner][vc_column_inner width=\u00bb1\/5&#8243;][\/vc_column_inner][\/vc_row_inner][\/vc_column][\/vc_row][vc_row tlg_background_style=\u00bbbg-secondary\u00bb&#8230;<\/p>\n","protected":false},"author":1,"featured_media":0,"parent":7640,"menu_order":0,"comment_status":"closed","ping_status":"closed","template":"","meta":[],"translation":{"provider":"WPGlobus","version":"2.12.2","language":"es","enabled_languages":["es","en"],"languages":{"es":{"title":true,"content":true,"excerpt":false},"en":{"title":true,"content":true,"excerpt":false}}},"_links":{"self":[{"href":"https:\/\/camlibro.com.co\/reading_colombia\/wp-json\/wp\/v2\/pages\/7823"}],"collection":[{"href":"https:\/\/camlibro.com.co\/reading_colombia\/wp-json\/wp\/v2\/pages"}],"about":[{"href":"https:\/\/camlibro.com.co\/reading_colombia\/wp-json\/wp\/v2\/types\/page"}],"author":[{"embeddable":true,"href":"https:\/\/camlibro.com.co\/reading_colombia\/wp-json\/wp\/v2\/users\/1"}],"replies":[{"embeddable":true,"href":"https:\/\/camlibro.com.co\/reading_colombia\/wp-json\/wp\/v2\/comments?post=7823"}],"version-history":[{"count":9,"href":"https:\/\/camlibro.com.co\/reading_colombia\/wp-json\/wp\/v2\/pages\/7823\/revisions"}],"predecessor-version":[{"id":8272,"href":"https:\/\/camlibro.com.co\/reading_colombia\/wp-json\/wp\/v2\/pages\/7823\/revisions\/8272"}],"up":[{"embeddable":true,"href":"https:\/\/camlibro.com.co\/reading_colombia\/wp-json\/wp\/v2\/pages\/7640"}],"wp:attachment":[{"href":"https:\/\/camlibro.com.co\/reading_colombia\/wp-json\/wp\/v2\/media?parent=7823"}],"curies":[{"name":"wp","href":"https:\/\/api.w.org\/{rel}","templated":true}]}}