{"id":7827,"date":"2022-10-04T19:49:19","date_gmt":"2022-10-05T00:49:19","guid":{"rendered":"https:\/\/camlibro.com.co\/reading_colombia\/?page_id=7827"},"modified":"2022-12-14T13:20:19","modified_gmt":"2022-12-14T18:20:19","slug":"colombia-una-historia-minima-2022","status":"publish","type":"page","link":"https:\/\/camlibro.com.co\/reading_colombia\/editoriales-2022\/grupo-planeta-2022\/colombia-una-historia-minima-2022\/","title":{"rendered":"Colombia: una historia m\u00ednima 2022"},"content":{"rendered":"<p>[vc_row full_width=\u00bbstretch_row\u00bb css=\u00bb.vc_custom_1568944382506{background-color: #ffffff !important;}\u00bb][vc_column]<div class=\"tlg-spacer \" data-height=\"80\" data-height-tablet=\"40\" data-height-mobile=\"40\" style=\"clear:both;display:block;height:80px;\"><\/div>[vc_row_inner][vc_column_inner width=\u00bb1\/5&#8243;][\/vc_column_inner][vc_column_inner width=\u00bb1\/5&#8243;][\/vc_column_inner][vc_column_inner width=\u00bb1\/5&#8243;][vc_single_image image=\u00bb5468&#8243; img_size=\u00bbfull\u00bb alignment=\u00bbcenter\u00bb onclick=\u00bbcustom_link\u00bb link=\u00bbhttps:\/\/camlibro.com.co\/reading_colombia\/editoriales-2022\/grupo-planeta-2022\/\u00bb][\/vc_column_inner][vc_column_inner width=\u00bb1\/5&#8243;][\/vc_column_inner][vc_column_inner width=\u00bb1\/5&#8243;][\/vc_column_inner][\/vc_row_inner][\/vc_column][\/vc_row][vc_row tlg_background_style=\u00bbbg-secondary\u00bb tlg_padding=\u00bbpb0&#8243; css=\u00bb.vc_custom_1568948194274{background-color: #edeaed !important;}\u00bb][vc_column css_animation=\u00bbslideInUp\u00bb][vc_row_inner el_class=\u00bbfila_titulo02&#8243;][vc_column_inner width=\u00bb1\/3&#8243;][vc_single_image image=\u00bb7496&#8243; img_size=\u00bbfull\u00bb alignment=\u00bbcenter\u00bb][\/vc_column_inner][vc_column_inner width=\u00bb2\/3&#8243;]<div class=\"headings-title \"><div class=\"mb0 mb16 mb-xs-40 text-left\"><h5 style=\"color:#00405a!important;font-size:32px;line-height:42px;text-transform: none!important;\" class=\"widgettitle mb10\">Colombia: una historia m\u00ednima<\/h5><div style=\"color:#ba1039!important;font-size:20px;line-height:25px;text-transform: none!important;\" class=\"widgetsubtitle\">JORGE ORLANDO MELO GONZ\u00c1LEZ<\/div><\/div><\/div><div class=\"tlg-spacer \" data-height=\"20\" data-height-tablet=\"20\" data-height-mobile=\"20\" style=\"clear:both;display:block;height:20px;\"><\/div>[vc_column_text]<strong class=\"rojo\">Rese\u00f1a<\/strong><br \/>\nPor muchos a\u00f1os, la historia de Colombia fue escrita con base en el conflicto armado -quiz\u00e1s uno de los m\u00e1s antiguos del mundo- y en la f\u00e9rrea lucha contra el narcotr\u00e1fico, ofreciendo una visi\u00f3n sesgada de lo que en realidad representa. El autor presenta m\u00faltiples datos de inter\u00e9s a nivel econ\u00f3mico, social, cultural e hist\u00f3rico que hacen de Colombia un territorio pr\u00f3spero, constituido a base de la diversidad como factor diferenciador.<\/p>\n<p>Colombia es un pa\u00eds de 48 millones de habitantes ubicado al norte de Sudam\u00e9rica con salida a los oc\u00e9anos Pac\u00edfico y Atl\u00e1ntico. Posee adem\u00e1s varios climas y pisos t\u00e9rmicos que facilitan la diversidad de cultivos, una importante reserva forestal \u2013incluida la selva amaz\u00f3nica- y de fauna, tres cadenas monta\u00f1osas que se desprenden de la cordillera de los Andes y m\u00faltiples afluentes que funcionan como medio de transporte y de subsistencia para sus habitantes. La informaci\u00f3n presentada a manera introductoria es apenas la punta del iceberg de todo lo que hay por descubrir de este territorio y la importancia que tiene a nivel regional y local.<\/p>\n<p>Estas p\u00e1ginas tambi\u00e9n describen la historia de Colombia desde los primeros pobladores hasta nuestros d\u00edas, pasando por la Colonia, la Independencia, la creaci\u00f3n de la Rep\u00fablica, los ires y venires pol\u00edticos del siglo XIX y primera mitad del XX, la Violencia, los grandes cambios de finales del siglo pasado y los retos del nuevo siglo. De igual forma, se presentan las costumbres de los habitantes, la gastronom\u00eda de las regiones, la econom\u00eda y el papel de la mujer en la sociedad, lo que permite al lector tener una visi\u00f3n integral y entender los diferentes procesos sociales, pol\u00edticos y econ\u00f3micos de Colombia en la actualidad.<\/p>\n<p><strong class=\"rojo\">Ficha t\u00e9cnica<\/strong><br \/>\nCategor\u00eda: ensayo-historia<br \/>\nISBN: 978-958-42-8772-4<br \/>\nFecha de publicaci\u00f3n: 21\/09\/2020<br \/>\nN\u00famero de p\u00e1ginas: 391<br \/>\nFormato: 16 x 24 cm<br \/>\nIdiomas libres de derechos: todos[\/vc_column_text][\/vc_column_inner][\/vc_row_inner][\/vc_column][\/vc_row][vc_row full_width=\u00bbstretch_row_content_no_spaces\u00bb tlg_large_container=\u00bbwide-container\u00bb tlg_background_style=\u00bbbg-secondary\u00bb tlg_padding=\u00bbpt64 pb64&#8243; css=\u00bb.vc_custom_1568948249704{background-color: #edeaed !important;}\u00bb][vc_column css_animation=\u00bbslideInUp\u00bb width=\u00bb1\/6&#8243;][vc_column_text]<a href=\"https:\/\/camlibro.com.co\/reading_colombia\/editoriales-2022\/grupo-planeta-2022\/\">|\u00ab Volver a la editorial<\/a><em><br \/>\n<\/em>[\/vc_column_text][\/vc_column][vc_column width=\u00bb1\/6&#8243;][\/vc_column][vc_column width=\u00bb1\/6&#8243;][\/vc_column][vc_column width=\u00bb1\/6&#8243;][\/vc_column][vc_column width=\u00bb1\/6&#8243;][\/vc_column][vc_column width=\u00bb1\/6&#8243;][vc_column_text]<a href=\"https:\/\/camlibro.com.co\/reading_colombia\/editoriales-2022\/himpar-editores-2022\/lengua-rosa-afuera-gata-ciega-2022\/\">Siguiente libro \u00bb|<\/a><em><br \/>\n<\/em>[\/vc_column_text][\/vc_column][\/vc_row][vc_row el_class=\u00bbfila_autor\u00bb][vc_column css_animation=\u00bbslideInUp\u00bb][vc_row_inner el_class=\u00bbfila_titulo02&#8243;][vc_column_inner width=\u00bb1\/4&#8243;][vc_single_image image=\u00bb7697&#8243; img_size=\u00bbfull\u00bb alignment=\u00bbcenter\u00bb][\/vc_column_inner][vc_column_inner width=\u00bb3\/4&#8243;]<div class=\"headings-title \"><div class=\"mb0 mb16 mb-xs-40 text-left\"><h5 style=\"color:#00405a!important;font-size:25px;line-height:35px;text-transform: none!important;\" class=\"widgettitle mb10\">Biograf\u00eda del autor<\/h5><\/div><\/div>[vc_column_text]<strong class=\"rojo2\">Jorge Orlando Melo Gonz\u00e1lez.<\/strong> Licenciado en Filosof\u00eda y Letras de la Universidad Nacional de Colombia y mag\u00edster en Historia Latinoamericana de la Universidad de North Carolina. Estudi\u00f3 tambi\u00e9n Historia en la Universidad de Oxford. Fue profesor de las Universidades Nacional y del Valle, en Colombia, y de Duke University y Clacso. Tambi\u00e9n fue director del Centro de Estudios para el Desarrollo y del Instituto de Estudios Pol\u00edticos y Relaciones Internacionales de la Universidad Nacional. De 1990 a 1994 fue consejero presidencial para Derechos Humanos y para Medell\u00edn. De 1994 a 2005 dirigi\u00f3 la Biblioteca Luis \u00c1ngel Arango y entre 2012 y 2014 fue Decano de Ciencias Sociales de la Universidad Jorge Tadeo Lozano. Es autor, entre otros libros, de El establecimiento de la dominaci\u00f3n espa\u00f1ola, Sobre historia y pol\u00edtica, Predecir el pasado y Ensayos de historiograf\u00eda colombiana, y ha sido el coordinador de varios trabajos colectivos, como Historia de Medell\u00edn, Historia de Antioquia y Colombia 1960-2010: la b\u00fasqueda de la democracia.[\/vc_column_text][\/vc_column_inner][\/vc_row_inner]<div class=\" vc_custom_1664925719671 ubtn-ctn-center \"><a class=\"ubtn-link ult-adjust-bottom-margin ubtn-center ubtn-normal \" href=\"https:\/\/camlibro.com.co\/reading_colombia\/editoriales-2022\/\" title=\"Editoriales 2022\" ><button type=\"button\" id=\"ubtn-4420\"  class=\"ubtn ult-adjust-bottom-margin ult-responsive ubtn-normal ubtn-no-hover-bg  none  ubtn-center   tooltip-69de8d683896f\"  data-hover=\"#00455a\" data-border-color=\"\" data-bg=\"#00455a\" data-hover-bg=\"#ffffff\" data-border-hover=\"\" data-shadow-hover=\"\" data-shadow-click=\"none\" data-shadow=\"\" data-shd-shadow=\"\"  data-ultimate-target='#ubtn-4420'  data-responsive-json-new='{\"font-size\":\"desktop:15px;\",\"line-height\":\"desktop:20px;\"}'  style=\"font-weight:normal;border:none;background: #00455a;color: #e0e0e0;\"><span class=\"ubtn-hover\" style=\"background-color:#ffffff\"><\/span><span class=\"ubtn-data ubtn-text \" >Volver al listado de editoriales<\/span><\/button><\/a><\/div>[\/vc_column][\/vc_row][vc_row disable_element=\u00bbyes\u00bb tlg_padding=\u00bbpt0 pb0&#8243; css=\u00bb.vc_custom_1661200347054{padding-top: 20px !important;padding-bottom: 20px !important;background-color: #edeaed !important;}\u00bb][vc_column][vc_row_inner][vc_column_inner width=\u00bb1\/5&#8243;][vc_single_image image=\u00bb5849&#8243; img_size=\u00bbfull\u00bb alignment=\u00bbcenter\u00bb onclick=\u00bbcustom_link\u00bb img_link_target=\u00bb_blank\u00bb link=\u00bbhttp:\/\/www.mincultura.gov.co\/Paginas\/default.aspx\u00bb][\/vc_column_inner][vc_column_inner width=\u00bb1\/5&#8243;][vc_single_image image=\u00bb5850&#8243; img_size=\u00bbfull\u00bb alignment=\u00bbcenter\u00bb][\/vc_column_inner][vc_column_inner width=\u00bb1\/5&#8243;][vc_single_image image=\u00bb5848&#8243; img_size=\u00bbfull\u00bb alignment=\u00bbcenter\u00bb onclick=\u00bbcustom_link\u00bb img_link_target=\u00bb_blank\u00bb link=\u00bbhttps:\/\/bibliotecanacional.gov.co\/es-co\u00bb][\/vc_column_inner][vc_column_inner width=\u00bb1\/5&#8243;][vc_single_image image=\u00bb7054&#8243; img_size=\u00bbfull\u00bb alignment=\u00bbcenter\u00bb onclick=\u00bbcustom_link\u00bb img_link_target=\u00bb_blank\u00bb link=\u00bbhttps:\/\/bibliotecanacional.gov.co\/es-co\u00bb][\/vc_column_inner][vc_column_inner width=\u00bb1\/5&#8243;][vc_single_image image=\u00bb5847&#8243; img_size=\u00bbfull\u00bb alignment=\u00bbcenter\u00bb onclick=\u00bbcustom_link\u00bb img_link_target=\u00bb_blank\u00bb link=\u00bbhttps:\/\/camlibro.com.co\/\u00bb][\/vc_column_inner][\/vc_row_inner][\/vc_column][\/vc_row]<\/p>\n","protected":false},"excerpt":{"rendered":"<p>[vc_row full_width=\u00bbstretch_row\u00bb css=\u00bb.vc_custom_1568944382506{background-color: #ffffff !important;}\u00bb][vc_column][vc_row_inner][vc_column_inner width=\u00bb1\/5&#8243;][\/vc_column_inner][vc_column_inner width=\u00bb1\/5&#8243;][\/vc_column_inner][vc_column_inner width=\u00bb1\/5&#8243;][vc_single_image image=\u00bb5468&#8243; img_size=\u00bbfull\u00bb alignment=\u00bbcenter\u00bb onclick=\u00bbcustom_link\u00bb link=\u00bbhttps:\/\/camlibro.com.co\/reading_colombia\/editoriales-2022\/grupo-planeta-2022\/\u00bb][\/vc_column_inner][vc_column_inner width=\u00bb1\/5&#8243;][\/vc_column_inner][vc_column_inner width=\u00bb1\/5&#8243;][\/vc_column_inner][\/vc_row_inner][\/vc_column][\/vc_row][vc_row tlg_background_style=\u00bbbg-secondary\u00bb&#8230;<\/p>\n","protected":false},"author":2,"featured_media":0,"parent":7607,"menu_order":0,"comment_status":"closed","ping_status":"closed","template":"","meta":[],"translation":{"provider":"WPGlobus","version":"2.12.2","language":"es","enabled_languages":["es","en"],"languages":{"es":{"title":true,"content":true,"excerpt":false},"en":{"title":true,"content":true,"excerpt":false}}},"_links":{"self":[{"href":"https:\/\/camlibro.com.co\/reading_colombia\/wp-json\/wp\/v2\/pages\/7827"}],"collection":[{"href":"https:\/\/camlibro.com.co\/reading_colombia\/wp-json\/wp\/v2\/pages"}],"about":[{"href":"https:\/\/camlibro.com.co\/reading_colombia\/wp-json\/wp\/v2\/types\/page"}],"author":[{"embeddable":true,"href":"https:\/\/camlibro.com.co\/reading_colombia\/wp-json\/wp\/v2\/users\/2"}],"replies":[{"embeddable":true,"href":"https:\/\/camlibro.com.co\/reading_colombia\/wp-json\/wp\/v2\/comments?post=7827"}],"version-history":[{"count":9,"href":"https:\/\/camlibro.com.co\/reading_colombia\/wp-json\/wp\/v2\/pages\/7827\/revisions"}],"predecessor-version":[{"id":8330,"href":"https:\/\/camlibro.com.co\/reading_colombia\/wp-json\/wp\/v2\/pages\/7827\/revisions\/8330"}],"up":[{"embeddable":true,"href":"https:\/\/camlibro.com.co\/reading_colombia\/wp-json\/wp\/v2\/pages\/7607"}],"wp:attachment":[{"href":"https:\/\/camlibro.com.co\/reading_colombia\/wp-json\/wp\/v2\/media?parent=7827"}],"curies":[{"name":"wp","href":"https:\/\/api.w.org\/{rel}","templated":true}]}}