{"id":7912,"date":"2022-10-04T22:02:40","date_gmt":"2022-10-05T03:02:40","guid":{"rendered":"https:\/\/camlibro.com.co\/reading_colombia\/?page_id=7912"},"modified":"2022-12-14T13:22:47","modified_gmt":"2022-12-14T18:22:47","slug":"lengua-rosa-afuera-gata-ciega-2022","status":"publish","type":"page","link":"https:\/\/camlibro.com.co\/reading_colombia\/editoriales-2022\/himpar-editores-2022\/lengua-rosa-afuera-gata-ciega-2022\/","title":{"rendered":"Lengua rosa afuera, gata ciega 2022"},"content":{"rendered":"<p>[vc_row full_width=\u00bbstretch_row\u00bb css=\u00bb.vc_custom_1568944382506{background-color: #ffffff !important;}\u00bb][vc_column]<div class=\"tlg-spacer \" data-height=\"80\" data-height-tablet=\"40\" data-height-mobile=\"40\" style=\"clear:both;display:block;height:80px;\"><\/div>[vc_row_inner][vc_column_inner width=\u00bb1\/5&#8243;][\/vc_column_inner][vc_column_inner width=\u00bb1\/5&#8243;][\/vc_column_inner][vc_column_inner width=\u00bb1\/5&#8243;][vc_single_image image=\u00bb5469&#8243; img_size=\u00bbfull\u00bb alignment=\u00bbcenter\u00bb onclick=\u00bbcustom_link\u00bb link=\u00bbhttps:\/\/camlibro.com.co\/reading_colombia\/editoriales-2022\/himpar-editores-2022\/\u00bb][\/vc_column_inner][vc_column_inner width=\u00bb1\/5&#8243;][\/vc_column_inner][vc_column_inner width=\u00bb1\/5&#8243;][\/vc_column_inner][\/vc_row_inner][\/vc_column][\/vc_row][vc_row tlg_background_style=\u00bbbg-secondary\u00bb tlg_padding=\u00bbpb0&#8243; css=\u00bb.vc_custom_1568948194274{background-color: #edeaed !important;}\u00bb][vc_column css_animation=\u00bbslideInUp\u00bb][vc_row_inner el_class=\u00bbfila_titulo02&#8243;][vc_column_inner width=\u00bb1\/3&#8243;][vc_single_image image=\u00bb7619&#8243; img_size=\u00bbfull\u00bb alignment=\u00bbcenter\u00bb][\/vc_column_inner][vc_column_inner width=\u00bb2\/3&#8243;]<div class=\"headings-title \"><div class=\"mb0 mb16 mb-xs-40 text-left\"><h5 style=\"color:#00405a!important;font-size:32px;line-height:42px;text-transform: none!important;\" class=\"widgettitle mb10\">Lengua rosa afuera, gata ciega<\/h5><div style=\"color:#ba1039!important;font-size:20px;line-height:25px;text-transform: none!important;\" class=\"widgetsubtitle\">MAR\u00cdA PAZ GUERRERO<\/div><\/div><\/div><div class=\"tlg-spacer \" data-height=\"20\" data-height-tablet=\"20\" data-height-mobile=\"20\" style=\"clear:both;display:block;height:20px;\"><\/div>[vc_column_text]<strong class=\"rojo\">Rese\u00f1a<\/strong><br \/>\nHimpar editores inaugura su colecci\u00f3n de poes\u00eda con el nuevo libro de Mar\u00eda Paz Guerrero, una de las voces m\u00e1s audaces de la poes\u00eda colombiana contempor\u00e1nea.<\/p>\n<p>Este libro no es la excepci\u00f3n a las b\u00fasquedas de Guerrero: es experimental y est\u00e1 lleno de humor desgarrador. Lengua rosa afuera combina la exploraci\u00f3n de lo animal con el habla popular; juega con la materialidad de la carne y la lengua.<\/p>\n<p><strong class=\"rojo\">Ficha t\u00e9cnica<\/strong><br \/>\nCategor\u00eda: poes\u00eda<br \/>\nISBN: 978-958-52825-8-2<br \/>\nFecha de publicaci\u00f3n: 20\/10\/2021<br \/>\nN\u00famero de p\u00e1ginas: 80<br \/>\nFormato: 13 x 21 cm<br \/>\nIdiomas libres de derechos: todos[\/vc_column_text][\/vc_column_inner][\/vc_row_inner][\/vc_column][\/vc_row][vc_row full_width=\u00bbstretch_row_content_no_spaces\u00bb tlg_large_container=\u00bbwide-container\u00bb tlg_background_style=\u00bbbg-secondary\u00bb tlg_padding=\u00bbpt64 pb64&#8243; css=\u00bb.vc_custom_1568948249704{background-color: #edeaed !important;}\u00bb][vc_column css_animation=\u00bbslideInUp\u00bb width=\u00bb1\/6&#8243;][vc_column_text]<a href=\"https:\/\/camlibro.com.co\/reading_colombia\/editoriales-2022\/himpar-editores-2022\/\">|\u00ab Volver a la editorial<\/a><em><br \/>\n<\/em>[\/vc_column_text][\/vc_column][vc_column width=\u00bb1\/6&#8243;][\/vc_column][vc_column width=\u00bb1\/6&#8243;][\/vc_column][vc_column width=\u00bb1\/6&#8243;][\/vc_column][vc_column width=\u00bb1\/6&#8243;][\/vc_column][vc_column width=\u00bb1\/6&#8243;][vc_column_text]<a href=\"https:\/\/camlibro.com.co\/reading_colombia\/editoriales-2022\/laguna-libros-2022\/la-paramera\/\">Siguiente libro \u00bb|<\/a><em><br \/>\n<\/em>[\/vc_column_text][\/vc_column][\/vc_row][vc_row el_class=\u00bbfila_autor\u00bb][vc_column css_animation=\u00bbslideInUp\u00bb][vc_row_inner el_class=\u00bbfila_titulo02&#8243;][vc_column_inner width=\u00bb1\/4&#8243;][vc_single_image image=\u00bb7708&#8243; img_size=\u00bbfull\u00bb alignment=\u00bbcenter\u00bb][\/vc_column_inner][vc_column_inner width=\u00bb3\/4&#8243;]<div class=\"headings-title \"><div class=\"mb0 mb16 mb-xs-40 text-left\"><h5 style=\"color:#00405a!important;font-size:25px;line-height:35px;text-transform: none!important;\" class=\"widgettitle mb10\">Biograf\u00eda del autor<\/h5><\/div><\/div>[vc_column_text]<strong class=\"rojo2\">Mar\u00eda Paz Guerrero.<\/strong> Naci\u00f3 en Bogot\u00e1, Colombia. Es autora de los poemarios Los analfabetas (La jaula publicaciones, 2020) y Dios tambi\u00e9n es una perra (Caj\u00f3n de Sastre, 2018), de la selecci\u00f3n y pr\u00f3logo de La generaci\u00f3n sin nombre. Una antolog\u00eda (Universidad Central, 2019) y del ensayo: \u201cEl dolor de estar vivo en Los poemas p\u00f3stumos de C\u00e9sar Vallejo\u201d (Universidad de los Andes, 2006). Sus poemas aparecen en las antolog\u00edas P\u00e1jaros de sombra.<\/p>\n<p>Diecisiete poetas colombianas, 1989-1964 (Vaso Roto, 2019) y Moradas interiores. Cuatro poetas colombianas (Universidad Javeriana, colecci\u00f3n de poes\u00eda, 2016). Su poemario Dios tambi\u00e9n es una perra est\u00e1 traducido al ingl\u00e9s como God is a Bitch Too (Ugly Duckling Press, Nueva York , 2020). Mar\u00eda Paz es literata de la Universidad de los Andes, M\u00e1ster en Literatura Comparada de la Universidad de la Sorbona Nueva, Par\u00eds, y actualmente cursa un doctorado en Teor\u00eda de la Literatura en la Universidad de Zaragoza. Trabaja como profesora de tiempo completo en el departamento de Creaci\u00f3n Literaria en la Universidad Central en Bogot\u00e1[\/vc_column_text][\/vc_column_inner][\/vc_row_inner]<div class=\" vc_custom_1664938593447 ubtn-ctn-center \"><a class=\"ubtn-link ult-adjust-bottom-margin ubtn-center ubtn-normal \" href=\"https:\/\/camlibro.com.co\/reading_colombia\/editoriales-2022\/\" title=\"Editoriales 2022\" ><button type=\"button\" id=\"ubtn-5775\"  class=\"ubtn ult-adjust-bottom-margin ult-responsive ubtn-normal ubtn-no-hover-bg  none  ubtn-center   tooltip-69deb62d1e69e\"  data-hover=\"#00455a\" data-border-color=\"\" data-bg=\"#00455a\" data-hover-bg=\"#ffffff\" data-border-hover=\"\" data-shadow-hover=\"\" data-shadow-click=\"none\" data-shadow=\"\" data-shd-shadow=\"\"  data-ultimate-target='#ubtn-5775'  data-responsive-json-new='{\"font-size\":\"desktop:15px;\",\"line-height\":\"desktop:20px;\"}'  style=\"font-weight:normal;border:none;background: #00455a;color: #e0e0e0;\"><span class=\"ubtn-hover\" style=\"background-color:#ffffff\"><\/span><span class=\"ubtn-data ubtn-text \" >Volver al listado de editoriales<\/span><\/button><\/a><\/div>[\/vc_column][\/vc_row]<\/p>\n","protected":false},"excerpt":{"rendered":"<p>[vc_row full_width=\u00bbstretch_row\u00bb css=\u00bb.vc_custom_1568944382506{background-color: #ffffff !important;}\u00bb][vc_column][vc_row_inner][vc_column_inner width=\u00bb1\/5&#8243;][\/vc_column_inner][vc_column_inner width=\u00bb1\/5&#8243;][\/vc_column_inner][vc_column_inner width=\u00bb1\/5&#8243;][vc_single_image image=\u00bb5469&#8243; img_size=\u00bbfull\u00bb alignment=\u00bbcenter\u00bb onclick=\u00bbcustom_link\u00bb link=\u00bbhttps:\/\/camlibro.com.co\/reading_colombia\/editoriales-2022\/himpar-editores-2022\/\u00bb][\/vc_column_inner][vc_column_inner width=\u00bb1\/5&#8243;][\/vc_column_inner][vc_column_inner width=\u00bb1\/5&#8243;][\/vc_column_inner][\/vc_row_inner][\/vc_column][\/vc_row][vc_row tlg_background_style=\u00bbbg-secondary\u00bb&#8230;<\/p>\n","protected":false},"author":2,"featured_media":0,"parent":7617,"menu_order":0,"comment_status":"closed","ping_status":"closed","template":"","meta":[],"translation":{"provider":"WPGlobus","version":"2.12.2","language":"es","enabled_languages":["es","en"],"languages":{"es":{"title":true,"content":true,"excerpt":false},"en":{"title":true,"content":true,"excerpt":false}}},"_links":{"self":[{"href":"https:\/\/camlibro.com.co\/reading_colombia\/wp-json\/wp\/v2\/pages\/7912"}],"collection":[{"href":"https:\/\/camlibro.com.co\/reading_colombia\/wp-json\/wp\/v2\/pages"}],"about":[{"href":"https:\/\/camlibro.com.co\/reading_colombia\/wp-json\/wp\/v2\/types\/page"}],"author":[{"embeddable":true,"href":"https:\/\/camlibro.com.co\/reading_colombia\/wp-json\/wp\/v2\/users\/2"}],"replies":[{"embeddable":true,"href":"https:\/\/camlibro.com.co\/reading_colombia\/wp-json\/wp\/v2\/comments?post=7912"}],"version-history":[{"count":12,"href":"https:\/\/camlibro.com.co\/reading_colombia\/wp-json\/wp\/v2\/pages\/7912\/revisions"}],"predecessor-version":[{"id":8331,"href":"https:\/\/camlibro.com.co\/reading_colombia\/wp-json\/wp\/v2\/pages\/7912\/revisions\/8331"}],"up":[{"embeddable":true,"href":"https:\/\/camlibro.com.co\/reading_colombia\/wp-json\/wp\/v2\/pages\/7617"}],"wp:attachment":[{"href":"https:\/\/camlibro.com.co\/reading_colombia\/wp-json\/wp\/v2\/media?parent=7912"}],"curies":[{"name":"wp","href":"https:\/\/api.w.org\/{rel}","templated":true}]}}